{"id":676985,"date":"2025-11-17T17:25:28","date_gmt":"2025-11-17T14:25:28","guid":{"rendered":"https:\/\/nbg.eu\/product\/termovizijska-ciljka-nocpix-ace-s60r-rail-zeiss\/"},"modified":"2026-04-14T17:21:08","modified_gmt":"2026-04-14T14:21:08","slug":"termovizijska-ciljka-nocpix-ace-s60r-rail-zeiss","status":"publish","type":"product","link":"https:\/\/nbg.eu\/hr\/proizvod\/termovizijska-ciljka-nocpix-ace-s60r-rail-zeiss\/","title":{"rendered":"Nocpix Termalni Ni\u0161an ACE S60R ZEISS RAIL"},"content":{"rendered":"<h2>NocPix ACE S60R termalni ni\u0161an<\/h2>\n<p>NocPix ACE S60R termalni ni\u0161an je potpuno novi, vrhunski alat dizajniran za elitne lovce koji zahtijevaju najvi\u0161e performanse u najizazovnijim okru\u017eenjima. Zahvaljuju\u0107i naprednoj tehnologiji i izdr\u017eljivoj konstrukciji, ovaj vode\u0107i termalni ni\u0161an dizajniran je kako bi vam pomogao vladati no\u0107u i ukrotiti divlja\u010d. Bilo da skenirate plijen na velikim udaljenostima ili pratite brzo-pokretne ciljeve, ACE S60R pru\u017ea neprimjerenu jasno\u0107u, preciznost i pouzdanost.<\/p>\n<p>U srcu ovog izvanrednog ni\u0161ana nalazi se Gen-2 HD termalni senzor s impresivnom rezolucijom od 1280\u00d71024 i ultra-osjetljivim NETD vrijednosti od \u226415mK. Ovaj senzor sljede\u0107e generacije omogu\u0107uje ACE S60R-u da osjeti i najmanje promjene u temperaturi, pru\u017eaju\u0107i jasne, detaljne termalne slike u realnom vremenu. Uz frekvenciju od 50 Hz, ni\u0161an pru\u017ea glatke vizualne efekte koji prate brzinu va\u0161eg cilja, omogu\u0107uju\u0107i vam da ga zaklju\u010date s neprimjerenom precizno\u0161\u0107u.<\/p>\n<p>NocPix ACE S60R tako\u0111er ima objektiv od 60mm\/F1.0 koji prikuplja 20% vi\u0161e svjetla od standardnih ni\u0161ana, daju\u0107i vam svjetlije i jasnije slike \u010dak i u najcrnijim uvjetima. Njegov vrhunski dugodometni domet od do 3100 metara omogu\u0107uje vam lako identificiranje i pra\u0107enje udaljenih ciljeva, pru\u017eaju\u0107i kriti\u010dnu prednost za dugometno lovstvo i strelja\u010dke scenarije. Kombinirano s NocPix-ovim vlasni\u010dkim algoritmom za obradu Reality+ slike, ACE S60R zna\u010dajno smanjuje okoli\u0161nu buku, pru\u017eaju\u0107i o\u0161tre, visoko-kontrastne slike svaki put.<\/p>\n<p>Za one koji \u017eele jo\u0161 vi\u0161e vizualne jasno\u0107e, ACE S60R je opremljen inovativnim Vision+ sustavom. Okrugli 1.03-in\u010dni 2560\u00d72560 AMOLED zaslon, u kombinaciji s vode\u0107u industrijskom okularnom pove\u0107anjem, pru\u017ea neprimjeren opti\u010dki domet bez zamu\u0107enja ili izobli\u010denja tipi\u010dno povezanih s elektronskim pove\u0107anjem. Ova prekretna tehnologija osigurava da u\u017eivate u kristalno jasnom pogledu i \u0161irokom vidnom polju, bilo da se pribli\u017eavate svom cilju ili skenirate okolinu.<\/p>\n<p>Preciznost je klju\u010dna kada je u pitanju lovstvo, a ACE S60R to ne razo\u010darava. Njegov ugra\u0111eni laserski daljinomjer (LRF) nudi precizna mjerenja do 1200 metara. LRF je besprijekorno integriran u moderan dizajn, odr\u017eavaju\u0107i pravu opti\u010dku osovinu poravnanja, omogu\u0107uju\u0107i vam izra\u010dun preciznih raspona bez ometanja fokusa. Uz ugra\u0111enu balisti\u010dku funkcionalnost, ACE S60R osigurava da va\u0161i hitci budu precizni, uzimaju\u0107i u obzir svaki \u010dimbenik za besprijekornu to\u010dnost.<\/p>\n<p>Dizajniran s lovcima na umu, NocPix ACE S60R tako\u0111er se mo\u017ee pohvaliti dvostrukim baterijskim sustavom s ugra\u0111enom 4000mAh baterijom i odvojivom 18650 baterijom za produ\u017eenu upotrebu na terenu. Nema vi\u0161e brige oko nestanka energije usred lova &#8211; ovaj je sustav dizajniran da traje jednako dugo kao i va\u0161e avanture. Dodatne zna\u010dajke poput automatskog isklju\u010divanja zaslona, video snimanja aktiviranog trzajem i dizajna bez poklopca \u010dine ovaj termalni ni\u0161an pravim igra\u010dem u polju.<\/p>\n<p>Izra\u0111en za najgrublje vanjske uvjete, ACE S60R je napravljen od visoko\u010dvrstog aluminijske legure, temeljito testiran da izdr\u017ei ekstremne udare i grubi rad. Ocijenjen IP67 za otpornost na vodu, savr\u0161eno funkcionira na ki\u0161i, u pra\u0161ini i u zahtjevnim okru\u017eenjima, osiguravaju\u0107i da je va\u0161 ni\u0161an jednako izdr\u017eljiv kao i va\u0161i lova\u010dki instinkti.<\/p>\n<p>NocPix ACE S60R vi\u0161e je od samo terminalnog ni\u0161ana &#8211; to je ultimativni lova\u010dki pratitelj. S vrhunskom tehnologijom, izvanrednom izdr\u017eljivo\u0161\u0107u i nizom naprednih zna\u010dajki dizajniranih da unaprijede va\u0161e lova\u010dko iskustvo, ovaj ni\u0161an \u0107e redefinirati va\u0161a o\u010dekivanja od va\u0161e opreme. Pripremite se da zavladate no\u0107u.<\/p>\n","protected":false},"excerpt":{"rendered":"<p>Nocpix ACE S60R toplinski dvodgled sofisticiran je alat namijenjen za vrhunske lovce, s naprednom tehnologijom, \u010dvrstom konstrukcijom i zna\u010dajkama poput Gen-2 HD toplinskog senzora, Vision+ sustava, integriranog laserskog daljinomjera i dvostrukog sustava baterija za vr\u0161ne performanse u zahtjevnim okru\u017eenjima.<br \/>\nAko artikl nije dostupan, kontaktirajte nas: shop@nbg.eu ili +359896147790<\/p>\n","protected":false},"featured_media":677599,"template":"","meta":{"_acf_changed":false},"product_brand":[14446],"product_cat":[13540],"product_tag":[],"class_list":{"0":"post-676985","1":"product","2":"type-product","3":"status-publish","4":"has-post-thumbnail","6":"product_brand-nocpix","7":"product_cat-termovizija","9":"first","10":"instock","11":"taxable","12":"shipping-taxable","13":"purchasable","14":"product-type-simple"},"acf":[],"_links":{"self":[{"href":"https:\/\/nbg.eu\/hr\/wp-json\/wp\/v2\/product\/676985","targetHints":{"allow":["GET"]}}],"collection":[{"href":"https:\/\/nbg.eu\/hr\/wp-json\/wp\/v2\/product"}],"about":[{"href":"https:\/\/nbg.eu\/hr\/wp-json\/wp\/v2\/types\/product"}],"wp:featuredmedia":[{"embeddable":true,"href":"https:\/\/nbg.eu\/hr\/wp-json\/wp\/v2\/media\/677599"}],"wp:attachment":[{"href":"https:\/\/nbg.eu\/hr\/wp-json\/wp\/v2\/media?parent=676985"}],"wp:term":[{"taxonomy":"product_brand","embeddable":true,"href":"https:\/\/nbg.eu\/hr\/wp-json\/wp\/v2\/product_brand?post=676985"},{"taxonomy":"product_cat","embeddable":true,"href":"https:\/\/nbg.eu\/hr\/wp-json\/wp\/v2\/product_cat?post=676985"},{"taxonomy":"product_tag","embeddable":true,"href":"https:\/\/nbg.eu\/hr\/wp-json\/wp\/v2\/product_tag?post=676985"}],"curies":[{"name":"wp","href":"https:\/\/api.w.org\/{rel}","templated":true}]}}