{"id":677684,"date":"2025-11-17T17:25:33","date_gmt":"2025-11-17T14:25:33","guid":{"rendered":"https:\/\/nbg.eu\/product\/toplinska-vizija-nocpix-ace-h50r-12um-640x512-15mk-netd\/"},"modified":"2026-04-14T15:45:09","modified_gmt":"2026-04-14T12:45:09","slug":"toplinska-vizija-nocpix-ace-h50r-12um-640x512-15mk-netd","status":"publish","type":"product","link":"https:\/\/nbg.eu\/hr\/proizvod\/toplinska-vizija-nocpix-ace-h50r-12um-640x512-15mk-netd\/","title":{"rendered":"Nocpix Termalni Ni\u0161an ACE H50R"},"content":{"rendered":"<h2>NocPix ACE H50R toplinska pu\u0161\u010darska optika<\/h2>\n<p>NocPix ACE H50R toplinska pu\u0161\u010darska optika kombinira naprednu tehnologiju s izdr\u017eljivom izvedbom za neprekosiv lova\u010dki do\u017eivljaj. Odlikuje se toplinskim senzorom visoke rezolucije od 640&#215;512 s NETD vrijednosti \u226412mK za iznimnu jasno\u0107u slike, domet detekcije od 3100 metara i integriranim LRF-om za precizna mjerenja do 1200 metara. Inovativni Vision+ sustav nudi okulanu pove\u0107icu za jasne prikaze iz blizine, dok dvostruki baterijski sustav osigurava dugotrajnu uporabu. Izra\u0111ena od visoko\u010dvrstog aluminijske legure i ocjenjene IP67 otpornosti, ova pu\u0161\u010darska optika dizajnirana je za izvrsne performanse u bilo kojem vanjskom okru\u017eenju i prilagodbu svakoj situaciji.<\/p>\n<p>NocPix ACE H50 toplinska pu\u0161\u010darska optika je vrhunski alat dizajniran za redefiniranje lova\u010dkog do\u017eivljaja, bilo da se kre\u0107ete kroz mrak no\u0107i ili progonite plijen kroz zahtjevni teren. Kao dio NocPix-ovog vrhunskog ACE niza, ova toplinska opti\u010dka ciljnica isti\u010de se po svojoj kvaliteti slike i preciznosti, zahvaljuju\u0107i visoko razvijenomtoplinskom senzoru velike rezolucije i naprednim Reality+ i Vision+ sustavima.<\/p>\n<p>U srcu NocPix ACE H50R nalazi se Gen-2 HD toplinski senzor, koji se di\u010di rezolucijom od 640&#215;512 i brzinom osvje\u017eavanja od 60 Hz, nude\u0107i nevjerojatno stabilne performanse. S NETD vrijednosti od \u226412mK, ova optika otkriva i najmanje temperaturne razlike, pru\u017eaju\u0107i detaljne i glatke toplinske slike, idealne za pra\u0107enje brzih ciljeva u stvarnom vremenu. Napredni Reality+ algoritam za obradu slike dodatno unapre\u0111uje ovo time \u0161to eliminira \u0161um okolne temperature, pru\u017eaju\u0107i bolji kontrast i jasno\u0107u \u010dak i u zahtjevnim lova\u010dkim uvjetima.<\/p>\n<p>ACE H50R opremljen je le\u0107om od 50 mm\/F0.9 koja omogu\u0107uje 20% vi\u0161e svjetla da dospije do senzora, stvaraju\u0107i svjetlije i jasnije slike. To je klju\u010dno za lovce koji te\u017ee preciznosti, jer pobolj\u0161ana propusnost svjetla pru\u017ea bolju vidljivost u slabom osvjetljenju. Osim toga, raspon detekcije od 3100 metara izdvaja ACE, \u010dine\u0107i identifikaciju i pra\u0107enje udaljenih ciljeva lak\u0161im i u\u010dinkovitijim nego ikada.<\/p>\n<p>Integrirani Vision+ sustav pobolj\u0161ava vizualno iskustvo s 1,03-in\u010dnim kru\u017enim AMOLED zaslonom visoke rezolucije od 2560&#215;2560. Njegov opti\u010dki sustav pove\u0107avanja, dizajniran za izbjegavanje zamagljivanja i izobli\u010denja karakteristi\u010dnih za tradicionalne elektronske pove\u0107ice, osigurava lovcima jasne, visokokvalitetne prikaze iz blizine bez gubitka detalja. To pru\u017ea uranjaju\u0107i, udoban do\u017eivljaj gledanja, bilo da promatrate plijen iz daljine ili pove\u0107avate za precizno ga\u0111anje.<\/p>\n<p>Izra\u0111en za produ\u017eenu uporabu na terenu, ACE ima dvostruki baterijski sustav s ugra\u0111enom baterijom od 4000 mAh i dodatnom izmjenjivom baterijom od 18650, omogu\u0107uju\u0107i neprekinuti rad tijekom dugih lova\u010dkih izleta. Izdr\u017eljivi dizajn od visoko\u010dvrsto\u0107e aluminijske legure osigurava da ACE mo\u017ee izdr\u017eati te\u0161ke vanjsko okru\u017eenje i intenzivnu upotrebu, nakon \u0161to je pro\u0161ao rigorozna testiranja otpornosti na udarce. S IP67 ocjenom vodootpornosti, optika ostaje pouzdana u nepovoljnim vremenskim uvjetima, pru\u017eaju\u0107i lovcima mir uma bez obzira na okru\u017eenje.<\/p>\n<p>Dizajniran s lovcima na umu, NocPix ACE H50R uklju\u010duje klju\u010dne zna\u010dajke poput video snimanja aktiviranog trzajem i konstrukciju bez zatvara\u010da za besprijekornu upotrebu na terenu. S prakti\u010dnim dodatcima poput pode\u0161iva\u010da fokusa, poklopca za punjenje i mogu\u0107nosti izravnog reproduciranja video zapisa putem zna\u010dajke Galerija, ova optika kombinira visoke performanse s prakti\u010dno\u0161\u0107u za optimalno lova\u010dko iskustvo.<\/p>\n","protected":false},"excerpt":{"rendered":"<p>Termoskop Nocpix ACE H50R ima osjetnik od 640&#215;512 toplinske slike s \u226412mK NETD, detekciju na 3100m, integriranu daljinomjerku i Vision+ sustav za nenadma\u0161no iskustvo lova.<br \/>\nAko proizvod nije dostupan, kontaktirajte nas: shop@nbg.eu ili +359896147790<\/p>\n","protected":false},"featured_media":677835,"template":"","meta":{"_acf_changed":false},"product_brand":[14446],"product_cat":[13540],"product_tag":[],"class_list":{"0":"post-677684","1":"product","2":"type-product","3":"status-publish","4":"has-post-thumbnail","6":"product_brand-nocpix","7":"product_cat-termovizija","9":"first","10":"outofstock","11":"taxable","12":"shipping-taxable","13":"purchasable","14":"product-type-simple"},"acf":[],"_links":{"self":[{"href":"https:\/\/nbg.eu\/hr\/wp-json\/wp\/v2\/product\/677684","targetHints":{"allow":["GET"]}}],"collection":[{"href":"https:\/\/nbg.eu\/hr\/wp-json\/wp\/v2\/product"}],"about":[{"href":"https:\/\/nbg.eu\/hr\/wp-json\/wp\/v2\/types\/product"}],"wp:featuredmedia":[{"embeddable":true,"href":"https:\/\/nbg.eu\/hr\/wp-json\/wp\/v2\/media\/677835"}],"wp:attachment":[{"href":"https:\/\/nbg.eu\/hr\/wp-json\/wp\/v2\/media?parent=677684"}],"wp:term":[{"taxonomy":"product_brand","embeddable":true,"href":"https:\/\/nbg.eu\/hr\/wp-json\/wp\/v2\/product_brand?post=677684"},{"taxonomy":"product_cat","embeddable":true,"href":"https:\/\/nbg.eu\/hr\/wp-json\/wp\/v2\/product_cat?post=677684"},{"taxonomy":"product_tag","embeddable":true,"href":"https:\/\/nbg.eu\/hr\/wp-json\/wp\/v2\/product_tag?post=677684"}],"curies":[{"name":"wp","href":"https:\/\/api.w.org\/{rel}","templated":true}]}}