{"id":678116,"date":"2025-11-17T17:25:36","date_gmt":"2025-11-17T14:25:36","guid":{"rendered":"https:\/\/nbg.eu\/product\/toplinska-monokularnica-nocpix-lumi-l35\/"},"modified":"2026-01-21T11:39:11","modified_gmt":"2026-01-21T08:39:11","slug":"toplinska-monokularnica-nocpix-lumi-l35","status":"publish","type":"product","link":"https:\/\/nbg.eu\/hr\/proizvod\/toplinska-monokularnica-nocpix-lumi-l35\/","title":{"rendered":"Toplinska monokularnica Nocpix LUMI L35"},"content":{"rendered":"<h2>Maksimalna u\u010dinkovitost s minimalnom te\u017einom \u2013 Nocpix LUMI L35: Va\u0161 nezamjenjivi pratitelj na terenu<\/h2>\n<p>Serija termovizijskih monokulara LUMI dizajnirana je za upotrebu danju i no\u0107u i nudi vam iznimnu kvalitetu slike \u010dak i u te\u0161kim vremenskim uvjetima poput magle, smoga ili ki\u0161e. \u010cak i ako prepreke poput grana, visoke trave ili gustog li\u0161\u0107a ote\u017eavaju vidljivost, zahvaljuju\u0107i ovoj tehnologiji uvijek mo\u017eete jasno vidjeti \u0161to se nalazi pred vama. Tako\u0111er su toliko kompaktni i lagani da ih mo\u017eete lako nositi bilo kamo.<\/p>\n<p>LUMI termalne kamere savr\u0161ene su za razne primjene poput lova, nadzora, sigurnosti, orijentacije na terenu ili operacija potrage i spa\u0161avanja.<\/p>\n<h2>Nezaustavljive performanse snimanja za o\u0161tre slike<\/h2>\n<p>Serija LUMI postavlja nove standarde u pogledu kvalitete slike. Opremljena najnaprednijim algoritmima obrade slike i sna\u017enim toplinskim senzorom s NETD &lt; 18 mK, kamera pru\u017ea o\u0161tre i realisti\u010dne slike. AMOLED zaslon s rezolucijom od 1024 x 768 piksela osigurava iznimno prikazivanje slike, dok Ultra Clear na\u010din rada dodatno optimizira jasno\u0107u slike, posebno u te\u0161kim vremenskim uvjetima.<\/p>\n<h2>Personalizirano iskustvo gledanja \u2013 Prilagodite svoje ure\u0111aj savr\u0161eno<\/h2>\n<p>Zahvaljuju\u0107i srednjevelikom senzoru od 384 x 288 px i raznim mogu\u0107nostima postavki, mo\u017eete prilagoditi ure\u0111aj to\u010dno prema va\u0161im potrebama. Odaberite izme\u0111u 5 na\u010dina boja i optimizirajte svoj pogled s 10 razina svjetline, o\u0161trine i kontrasta &#8211; tako da nijedna pojedinost ne ostane neprimije\u0107ena.<\/p>\n<h2>Lako dijeljenje iskustava<\/h2>\n<p>Snimanje posebnih trenutaka klju\u010dno je za modernog lovca. S Nocpix LUMI L35, mo\u017eete ne samo prakti\u010dno dijeliti svoje snimke putem aplikacije, ve\u0107 ih i izravno reproducirati na ure\u0111aju &#8211; savr\u0161eno za trenutno dijeljenje va\u0161ih iskustava s drugima.<\/p>\n<h2>Mo\u017ee se koristiti fleksibilno zahvaljuju\u0107i sustavu odvojivih baterija<\/h2>\n<p>Serija LUMI opremljena je standardnim baterijama 18650, pru\u017eaju\u0107i vam maksimalnu fleksibilnost. Kamo god krenuli, s uklju\u010denim punja\u010dem baterija bit \u0107ete spremni u trenu &#8211; i mo\u017eete nastaviti svoju misiju.<\/p>\n","protected":false},"excerpt":{"rendered":"<p>Maksimalna u\u010dinkovitost s minimalnom te\u017einom &#8211; Nocpix LUMI L35: Va\u0161 nezamjenjivi pratitelj na terenu. 384 senzora s 18 mK, AMOLED zaslon s 1024 \u00d7 768 piksela, Uklonjiva baterija 18650, Domet detekcije oko 1800 metara, velika osnovna pove\u0107anja za lovstvo na terenu, kompaktni dizajn.<\/p>\n","protected":false},"featured_media":678333,"template":"","meta":{"_acf_changed":false},"product_brand":[14446],"product_cat":[13540,369],"product_tag":[],"class_list":{"0":"post-678116","1":"product","2":"type-product","3":"status-publish","4":"has-post-thumbnail","6":"product_brand-nocpix","7":"product_cat-termovizija","8":"product_cat-uncategorized","10":"first","11":"instock","12":"taxable","13":"shipping-taxable","14":"purchasable","15":"product-type-simple"},"acf":[],"_links":{"self":[{"href":"https:\/\/nbg.eu\/hr\/wp-json\/wp\/v2\/product\/678116","targetHints":{"allow":["GET"]}}],"collection":[{"href":"https:\/\/nbg.eu\/hr\/wp-json\/wp\/v2\/product"}],"about":[{"href":"https:\/\/nbg.eu\/hr\/wp-json\/wp\/v2\/types\/product"}],"wp:featuredmedia":[{"embeddable":true,"href":"https:\/\/nbg.eu\/hr\/wp-json\/wp\/v2\/media\/678333"}],"wp:attachment":[{"href":"https:\/\/nbg.eu\/hr\/wp-json\/wp\/v2\/media?parent=678116"}],"wp:term":[{"taxonomy":"product_brand","embeddable":true,"href":"https:\/\/nbg.eu\/hr\/wp-json\/wp\/v2\/product_brand?post=678116"},{"taxonomy":"product_cat","embeddable":true,"href":"https:\/\/nbg.eu\/hr\/wp-json\/wp\/v2\/product_cat?post=678116"},{"taxonomy":"product_tag","embeddable":true,"href":"https:\/\/nbg.eu\/hr\/wp-json\/wp\/v2\/product_tag?post=678116"}],"curies":[{"name":"wp","href":"https:\/\/api.w.org\/{rel}","templated":true}]}}