{"id":678355,"date":"2025-11-18T18:19:28","date_gmt":"2025-11-18T15:19:28","guid":{"rendered":"https:\/\/nbg.eu\/product\/nocna-slika-l35r-384x288-netd-15mk\/"},"modified":"2026-04-14T15:45:01","modified_gmt":"2026-04-14T12:45:01","slug":"nocna-slika-l35r-384x288-netd-15mk","status":"publish","type":"product","link":"https:\/\/nbg.eu\/hr\/proizvod\/nocna-slika-l35r-384x288-netd-15mk\/","title":{"rendered":"Nocpix Termalni Dvozgled Quest L35R"},"content":{"rendered":"<h2>Nocpix Quest L35R 384&#215;288 NETD \u226415mK: Omogu\u0107ite svoje toplinsko vi\u0111enje<\/h2>\n<p>QUEST je lagan i prijenosnin, nude\u0107i domet detekcije do 2600m i ugra\u0111eni skriveni LRF s dometom od 1000m za bolju preciznost i vidljivost. Njegovo tradicionalno dizajno dvogrubila ima punu gumenu navlaku i IP67 ocjenu za trajnost i udobnost u te\u0161kim uvjetima. Opremljen visokoprofesionalnim senzorom 640&#215;512 (NETD \u226415mK, 60Hz), QUEST pru\u017ea iznimnu jasno\u0107u slike, superior osjetljivost na toplinu i bezbri\u017eno rukovanje u zahtjevnim okru\u017eenjima.<\/p>\n<h2>Iznimna kvaliteta i jasno\u0107a slike<\/h2>\n<p>Nocpix QUEST ima R+ pobolj\u0161anje slike za bolju jasno\u0107u i preciznost, kombinirano s 1920&#215;1200 AMOLED zaslonom za uranjaju\u0107e, oko-ugodno iskustvo gledanja.<\/p>\n<h2>Superior senzor za izvrsnost<\/h2>\n<p>Nocpix QUEST opremljen je visokoprofesionalnim senzorom (640&#215;512@12\u00b5m) koji pru\u017ea iznimnu jasno\u0107u slike. S NETD \u226415mK i frekvencijom od 60Hz, pru\u017ea superior osjetljivost na toplinu, omogu\u0107uju\u0107i jasne i vizualne slike \u010dak i u najte\u017eim okru\u017eenjima.<\/p>\n<h2>Mo\u0107ne mogu\u0107nosti detekcije<\/h2>\n<p>Nocpix QUEST ima domet detekcije do 2600 m i ugra\u0111eni skriveni LRF s dometom do 1000 m, omogu\u0107uju\u0107i vam da vidite dalje i preciznije nego ikada prije. Tako\u0111er podr\u017eava balisti\u010dki prora\u010dun, pru\u017eaju\u0107i podatkovnu podr\u0161ku za suradni\u010dki lov.<\/p>\n<h2>Ergonomsko jednoruko upravljanje<\/h2>\n<p>Nocpix QUEST nudi ergonomsko, neskliznu\u0107e rukovanje s pojednostavljenim rasporedom od 4 gumba i centralno smje\u0161tenim kota\u010di\u0107ima za lako jednoruko upravljanje i siguran hvat u svim uvjetima.<\/p>\n<h2>Lagan i prijenosan<\/h2>\n<p>QUEST ima masu od samo 700g i uklju\u010duje prilago\u0111enu torbu za no\u0161enje, nude\u0107i laku prenosivost i udobnost za aktivnosti na otvorenom poput lova i istra\u017eivanja.<\/p>\n<h2>Pouzdane performanse napajanja<\/h2>\n<p>QUEST serija ima dizajn s dvostrukom baterijom s ugra\u0111enom i zamjenjivom 18650 baterijom, osiguravaju\u0107i bezbri\u017enu zamjenu i kontinuiranu uporabu tijekom va\u0161e avanture.<\/p>\n<h2>Izdr\u017eljiv i udoban dizajn<\/h2>\n<p>QUEST ima tradicionalni dizajn dvogrubila sa sofisticiranom cjelokupnom gumenom prevlakom i IP67 ocjenom za otpornost na vodu i pra\u0161inu, osiguravaju\u0107i i trajnost i ukupnu udobnost.<\/p>\n","protected":false},"excerpt":{"rendered":"<p>Nocpix QUEST L35R 384&#215;288 NETD &lt;15mK: Lagani, prijenosni termalni snima\u010d s dometom detekcije od 2600 m, ugra\u0111enim 1000 m LRF-om i iznimnom jasno\u0107om slike.<\/p>\n","protected":false},"featured_media":678467,"template":"","meta":{"_acf_changed":false},"product_brand":[14446],"product_cat":[14676,13540,16062],"product_tag":[],"class_list":{"0":"post-678355","1":"product","2":"type-product","3":"status-publish","4":"has-post-thumbnail","6":"product_brand-nocpix","7":"product_cat-durbini","8":"product_cat-termovizija","9":"product_cat-thermal-cameras-hr","11":"first","12":"instock","13":"taxable","14":"shipping-taxable","15":"purchasable","16":"product-type-simple"},"acf":[],"_links":{"self":[{"href":"https:\/\/nbg.eu\/hr\/wp-json\/wp\/v2\/product\/678355","targetHints":{"allow":["GET"]}}],"collection":[{"href":"https:\/\/nbg.eu\/hr\/wp-json\/wp\/v2\/product"}],"about":[{"href":"https:\/\/nbg.eu\/hr\/wp-json\/wp\/v2\/types\/product"}],"wp:featuredmedia":[{"embeddable":true,"href":"https:\/\/nbg.eu\/hr\/wp-json\/wp\/v2\/media\/678467"}],"wp:attachment":[{"href":"https:\/\/nbg.eu\/hr\/wp-json\/wp\/v2\/media?parent=678355"}],"wp:term":[{"taxonomy":"product_brand","embeddable":true,"href":"https:\/\/nbg.eu\/hr\/wp-json\/wp\/v2\/product_brand?post=678355"},{"taxonomy":"product_cat","embeddable":true,"href":"https:\/\/nbg.eu\/hr\/wp-json\/wp\/v2\/product_cat?post=678355"},{"taxonomy":"product_tag","embeddable":true,"href":"https:\/\/nbg.eu\/hr\/wp-json\/wp\/v2\/product_tag?post=678355"}],"curies":[{"name":"wp","href":"https:\/\/api.w.org\/{rel}","templated":true}]}}