{"id":679503,"date":"2025-11-18T18:19:37","date_gmt":"2025-11-18T15:19:37","guid":{"rendered":"https:\/\/nbg.eu\/product\/nocpix-quest-h50r-lrf-640x512-netd-15mk\/"},"modified":"2026-04-14T15:44:57","modified_gmt":"2026-04-14T12:44:57","slug":"nocpix-quest-h50r-lrf-640x512-netd-15mk","status":"publish","type":"product","link":"https:\/\/nbg.eu\/hr\/proizvod\/nocpix-quest-h50r-lrf-640x512-netd-15mk\/","title":{"rendered":"Nocpix Termalni Dvozgled Quest H50R LRF"},"content":{"rendered":"<h2>Nocpix Quest H50R LRF 640&#215;512 NETD \u226415mK<\/h2>\n<p>QUEST je lagan i prijenosni, nude\u0107i raspon detekcije do 2600m i ugra\u0111enu skrivenu LRF s rasponom od 1000m za ve\u0107u preciznost i vidljivost. Njegov tradicionalni dizajn dvogrubki karakterizira cjeloviti gumeni pokrov i IP67 ocjenjivanje za otpornost i udobnost u te\u0161kim uvjetima. Opremljen visokoefikasnim 640&#215;512 senzorom (NETD \u226415mK, 60Hz), QUEST pru\u017ea iznimnu jasno\u0107u slike, vrhunsku toplinsku osjetljivost i bezbri\u017ean rad u izazovnim okru\u017eenjima.<\/p>\n<h2>Toplinski senzor<\/h2>\n<p>Nocpix QUEST karakterizira R+ pobolj\u0161anje slike za superiornu jasno\u0107u i preciznost, kombinirano s AMOLED ekranom 1920&#215;1200 za uronjeno, ugodno iskustvo gledanja.<\/p>\n<h2>Superiorni senzor osigurava izvrsnost<\/h2>\n<p>Nocpix QUEST opremljen je visokoefikasnim senzorom (640&#215;512@12\u00b5m) koji pru\u017ea iznimnu jasno\u0107u slike. S NETD \u226415mK i frekvencijom kadra od 60Hz, pru\u017ea superiornu toplinsku osjetljivost, pru\u017eaju\u0107i jasne i vizualne slike \u010dak i u najizazovnijim okru\u017eenjima.<\/p>\n<h2>Sna\u017ene mogu\u0107nosti detekcije<\/h2>\n<p>Nocpix QUEST ima raspon detekcije do 2600 m i ugra\u0111enu skrivenu LRF s rasponom do 1000 m, omogu\u0107avaju\u0107i vam da vidite dalje i to\u010dnije nego ikad prije. Tako\u0111er podr\u017eava balisti\u010dki izra\u010dun, pru\u017eaju\u0107i podatkovnu potporu za kooperativno lov.<\/p>\n<h2>Jednoruka upotreba<\/h2>\n<p>Nocpix QUEST nudi ergonomsko, protuklizno rukovanje sa pojednostavljenim rasporedom od 4 tipke i centralno postavljenim kota\u010di\u0107ima za laku jednoruku upotrebu i siguran hvat u svim uvjetima.<\/p>\n<h2>Lagan i prijenosiv<\/h2>\n<p>QUEST te\u017eak samo 700g uklju\u010duje prilago\u0111enu torbu za no\u0161enje, nude\u0107i laku prenosivost i udobnost za aktivnosti na otvorenom poput lova i istra\u017eivanja.<\/p>\n<h2>Uklonite brigu o napajanju<\/h2>\n<p>Serija QUEST ima dvostruki dizajn baterije s ugra\u0111enom i zamjenjivom 18650 baterijom, osiguravaju\u0107i bezbri\u017enu zamjenu i neprekinuto kori\u0161tenje tijekom va\u0161eg pustolovina.<\/p>\n<h2>Tradicionalno iskustvo dvogrubki<\/h2>\n<p>QUEST karakterizira tradicionalni dizajn dvogrubki sa sofisticiranim potpunim gumenim premazom i ocjenom IP67 za otpornost na vodu i pra\u0161inu, osiguravaju\u0107i i trajnost i op\u0107u udobnost.<\/p>\n","protected":false},"excerpt":{"rendered":"<p>Nocpix Quest H50R LRF 640&#215;512 NETD &lt;15mK: Lagani, prijenosni termalni snima\u010d s rasponom detekcije od 2600m, 1000m LRF-om i superiornim 640&#215;512 senzorom.<\/p>\n<p>Ako stavka nije dostupna, molimo kontaktirajte nas: shop@nbg.eu  ili +359896147790<\/p><\/p>\n","protected":false},"featured_media":680392,"template":"","meta":{"_acf_changed":false},"product_brand":[14446],"product_cat":[14676,13540,16062],"product_tag":[],"class_list":{"0":"post-679503","1":"product","2":"type-product","3":"status-publish","4":"has-post-thumbnail","6":"product_brand-nocpix","7":"product_cat-durbini","8":"product_cat-termovizija","9":"product_cat-thermal-cameras-hr","11":"first","12":"instock","13":"taxable","14":"shipping-taxable","15":"purchasable","16":"product-type-simple"},"acf":[],"_links":{"self":[{"href":"https:\/\/nbg.eu\/hr\/wp-json\/wp\/v2\/product\/679503","targetHints":{"allow":["GET"]}}],"collection":[{"href":"https:\/\/nbg.eu\/hr\/wp-json\/wp\/v2\/product"}],"about":[{"href":"https:\/\/nbg.eu\/hr\/wp-json\/wp\/v2\/types\/product"}],"wp:featuredmedia":[{"embeddable":true,"href":"https:\/\/nbg.eu\/hr\/wp-json\/wp\/v2\/media\/680392"}],"wp:attachment":[{"href":"https:\/\/nbg.eu\/hr\/wp-json\/wp\/v2\/media?parent=679503"}],"wp:term":[{"taxonomy":"product_brand","embeddable":true,"href":"https:\/\/nbg.eu\/hr\/wp-json\/wp\/v2\/product_brand?post=679503"},{"taxonomy":"product_cat","embeddable":true,"href":"https:\/\/nbg.eu\/hr\/wp-json\/wp\/v2\/product_cat?post=679503"},{"taxonomy":"product_tag","embeddable":true,"href":"https:\/\/nbg.eu\/hr\/wp-json\/wp\/v2\/product_tag?post=679503"}],"curies":[{"name":"wp","href":"https:\/\/api.w.org\/{rel}","templated":true}]}}