{"id":681056,"date":"2025-12-17T14:06:52","date_gmt":"2025-12-17T11:06:52","guid":{"rendered":"https:\/\/nbg.eu\/product\/manly-peak-g10-crni-cpm-s90v\/"},"modified":"2026-01-21T11:41:29","modified_gmt":"2026-01-21T08:41:29","slug":"manly-peak-g10-crni-cpm-s90v","status":"publish","type":"product","link":"https:\/\/nbg.eu\/hr\/proizvod\/manly-peak-g10-crni-cpm-s90v\/","title":{"rendered":"Manly PEAK G10 CRNI CPM S90V"},"content":{"rendered":"<h2>Manly PEAK G10 BLACK CPM S90V &#8211; Iznimna sklopiva no\u017ei\u0107a za jednoruku uporabu<\/h2>\n<p>Iskusite iznimni Manly PEAK G10 BLACK CPM S90V sklopivi no\u017e, jedinstveni i svestrani alat dizajniran za razne aktivnosti. Odstupaju\u0107i od modela Comrade, ovaj no\u017e ima prekrasan dizajn koji ga \u010dini savr\u0161enim pratiocem za bilo koji zadatak.<\/p>\n<p>Dostupan u dvije razli\u010dite verzije, PEAK nudi pogodnost jednoruke ili dvoruke uporabe, ovisno o va\u0161im osobnim preferencijama. Izra\u0111en s precizno\u0161\u0107u, o\u0161trica je napravljena od visokokvalitetnog \u010delika CPM S90V, osiguravaju\u0107i iznimnu izdr\u017eljivost o\u0161trice i otpornost na koroziju.<\/p>\n<p>Izdr\u017eljiva G10 ru\u010dka pru\u017ea sigurnu i udobnu hvatljivost, \u010dine\u0107i PEAK pouzdanim izborom za svakodnevno no\u0161enje ili outdoor avanture. S mehanizmom za otvaranje palcem i ru\u010dnim Backlock sustavom, ovaj no\u017e nudi besprijekornu jednoruku uporabu, omogu\u0107uju\u0107i vam lako obavljanje zadataka.<\/p>\n<p>Te\u017eine samo 115 grama, PEAK je lagani, ali robustan alat koji vas ne\u0107e optere\u0107ivati. Bilo da ste ljubitelj outdoora, takti\u010dki operater ili jednostavno netko tko tra\u017ei svestranih i dobro dizajniranih sklopivih no\u017eeva, Manly PEAK G10 BLACK CPM S90V je odgovor.<\/p>\n","protected":false},"excerpt":{"rendered":"<p>No\u017e s jednom rukom PEAK CPM S90V crni, prekrasan dizajn za sve aktivnosti.<\/p>\n","protected":false},"featured_media":681133,"template":"","meta":{"_acf_changed":false},"product_brand":[15075],"product_cat":[13554,15382,15359],"product_tag":[],"class_list":{"0":"post-681056","1":"product","2":"type-product","3":"status-publish","4":"has-post-thumbnail","6":"product_brand-manly-knives","7":"product_cat-edc","8":"product_cat-folding-knives-hr","9":"product_cat-knives-hr","11":"first","12":"outofstock","13":"taxable","14":"shipping-taxable","15":"purchasable","16":"product-type-simple"},"acf":[],"_links":{"self":[{"href":"https:\/\/nbg.eu\/hr\/wp-json\/wp\/v2\/product\/681056","targetHints":{"allow":["GET"]}}],"collection":[{"href":"https:\/\/nbg.eu\/hr\/wp-json\/wp\/v2\/product"}],"about":[{"href":"https:\/\/nbg.eu\/hr\/wp-json\/wp\/v2\/types\/product"}],"wp:featuredmedia":[{"embeddable":true,"href":"https:\/\/nbg.eu\/hr\/wp-json\/wp\/v2\/media\/681133"}],"wp:attachment":[{"href":"https:\/\/nbg.eu\/hr\/wp-json\/wp\/v2\/media?parent=681056"}],"wp:term":[{"taxonomy":"product_brand","embeddable":true,"href":"https:\/\/nbg.eu\/hr\/wp-json\/wp\/v2\/product_brand?post=681056"},{"taxonomy":"product_cat","embeddable":true,"href":"https:\/\/nbg.eu\/hr\/wp-json\/wp\/v2\/product_cat?post=681056"},{"taxonomy":"product_tag","embeddable":true,"href":"https:\/\/nbg.eu\/hr\/wp-json\/wp\/v2\/product_tag?post=681056"}],"curies":[{"name":"wp","href":"https:\/\/api.w.org\/{rel}","templated":true}]}}