{"id":681172,"date":"2026-01-08T18:14:00","date_gmt":"2026-01-08T15:14:00","guid":{"rendered":"https:\/\/nbg.eu\/product\/manly-peak-black-14c28n\/"},"modified":"2026-01-21T11:41:25","modified_gmt":"2026-01-21T08:41:25","slug":"manly-peak-black-14c28n","status":"publish","type":"product","link":"https:\/\/nbg.eu\/hr\/proizvod\/manly-peak-black-14c28n\/","title":{"rendered":"Manly PEAK BLACK 14C28N"},"content":{"rendered":"<h2>Manly PEAK BLACK 14C28N &#8211; Svakodnevni d\u017eepni no\u017e osnovne vrste<\/h2>\n<p>Nastavljaju\u0107i Manly tradiciju pru\u017eanja razumno cijenjenih, kvalitetnih d\u017eepnih no\u017eeva, PEAK &#8211; 14C28N Black (One Hand) je vrhunac raznolikosti i prakti\u010dnosti. Izra\u0111en s precizno\u0161\u0107u, ovaj sklopivi no\u017e ima sje\u010divo od \u0161vedskog \u010delika 14C28N i ru\u010dku od G10, \u0161to osigurava izdr\u017eljiv i pouzdan alat za rezanje za svakodnevne zadatke.<\/p>\n<p>Dizajniran za ambideksternu upotrebu, reverzibilni klip omogu\u0107uje lak pristup lijevom ili desnom rukom, \u0161to ga \u010dini savr\u0161enim pratiocem bez obzira jeste li de\u0161njak ili ljevak. Mehanizam zatvaranja na stra\u017enjoj strani pru\u017ea siguran i pouzdan zaklju\u010davanje, osiguravaju\u0107i da o\u0161trica ostane na svom mjestu tijekom upotrebe.<\/p>\n<p>Ukupne du\u017eine 22 cm i du\u017eine o\u0161trice od 9,4 cm, PEAK &#8211; 14C28N Black (One Hand) nudi udobnu i upravlja\u010dku veli\u010dinu koja je savr\u0161ena za \u0161irok raspon primjena, od avantura na otvorenom do svakodnevnih pomo\u0107nih zadataka. Te\u017eak 115 g, ovaj no\u017e pronalazi savr\u0161enu ravnote\u017eu izme\u0111u mase i prenosivosti, \u0161to ga \u010dini pouzdanim i raznovrsnim izborom za svakodnevnu upotrebu.<\/p>\n<p>Sa satenastom zavr\u0161enom o\u0161tricom 14C28N i elegantnom crnom G10 ru\u010dkom, PEAK &#8211; 14C28N Black (One Hand) ne samo da izvrsno funkcionira, ve\u0107 i posjeduje moderan i elegantan izgled koji \u0107e se uklopiti u bilo koji osobni stil. Bilo da ste ljubitelj prirode, majstor ili samo netko tko cijeni dobro izra\u0111eni alat, Manly PEAK &#8211; 14C28N Black (One Hand) je savr\u0161eni dodatak va\u0161oj svakodnevnoj kolekciji.<\/p>\n","protected":false},"excerpt":{"rendered":"<p>Mu\u0161ko PEAK BLACK 14C28N &#8211; Razumno cijenovani d\u017eepni no\u017e sa \u0161vedskim \u010delikom 14C28N, okretljiv clip i zaporni mehanizam.<\/p>\n","protected":false},"featured_media":685047,"template":"","meta":{"_acf_changed":false},"product_brand":[15075],"product_cat":[13554],"product_tag":[],"class_list":{"0":"post-681172","1":"product","2":"type-product","3":"status-publish","4":"has-post-thumbnail","6":"product_brand-manly-knives","7":"product_cat-edc","9":"first","10":"instock","11":"taxable","12":"shipping-taxable","13":"purchasable","14":"product-type-simple"},"acf":[],"_links":{"self":[{"href":"https:\/\/nbg.eu\/hr\/wp-json\/wp\/v2\/product\/681172","targetHints":{"allow":["GET"]}}],"collection":[{"href":"https:\/\/nbg.eu\/hr\/wp-json\/wp\/v2\/product"}],"about":[{"href":"https:\/\/nbg.eu\/hr\/wp-json\/wp\/v2\/types\/product"}],"wp:featuredmedia":[{"embeddable":true,"href":"https:\/\/nbg.eu\/hr\/wp-json\/wp\/v2\/media\/685047"}],"wp:attachment":[{"href":"https:\/\/nbg.eu\/hr\/wp-json\/wp\/v2\/media?parent=681172"}],"wp:term":[{"taxonomy":"product_brand","embeddable":true,"href":"https:\/\/nbg.eu\/hr\/wp-json\/wp\/v2\/product_brand?post=681172"},{"taxonomy":"product_cat","embeddable":true,"href":"https:\/\/nbg.eu\/hr\/wp-json\/wp\/v2\/product_cat?post=681172"},{"taxonomy":"product_tag","embeddable":true,"href":"https:\/\/nbg.eu\/hr\/wp-json\/wp\/v2\/product_tag?post=681172"}],"curies":[{"name":"wp","href":"https:\/\/api.w.org\/{rel}","templated":true}]}}