{"id":681303,"date":"2025-12-17T14:50:21","date_gmt":"2025-12-17T11:50:21","guid":{"rendered":"https:\/\/nbg.eu\/product\/muski-patriot-m-zeleni-rwl-34\/"},"modified":"2026-01-21T11:39:47","modified_gmt":"2026-01-21T08:39:47","slug":"muski-patriot-m-zeleni-rwl-34","status":"publish","type":"product","link":"https:\/\/nbg.eu\/hr\/proizvod\/muski-patriot-m-zeleni-rwl-34\/","title":{"rendered":"Mu\u0161ki PATRIOT M.ZELENI RWL-34"},"content":{"rendered":"<h2>Manly PATRIOT M.GREEN RWL-34 \u2013 Vi\u0161enamjenska fiksna sje\u010diva no\u017e za svakodnevno no\u0161enje<\/h2>\n<p>S PATRIOT-om &#8211; RWL-34 Military Green, Manly predstavlja fiksnu verziju njihovog uspje\u0161nog preklopnog no\u017ea Comrade. Imaju\u0107i gotovo iste dimenzije, PATRIOT je savr\u0161en izbor za svakodnevnu upotrebu, lov i kampiranje. S o\u0161tricom u satenskom zavr\u0161nom sloju od premium RWL-34 \u010delika, ovaj no\u017e kombinira trajnost i performanse rezanja. Izra\u0111en s ru\u010dkama od G10 ili orahovine, PATRIOT nudi udoban i siguran hvat, osiguravaju\u0107i samopouzdano rukovanje u raznim situacijama.<\/p>\n<p>Mjere\u0107i 21 cm ukupne duljine i s o\u0161tricom od 9,1 cm, PATRIOT je kompaktan i vi\u0161enamjenski alat. Njegova o\u0161trica debljine 4 mm pru\u017ea dovoljnu \u010dvrsto\u0107u i krutost, dok ukupna te\u017eina od 126 g osigurava uravnote\u017eeni osje\u0107aj. Za\u0161ti\u0107en izdr\u017eljivom Kydex futrolom, PATRIOT je pouzdan pratitelj za zaljubljenike u outdoor aktivnosti i svakodnevno no\u0161enje.<\/p>\n","protected":false},"excerpt":{"rendered":"<p>Manly PATRIOT M.ZELENI RWL-34 &#8211; No\u017e s fiksnom o\u0161tricom, vojnosive boje, s o\u0161tricom od \u010delika RWL-34 i dr\u0161kom od G10.<\/p>\n","protected":false},"featured_media":681502,"template":"","meta":{"_acf_changed":false},"product_brand":[15075],"product_cat":[2876],"product_tag":[],"class_list":{"0":"post-681303","1":"product","2":"type-product","3":"status-publish","4":"has-post-thumbnail","6":"product_brand-manly-knives","7":"product_cat-rahohvatki","9":"first","10":"instock","11":"taxable","12":"shipping-taxable","13":"purchasable","14":"product-type-simple"},"acf":[],"_links":{"self":[{"href":"https:\/\/nbg.eu\/hr\/wp-json\/wp\/v2\/product\/681303","targetHints":{"allow":["GET"]}}],"collection":[{"href":"https:\/\/nbg.eu\/hr\/wp-json\/wp\/v2\/product"}],"about":[{"href":"https:\/\/nbg.eu\/hr\/wp-json\/wp\/v2\/types\/product"}],"wp:featuredmedia":[{"embeddable":true,"href":"https:\/\/nbg.eu\/hr\/wp-json\/wp\/v2\/media\/681502"}],"wp:attachment":[{"href":"https:\/\/nbg.eu\/hr\/wp-json\/wp\/v2\/media?parent=681303"}],"wp:term":[{"taxonomy":"product_brand","embeddable":true,"href":"https:\/\/nbg.eu\/hr\/wp-json\/wp\/v2\/product_brand?post=681303"},{"taxonomy":"product_cat","embeddable":true,"href":"https:\/\/nbg.eu\/hr\/wp-json\/wp\/v2\/product_cat?post=681303"},{"taxonomy":"product_tag","embeddable":true,"href":"https:\/\/nbg.eu\/hr\/wp-json\/wp\/v2\/product_tag?post=681303"}],"curies":[{"name":"wp","href":"https:\/\/api.w.org\/{rel}","templated":true}]}}