{"id":681786,"date":"2025-12-17T15:55:16","date_gmt":"2025-12-17T12:55:16","guid":{"rendered":"https:\/\/nbg.eu\/product\/muskog-grada-narandzasti-cpm-s90v\/"},"modified":"2026-01-21T12:29:09","modified_gmt":"2026-01-21T09:29:09","slug":"muskog-grada-narandzasti-cpm-s90v","status":"publish","type":"product","link":"https:\/\/nbg.eu\/hr\/proizvod\/muskog-grada-narandzasti-cpm-s90v\/","title":{"rendered":"Mu\u0161kog Grada Narand\u017easti CPM S90V"},"content":{"rendered":"<h2>Manly City CPM S90V &#8211; no\u017ei\u0107 za svakodnevno no\u0161enje<\/h2>\n<p>Kao \u0161to i samo ime sugerira, Manly City CPM S90V je izvanredan no\u017ei\u0107 za svakodnevnu uporabu u gradu. Dolazi s Manlyjevom filozofijom pru\u017eanja korisnicima pa\u017eljivo odabranih vrhunskih materijala po razumnoj cijeni. Ravni o\u0161tri\u010dni dio izra\u0111en je od visokokvalitetnog \u010delika CPM S90V, s tvrdo\u0107om po Rockwellu od 60-62 HRC, \u0161to osigurava iznimnu otpornost o\u0161trice i otpornost na koroziju.<\/p>\n<p>Dizajniran za ambidekstralnu uporabu, ovaj model ima obostrano okretljiv d\u017eepni kop\u010dica i dvostruku poziciju zakovica, \u0161to ga \u010dini prikladnim kako za ljevoruke tako i za desnoruke korisnike. Ru\u010dka od G10 materijala pru\u017ea sigurnu i udobnu dr\u0161ku, dok mehanizam jednostrukog otvaranja i zaklju\u010davanja osigurava pouzdanu upotrebu.<\/p>\n<p>Ukupne duljine 17,7 cm i duljine o\u0161trice od 7,0 cm, Manly City CPM S90V je svestran no\u017e za svakodnevno no\u0161enje koji kombinira vrhunske materijale, iznimne performanse i lako upotrebljive zna\u010dajke. Te\u017eak samo 95 g, on je lagani i lako prenosivi pratilac za razne svakodnevne zadatke.<\/p>\n","protected":false},"excerpt":{"rendered":"<p>Svakodnevni no\u017e za no\u0161enje. O\u0161trica od \u010delika CPM S90V, ru\u010dka od G10, obostrani dr\u017ea\u010d, prikladno za ljevorukog\/desnorukog korisnika.<\/p>\n","protected":false},"featured_media":682052,"template":"","meta":{"_acf_changed":false},"product_brand":[15075],"product_cat":[13554],"product_tag":[],"class_list":{"0":"post-681786","1":"product","2":"type-product","3":"status-publish","4":"has-post-thumbnail","6":"product_brand-manly-knives","7":"product_cat-edc","9":"first","10":"instock","11":"taxable","12":"shipping-taxable","13":"purchasable","14":"product-type-simple"},"acf":[],"_links":{"self":[{"href":"https:\/\/nbg.eu\/hr\/wp-json\/wp\/v2\/product\/681786","targetHints":{"allow":["GET"]}}],"collection":[{"href":"https:\/\/nbg.eu\/hr\/wp-json\/wp\/v2\/product"}],"about":[{"href":"https:\/\/nbg.eu\/hr\/wp-json\/wp\/v2\/types\/product"}],"wp:featuredmedia":[{"embeddable":true,"href":"https:\/\/nbg.eu\/hr\/wp-json\/wp\/v2\/media\/682052"}],"wp:attachment":[{"href":"https:\/\/nbg.eu\/hr\/wp-json\/wp\/v2\/media?parent=681786"}],"wp:term":[{"taxonomy":"product_brand","embeddable":true,"href":"https:\/\/nbg.eu\/hr\/wp-json\/wp\/v2\/product_brand?post=681786"},{"taxonomy":"product_cat","embeddable":true,"href":"https:\/\/nbg.eu\/hr\/wp-json\/wp\/v2\/product_cat?post=681786"},{"taxonomy":"product_tag","embeddable":true,"href":"https:\/\/nbg.eu\/hr\/wp-json\/wp\/v2\/product_tag?post=681786"}],"curies":[{"name":"wp","href":"https:\/\/api.w.org\/{rel}","templated":true}]}}