{"id":682125,"date":"2026-01-08T18:13:52","date_gmt":"2026-01-08T15:13:52","guid":{"rendered":"https:\/\/nbg.eu\/product\/muski-grad-vojna-14c28n\/"},"modified":"2026-01-21T11:41:31","modified_gmt":"2026-01-21T08:41:31","slug":"muski-grad-vojna-14c28n","status":"publish","type":"product","link":"https:\/\/nbg.eu\/hr\/proizvod\/muski-grad-vojna-14c28n\/","title":{"rendered":"Mu\u0161ki grad Vojna 14C28N"},"content":{"rendered":"<h2>Manly City Military 14C28N: Iznimni svakodnevni no\u017e<\/h2>\n<p>Manly City Military 14C28N je iznimni svakodnevni gradski no\u017e koji utjelovljuje na\u0161u filozofiju pru\u017eanja pa\u017eljivo odabranih primarnih materijala po razumnoj cijeni. S o\u0161tricom punog pla\u0161ta izra\u0111enom od \u010delika Sandvik 14C28N, ovaj model dizajniran je za svestranost i prakti\u010dnost.<\/p>\n<p>S mogu\u0107no\u0161\u0107u okretanja kop\u010de i dvostrukom pozicijom pina, Manly City Military 14C28N pogodan je za ljevake i desnake, osiguravaju\u0107i ugodan i prilagodljiv hvat. Materijal ru\u010dke od G10 pru\u017ea siguran i \u010dvrst hvat, dok mehanizam jednoru\u010dnog otvaranja i blokada le\u0111a omogu\u0107uju glatko i pouzdano rukovanje.<\/p>\n<p>Tehni\u010dke specifikacije:<\/p>\n<ul>\n<li>Model: CITY 14C28N Military Green Flat Handle<\/li>\n<li>Vrsta: Preklopni no\u017e<\/li>\n<li>Ukupna duljina: 17,7 cm<\/li>\n<li>Duljina o\u0161trice: 7,0 cm<\/li>\n<li>Duljina u sklopljenom stanju: 10,5 cm<\/li>\n<li>Debljina o\u0161trice: 2,7 mm<\/li>\n<li>Te\u017eina: 95 g<\/li>\n<li>Materijal o\u0161trice: 14C28N<\/li>\n<li>Materijal ru\u010dke: G10<\/li>\n<li>Otvaranje: Palac Stud<\/li>\n<li>Otvaranje: jednom rukom<\/li>\n<li>Vrsta zaklju\u010davanja: Lockback<\/li>\n<\/ul>\n","protected":false},"excerpt":{"rendered":"<p>Manly City Military 14C28N je izvanredan svakodnevni gradski no\u017e izra\u0111en od \u010delika Sandvik 14C28N i ru\u010dke od G10 materijala, pogodan za ljevake i de\u0161njake.<\/p>\n","protected":false},"featured_media":682292,"template":"","meta":{"_acf_changed":false},"product_brand":[15075],"product_cat":[13554],"product_tag":[],"class_list":{"0":"post-682125","1":"product","2":"type-product","3":"status-publish","4":"has-post-thumbnail","6":"product_brand-manly-knives","7":"product_cat-edc","9":"first","10":"instock","11":"taxable","12":"shipping-taxable","13":"purchasable","14":"product-type-simple"},"acf":[],"_links":{"self":[{"href":"https:\/\/nbg.eu\/hr\/wp-json\/wp\/v2\/product\/682125","targetHints":{"allow":["GET"]}}],"collection":[{"href":"https:\/\/nbg.eu\/hr\/wp-json\/wp\/v2\/product"}],"about":[{"href":"https:\/\/nbg.eu\/hr\/wp-json\/wp\/v2\/types\/product"}],"wp:featuredmedia":[{"embeddable":true,"href":"https:\/\/nbg.eu\/hr\/wp-json\/wp\/v2\/media\/682292"}],"wp:attachment":[{"href":"https:\/\/nbg.eu\/hr\/wp-json\/wp\/v2\/media?parent=682125"}],"wp:term":[{"taxonomy":"product_brand","embeddable":true,"href":"https:\/\/nbg.eu\/hr\/wp-json\/wp\/v2\/product_brand?post=682125"},{"taxonomy":"product_cat","embeddable":true,"href":"https:\/\/nbg.eu\/hr\/wp-json\/wp\/v2\/product_cat?post=682125"},{"taxonomy":"product_tag","embeddable":true,"href":"https:\/\/nbg.eu\/hr\/wp-json\/wp\/v2\/product_tag?post=682125"}],"curies":[{"name":"wp","href":"https:\/\/api.w.org\/{rel}","templated":true}]}}