{"id":682352,"date":"2026-01-09T22:09:00","date_gmt":"2026-01-09T19:09:00","guid":{"rendered":"https:\/\/nbg.eu\/product\/manly-city-g10-black-s90v\/"},"modified":"2026-01-21T12:28:45","modified_gmt":"2026-01-21T09:28:45","slug":"manly-city-g10-black-s90v","status":"publish","type":"product","link":"https:\/\/nbg.eu\/hr\/proizvod\/manly-city-g10-black-s90v\/","title":{"rendered":"Manly City G10 Black S90V"},"content":{"rendered":"<h2>Manly City G10 Black S90V: Izniman svakodnevni no\u017ei\u0107 za no\u0161enje<\/h2>\n<p>Kao \u0161to samo ime sugerira, Manly City G10 Black S90V je izniman svakodnevni no\u017ei\u0107 za no\u0161enje u gradu. Izra\u0111en prema na\u0161oj filozofiji nu\u0111enja korisnicima pa\u017eljivo odabranih premium materijala po razumnoj cijeni, ovaj sklopivi no\u017ei\u0107 ima o\u0161tricu u punom profilu izra\u0111enu od \u010delika CPM S90V s tvrdo\u0107om po Rockwellu od 60-62 HRC. Njegova reverzibilna kop\u010da za d\u017eep i dvije pozicije za pin \u010dine ga savr\u0161eno prikladnim za korisnike i lijeve i desne ruke.<\/p>\n<p>S ukupnom du\u017einom od 17,7 cm, o\u0161tricom od 7,0 cm i du\u017einom kada je sklopljen od 10,5 cm, ovaj no\u017ei\u0107 ima o\u0161tricu debljine 2,7 mm i te\u017eak je svega 95 g. Dr\u0161ka je izra\u0111ena od izdr\u017eljivog 3D G10 materijala, a no\u017ei\u0107 se mo\u017ee otvarati jednom rukom pomo\u0107u kliza\u010da na palcu. \u010cvrsti mehanizam zaklju\u010davanja na pole\u0111ini osigurava sigurno i pouzdano otvaranje o\u0161trice.<\/p>\n<p>Dostupan u elegantnoj crnoj boji, Manly City G10 Black S90V je savr\u0161eni svakodnevni prate\u0107i no\u017ei\u0107, koji spaja premium performanse i kvalitetnu izradu po dostupnoj cijeni.<\/p>\n","protected":false},"excerpt":{"rendered":"<p>Iznimni svakodnevni gradski no\u017e s o\u0161tricom od CPM S90V, ru\u010dkom od 3D G10 i obostrano monta\u017enim klipom.<\/p>\n","protected":false},"featured_media":682554,"template":"","meta":{"_acf_changed":false},"product_brand":[15075],"product_cat":[13554,15382,15359],"product_tag":[],"class_list":{"0":"post-682352","1":"product","2":"type-product","3":"status-publish","4":"has-post-thumbnail","6":"product_brand-manly-knives","7":"product_cat-edc","8":"product_cat-folding-knives-hr","9":"product_cat-knives-hr","11":"first","12":"outofstock","13":"taxable","14":"shipping-taxable","15":"purchasable","16":"product-type-simple"},"acf":[],"_links":{"self":[{"href":"https:\/\/nbg.eu\/hr\/wp-json\/wp\/v2\/product\/682352","targetHints":{"allow":["GET"]}}],"collection":[{"href":"https:\/\/nbg.eu\/hr\/wp-json\/wp\/v2\/product"}],"about":[{"href":"https:\/\/nbg.eu\/hr\/wp-json\/wp\/v2\/types\/product"}],"wp:featuredmedia":[{"embeddable":true,"href":"https:\/\/nbg.eu\/hr\/wp-json\/wp\/v2\/media\/682554"}],"wp:attachment":[{"href":"https:\/\/nbg.eu\/hr\/wp-json\/wp\/v2\/media?parent=682352"}],"wp:term":[{"taxonomy":"product_brand","embeddable":true,"href":"https:\/\/nbg.eu\/hr\/wp-json\/wp\/v2\/product_brand?post=682352"},{"taxonomy":"product_cat","embeddable":true,"href":"https:\/\/nbg.eu\/hr\/wp-json\/wp\/v2\/product_cat?post=682352"},{"taxonomy":"product_tag","embeddable":true,"href":"https:\/\/nbg.eu\/hr\/wp-json\/wp\/v2\/product_tag?post=682352"}],"curies":[{"name":"wp","href":"https:\/\/api.w.org\/{rel}","templated":true}]}}