{"id":682596,"date":"2026-01-09T22:08:59","date_gmt":"2026-01-09T19:08:59","guid":{"rendered":"https:\/\/nbg.eu\/product\/manly-city-black-14c28n\/"},"modified":"2026-01-21T12:29:38","modified_gmt":"2026-01-21T09:29:38","slug":"manly-city-black-14c28n","status":"publish","type":"product","link":"https:\/\/nbg.eu\/hr\/proizvod\/manly-city-black-14c28n\/","title":{"rendered":"Manly City Black 14C28N"},"content":{"rendered":"<h2>Manly City Black 14C28N: Iznimni svakodnevni gradski no\u017e<\/h2>\n<p>Manly City Black 14C28N je iznimni svakodnevni gradski no\u017e koji utjelovljuje na\u0161u filozofiju nu\u0111enja korisnicima pa\u017eljivo odabranih osnovnih materijala po razumnoj cijeni. S punom ravnom o\u0161tricom izra\u0111enom od izdr\u017eljivog \u010delika Sandvik 14C28N, ovaj sklopivi no\u017e dizajniran je da bude pouzdan pratitelj za svakodnevne zadatke.<\/p>\n<p>S ukupnom duljinom od 17,7 cm i duljinom o\u0161trice od 7,0 cm, Manly City Black 14C28N je kompaktan i svestran alat. Kada je sklopljen, mjeri 10,5 cm, \u0161to ga \u010dini lakim za no\u0161enje i pohranu. Debljina o\u0161trice od 2,7 mm i ukupna te\u017eina od 95 g osiguravaju uravnote\u017eeno i ugodno rukovanje.<\/p>\n<p>Jedna od istaknutih zna\u010dajki ovog no\u017ea je njegov reverzibilni klip, \u0161to ga \u010dini prikladnim za ljevake i de\u0161njake. Materijal ru\u010dke izra\u0111en je od izdr\u017eljivog G10-a, pru\u017eaju\u0107i siguran i neklizaju\u0107i hvat, \u010dak i u vla\u017enim ili zahtjevnim uvjetima.<\/p>\n<p>Opremljen mehanizmom za otvaranje objema rukama i pouzdanim mehanizmom za blokiranje, Manly City Black 14C28N nudi sigurno i pouzdano rukovanje, osiguravaju\u0107i da va\u0161i zadaci rezanja budu izvedeni s povjerenjem i precizno\u0161\u0107u. Elegantna crna boja dodaje no\u017ea moderan i sofisticiran izgled, \u010dine\u0107i ga stilskim izborom za svakodnevno no\u0161enje.<\/p>\n","protected":false},"excerpt":{"rendered":"<p>No\u017ei\u0107 Manly City Black 14C28N iznimno je prakti\u010dan no\u017ei\u0107 za svakodnevnu uporabu s o\u0161tricom od punog flata u \u010deliku Sandvik 14C28N i prilagodljivom kop\u010dom za lijevu ili desnu ruku.<\/p>\n","protected":false},"featured_media":682845,"template":"","meta":{"_acf_changed":false},"product_brand":[15075],"product_cat":[13554,15382,15359],"product_tag":[],"class_list":{"0":"post-682596","1":"product","2":"type-product","3":"status-publish","4":"has-post-thumbnail","6":"product_brand-manly-knives","7":"product_cat-edc","8":"product_cat-folding-knives-hr","9":"product_cat-knives-hr","11":"first","12":"instock","13":"taxable","14":"shipping-taxable","15":"purchasable","16":"product-type-simple"},"acf":[],"_links":{"self":[{"href":"https:\/\/nbg.eu\/hr\/wp-json\/wp\/v2\/product\/682596","targetHints":{"allow":["GET"]}}],"collection":[{"href":"https:\/\/nbg.eu\/hr\/wp-json\/wp\/v2\/product"}],"about":[{"href":"https:\/\/nbg.eu\/hr\/wp-json\/wp\/v2\/types\/product"}],"wp:featuredmedia":[{"embeddable":true,"href":"https:\/\/nbg.eu\/hr\/wp-json\/wp\/v2\/media\/682845"}],"wp:attachment":[{"href":"https:\/\/nbg.eu\/hr\/wp-json\/wp\/v2\/media?parent=682596"}],"wp:term":[{"taxonomy":"product_brand","embeddable":true,"href":"https:\/\/nbg.eu\/hr\/wp-json\/wp\/v2\/product_brand?post=682596"},{"taxonomy":"product_cat","embeddable":true,"href":"https:\/\/nbg.eu\/hr\/wp-json\/wp\/v2\/product_cat?post=682596"},{"taxonomy":"product_tag","embeddable":true,"href":"https:\/\/nbg.eu\/hr\/wp-json\/wp\/v2\/product_tag?post=682596"}],"curies":[{"name":"wp","href":"https:\/\/api.w.org\/{rel}","templated":true}]}}