{"id":683275,"date":"2025-12-17T17:30:35","date_gmt":"2025-12-17T14:30:35","guid":{"rendered":"https:\/\/nbg.eu\/product\/manly-blaze-black-g10-rwl-34\/"},"modified":"2026-01-21T11:41:30","modified_gmt":"2026-01-21T08:41:30","slug":"manly-blaze-black-g10-rwl-34","status":"publish","type":"product","link":"https:\/\/nbg.eu\/hr\/proizvod\/manly-blaze-black-g10-rwl-34\/","title":{"rendered":"Manly Blaze Black G10 RWL-34"},"content":{"rendered":"<h2>Manly Blaze Black G10 RWL-34 &#8211; Vrhunski no\u017e za bojni izlet<\/h2>\n<p>Blaze RWL-34 Black je savr\u0161eni no\u017e za bojni izlet. Sa fiksnim sje\u010divom i konstrukcijom cijele dr\u0161ke + vrhunskim RWL-34 pra\u0161kastim \u010delikom, trajnost ovog no\u017ea je zajam\u010dena. Dr\u0161ka je napravljena od crnog teksturiranog G10 materijala otpornog na koroziju. No\u017e se lako vadi iz korice (napravljene od kydex-a) jednostavnim pokretom jedne ruke, a spoj s remenom mo\u017ee biti horizontalan ili vertikalan.<\/p>\n<p>Ako vam treba pouzdan no\u017e u planini, kampiranju ili ribolovu, Blaze je za vas.<\/p>\n<h2>Tehni\u010dke specifikacije<\/h2>\n<p>Naziv: Blaze \u2013 RWL-34 Black<br \/>\nTip: Fiksno sje\u010divo<br \/>\nUkupna duljina: 24.5 cm<br \/>\nDuljina sje\u010diva: 11.9 cm<br \/>\nDebljina sje\u010diva: 4 mm<br \/>\nTvrdo\u0107a o\u0161trice: 62 hrc<br \/>\nTe\u017eina: 210g<br \/>\nMaterijal sje\u010diva: RWL-34<br \/>\nMaterijal dr\u0161ke: G10<br \/>\nMaterijal korice: Kydex<\/p>\n","protected":false},"excerpt":{"rendered":"<p>Blaze RWL-34 crni: savr\u0161eni Bushcraft no\u017e s fiksnim sje\u010divom, punim tangom i RWL-34 \u010deli\u010dnim prahom.<\/p>\n","protected":false},"featured_media":683335,"template":"","meta":{"_acf_changed":false},"product_brand":[15075],"product_cat":[2876],"product_tag":[],"class_list":{"0":"post-683275","1":"product","2":"type-product","3":"status-publish","4":"has-post-thumbnail","6":"product_brand-manly-knives","7":"product_cat-rahohvatki","9":"first","10":"instock","11":"taxable","12":"shipping-taxable","13":"purchasable","14":"product-type-simple"},"acf":[],"_links":{"self":[{"href":"https:\/\/nbg.eu\/hr\/wp-json\/wp\/v2\/product\/683275","targetHints":{"allow":["GET"]}}],"collection":[{"href":"https:\/\/nbg.eu\/hr\/wp-json\/wp\/v2\/product"}],"about":[{"href":"https:\/\/nbg.eu\/hr\/wp-json\/wp\/v2\/types\/product"}],"wp:featuredmedia":[{"embeddable":true,"href":"https:\/\/nbg.eu\/hr\/wp-json\/wp\/v2\/media\/683335"}],"wp:attachment":[{"href":"https:\/\/nbg.eu\/hr\/wp-json\/wp\/v2\/media?parent=683275"}],"wp:term":[{"taxonomy":"product_brand","embeddable":true,"href":"https:\/\/nbg.eu\/hr\/wp-json\/wp\/v2\/product_brand?post=683275"},{"taxonomy":"product_cat","embeddable":true,"href":"https:\/\/nbg.eu\/hr\/wp-json\/wp\/v2\/product_cat?post=683275"},{"taxonomy":"product_tag","embeddable":true,"href":"https:\/\/nbg.eu\/hr\/wp-json\/wp\/v2\/product_tag?post=683275"}],"curies":[{"name":"wp","href":"https:\/\/api.w.org\/{rel}","templated":true}]}}