{"id":683365,"date":"2025-12-17T17:40:13","date_gmt":"2025-12-17T14:40:13","guid":{"rendered":"https:\/\/nbg.eu\/product\/muzevni-blaze-black-g10-d2\/"},"modified":"2026-01-21T11:39:01","modified_gmt":"2026-01-21T08:39:01","slug":"muzevni-blaze-black-g10-d2","status":"publish","type":"product","link":"https:\/\/nbg.eu\/hr\/proizvod\/muzevni-blaze-black-g10-d2\/","title":{"rendered":"Mu\u017eevni Blaze Black G10 D2"},"content":{"rendered":"<h2>Blaze D2 Black: Pouzdani no\u017e za avanture u prirodi<\/h2>\n<p>Blaze D2 Black je savr\u0161eni no\u017e za aktivnosti u prirodi, osmi\u0161ljen za izdr\u017eljivo kori\u0161tenje na otvorenom. Sa svojom fiksnom o\u0161tricom i konstrukcijom punog trupa, ovaj no\u017e nudi nezamjenjivu stabilnost i izdr\u017eljivost, osiguravaju\u0107i da mo\u017ee izdr\u017eati i najte\u017ee zadatke. Teksturirana crna G10 dr\u0161ka otporna je na koroziju i pru\u017ea siguran hvat \u010dak i u vla\u017enim uvjetima.<\/p>\n<p>Blaze se mo\u017ee lako izvaditi iz svoje Kydex korice jednostrukim potezom, omogu\u0107uju\u0107i brz pristup kada je to najpotrebnije. Vi\u0161enamjenska spojka na remen mo\u017ee se postaviti vodoravno ili okomito, \u0161to ga \u010dini pogodnim za no\u0161enje tijekom avantura.<\/p>\n<p>Bilo da se suo\u010davate s izazovima divljine, kampiranjem ili ribolovom, Blaze D2 Black je pouzdan suputnik na koji se mo\u017eete osloniti. Izra\u0111en s precizno\u0161\u0107u, ovaj no\u017e ima tvrdo\u0107u o\u0161trice od 61HRC, osiguravaju\u0107i da se mo\u017ee nositi s \u0161irokim rasponom zadataka s lako\u0107om. Sa svojom o\u0161tricom od materijala 1.2379 (D2) i \u010dvrstom konstrukcijom, Blaze D2 Black je napravljen da traje, \u010dine\u0107i ga neophodnim alatom za svakog entuzijasta na otvorenom.<\/p>\n","protected":false},"excerpt":{"rendered":"<p>Blaze D2 Black &#8211; idealan Bushcraft no\u017e. Teksturirano G10 rukohvat, D2 \u010deli\u010dno sje\u010divo, Kydex futrol.<\/p>\n","protected":false},"featured_media":683406,"template":"","meta":{"_acf_changed":false},"product_brand":[15075],"product_cat":[2876],"product_tag":[],"class_list":{"0":"post-683365","1":"product","2":"type-product","3":"status-publish","4":"has-post-thumbnail","6":"product_brand-manly-knives","7":"product_cat-rahohvatki","9":"first","10":"instock","11":"taxable","12":"shipping-taxable","13":"purchasable","14":"product-type-simple"},"acf":[],"_links":{"self":[{"href":"https:\/\/nbg.eu\/hr\/wp-json\/wp\/v2\/product\/683365","targetHints":{"allow":["GET"]}}],"collection":[{"href":"https:\/\/nbg.eu\/hr\/wp-json\/wp\/v2\/product"}],"about":[{"href":"https:\/\/nbg.eu\/hr\/wp-json\/wp\/v2\/types\/product"}],"wp:featuredmedia":[{"embeddable":true,"href":"https:\/\/nbg.eu\/hr\/wp-json\/wp\/v2\/media\/683406"}],"wp:attachment":[{"href":"https:\/\/nbg.eu\/hr\/wp-json\/wp\/v2\/media?parent=683365"}],"wp:term":[{"taxonomy":"product_brand","embeddable":true,"href":"https:\/\/nbg.eu\/hr\/wp-json\/wp\/v2\/product_brand?post=683365"},{"taxonomy":"product_cat","embeddable":true,"href":"https:\/\/nbg.eu\/hr\/wp-json\/wp\/v2\/product_cat?post=683365"},{"taxonomy":"product_tag","embeddable":true,"href":"https:\/\/nbg.eu\/hr\/wp-json\/wp\/v2\/product_tag?post=683365"}],"curies":[{"name":"wp","href":"https:\/\/api.w.org\/{rel}","templated":true}]}}