{"id":683446,"date":"2025-12-17T18:06:26","date_gmt":"2025-12-17T15:06:26","guid":{"rendered":"https:\/\/nbg.eu\/product\/nocpix-m6t25s-toplinska-kamera-za-automobil-s-inteligentnom-detekcijom-vrucih-objekata\/"},"modified":"2026-01-21T11:45:00","modified_gmt":"2026-01-21T08:45:00","slug":"nocpix-m6t25s-toplinska-kamera-za-automobil-s-inteligentnom-detekcijom-vrucih-objekata","status":"publish","type":"product","link":"https:\/\/nbg.eu\/hr\/proizvod\/nocpix-m6t25s-toplinska-kamera-za-automobil-s-inteligentnom-detekcijom-vrucih-objekata\/","title":{"rendered":"Nocpix M6T25S Toplinska kamera za automobil s inteligentnom detekcijom vru\u0107ih objekata"},"content":{"rendered":"<h2>Nocpix M6T25S termalna automobilska kamera s inteligentnim otkrivanjem toplih predmeta<\/h2>\n<p>Predstavljamo Nocpix MT seriju, inovativni dome skener tvrtke Nocpix posebno dizajniran za lov. To je va\u0161 idealan izbor ne samo za vo\u017enju tijekom lova, ve\u0107 se tako\u0111er mo\u017ee prilagoditi razli\u010ditim lova\u010dkim metodama i navikama. Opremljen najnaprednijim AI modelima i visokoefikasnom ra\u010dunalnom snagom, MT osigurava stabilne performanse \u010dak i tijekom vo\u017enje i nudi precizno otkrivanje, zaklju\u010davanje i pra\u0107enje plijena, isporu\u010duju\u0107i visokokvalitetne slike i izvanredno lova\u010dko iskustvo.<\/p>\n<h2>AI inteligentne performanse<\/h2>\n<p>Napajan YOLO V5 modelom dubokog u\u010denja i 2T ra\u010dunalne snage, ovaj sustav osmi\u0161ljen je za pobolj\u0161anje va\u0161eg lova\u010dkog iskustva. Model dubokog u\u010denja, obu\u010den na ogromnom skupu podataka, omogu\u0107uje brzo automatsko prepoznavanje i pra\u0107enje plijena, s preciznim okvirima za ozna\u010davanje ciljeva. To \u010dini cijeli lova\u010dki proces &#8211; identifikacija, ciljanje i pra\u0107enje &#8211; puno lak\u0161im i glatkim, smanjuju\u0107i napor potreban za obavljanje svakog koraka samostalno.<\/p>\n<h2>Beskrtno 360\u00b0 panoramski pogled 90\u00b0 raspon nagiba<\/h2>\n<p>MT nudi \u0161iroki 360\u00b0 panoramski pogled s 90\u00b0 rasponom nagiba, pru\u017eaju\u0107i potpuno pokrivanje. To osigurava potpuno, neprekinuto pra\u0107enje va\u0161eg plijena bez slijepih to\u010daka.<\/p>\n<h2>Zavr\u0161na stabilizacija<\/h2>\n<p>Stabilizacija na 2 osi omogu\u0107uje MT-u mogu\u0107nost isporuke stabilne slike, automatska kalibracija ispravlja pomak le\u0107e uzrokovan udarima na cesti ili bilo kojim vanjskim okoli\u0161nim \u010dimbenicima, odr\u017eavaju\u0107i konstantan smjer.<\/p>\n<h2>Iznimno tiho korisni\u010dko iskustvo<\/h2>\n<p>M6T25S koristi beskrtni motor za 360-stupanjsku horizontalnu rotaciju i dinami\u010dni balansirani dizajn, \u0161to zna\u010di da radi na niskoj razini decibela tijekom rotacije i naginjanja, osiguravaju\u0107i da va\u0161e lova\u010dko iskustvo ostane neprekinuto i ugodno.<\/p>\n<h2>Vi\u0161e na\u010dina povezivanja i prikaza terminala<\/h2>\n<p>Kako bi se prilagodio razli\u010ditim navikama i scenarijima kori\u0161tenja, podr\u017eana su dva na\u010dina povezivanja: kabel i WiFi. Povezivanje kabelom pru\u017ea relativno stabilniji prijenos slike, dok WiFi nudi prakti\u010dnije i be\u017ei\u010dno iskustvo. Prijenos slike u stvarnom vremenu dostupan je na bilo kojem ure\u0111aju s instaliranom Nocpix aplikacijom, uklju\u010duju\u0107i, ali ne ograni\u010davaju\u0107i se na iPad, mobilne telefone itd.<\/p>\n","protected":false},"excerpt":{"rendered":"<p>Nocpix M6T25S Termalna kamera za automobil s inteligentnom detekcijom za vru\u0107e predmete. Inteligentno pretra\u017eivanje, efektivni domet 2300m, daljinski upravlja\u010d, 2 punjive baterije za do 7 sati rada.<\/p>\n<p>Ako artikl nije dostupan, molimo vas da nas kontaktirate: shop@nbg.eu ili +359896147790<\/p>\n","protected":false},"featured_media":683586,"template":"","meta":{"_acf_changed":false},"product_brand":[14446],"product_cat":[13540],"product_tag":[],"class_list":{"0":"post-683446","1":"product","2":"type-product","3":"status-publish","4":"has-post-thumbnail","6":"product_brand-nocpix","7":"product_cat-termovizija","9":"first","10":"instock","11":"taxable","12":"shipping-taxable","13":"purchasable","14":"product-type-simple"},"acf":[],"_links":{"self":[{"href":"https:\/\/nbg.eu\/hr\/wp-json\/wp\/v2\/product\/683446","targetHints":{"allow":["GET"]}}],"collection":[{"href":"https:\/\/nbg.eu\/hr\/wp-json\/wp\/v2\/product"}],"about":[{"href":"https:\/\/nbg.eu\/hr\/wp-json\/wp\/v2\/types\/product"}],"wp:featuredmedia":[{"embeddable":true,"href":"https:\/\/nbg.eu\/hr\/wp-json\/wp\/v2\/media\/683586"}],"wp:attachment":[{"href":"https:\/\/nbg.eu\/hr\/wp-json\/wp\/v2\/media?parent=683446"}],"wp:term":[{"taxonomy":"product_brand","embeddable":true,"href":"https:\/\/nbg.eu\/hr\/wp-json\/wp\/v2\/product_brand?post=683446"},{"taxonomy":"product_cat","embeddable":true,"href":"https:\/\/nbg.eu\/hr\/wp-json\/wp\/v2\/product_cat?post=683446"},{"taxonomy":"product_tag","embeddable":true,"href":"https:\/\/nbg.eu\/hr\/wp-json\/wp\/v2\/product_tag?post=683446"}],"curies":[{"name":"wp","href":"https:\/\/api.w.org\/{rel}","templated":true}]}}