{"id":683649,"date":"2026-01-08T18:14:29","date_gmt":"2026-01-08T15:14:29","guid":{"rendered":"https:\/\/nbg.eu\/product\/termalna-kamera-nocpix-vista-h50-50mm-12um-640x512-15mk-netd\/"},"modified":"2026-04-14T15:44:00","modified_gmt":"2026-04-14T12:44:00","slug":"termalna-kamera-nocpix-vista-h50-50mm-12um-640x512-15mk-netd","status":"publish","type":"product","link":"https:\/\/nbg.eu\/hr\/proizvod\/termalna-kamera-nocpix-vista-h50-50mm-12um-640x512-15mk-netd\/","title":{"rendered":"Nocpix Termalna Kamera VISTA H50"},"content":{"rendered":"<h2>Nocpix VISTA H50 &#8211; Termalna kamera za uporabu danju i no\u0107u<\/h2>\n<p>Nocpix VISTA H50 je termalna kamera napredne tehnologije dizajnirana za uporabu danju i no\u0107u. Pru\u017ea iznimnu kvalitetu slike \u010dak i u te\u0161kim vremenskim uvjetima kao \u0161to su magla, smog i ki\u0161a, te mo\u017ee otkrivati ciljeve kroz prepreke kao \u0161to su grane, visoka trava i gusti\u0161ta koja obi\u010dno zaklanjaju vidljivost.<\/p>\n<p>VISTA H50 je vrlo fleksibilna i pogodna za niz primjena, uklju\u010duju\u0107i lov, sigurnost, nadzor, navigaciju terenom te operacije potraga i spa\u0161avanja. Njezina napredna termalna tehnologija jam\u010di pouzdane performanse, pru\u017eaju\u0107i jasne slike i precizna mjerenja u zahtjevnim okru\u017eenjima.<\/p>\n<h2>Klju\u010dne specifikacije:<\/h2>\n<p>Razlu\u010divost: 640 x 512<br \/>\nVeli\u010dina piksela: 12<br \/>\nNETD, mK: \u226415<br \/>\nBrzina slike: 50<br \/>\nObjektiv: 50mm F0.9<br \/>\nVidno polje: 8.8 x 7.0<br \/>\nVidno polje (linearno): 15 x 12<br \/>\nPove\u0107anje: 4~40<br \/>\nDomet detekcije: 2600<br \/>\nUdaljenost od oka: 25<br \/>\nPromjer izlazne pupile: 8<br \/>\nDioptrija: -4 ~ +6<br \/>\nTip zaslona: AMOLED<br \/>\nRazlu\u010divost zaslona: 2560 x 2560<br \/>\nBaterija: Zamjenjiva litij-ionska baterija IBP-7 \/ 4400mAh<br \/>\nMaks. vrijeme rada: 5.5<br \/>\nWi-Fi\/Aplikacija: DA<br \/>\nMikrofon: DA<br \/>\nKapacitet memorije: 64GB<br \/>\nIP ocjena: IP67<br \/>\nMaks. radna temperatura: -20 ~ +50<br \/>\nMasa (unci): 22.93<br \/>\nMasa (g): 650<br \/>\nDimenzije (in): 7.64 x 2.76 x 3.23<br \/>\nDimenzije (mm): 194 x 70 x 82<\/p>\n","protected":false},"excerpt":{"rendered":"<p>Nocpix VISTA H50 je termalna kamera rezolucije 640&#215;512 s 12um pikselima, \u226415mK NETD-om, objektivom 50mm F0.9 i AMOLED zaslonom rezolucije 2560&#215;2560.<br \/>\nAko artikl nije dostupan, obratite nam se na: shop@nbg.eu ili +359896147790<\/p>\n","protected":false},"featured_media":683699,"template":"","meta":{"_acf_changed":false},"product_brand":[14446],"product_cat":[13540,16062],"product_tag":[],"class_list":{"0":"post-683649","1":"product","2":"type-product","3":"status-publish","4":"has-post-thumbnail","6":"product_brand-nocpix","7":"product_cat-termovizija","8":"product_cat-thermal-cameras-hr","10":"first","11":"instock","12":"taxable","13":"shipping-taxable","14":"purchasable","15":"product-type-simple"},"acf":[],"_links":{"self":[{"href":"https:\/\/nbg.eu\/hr\/wp-json\/wp\/v2\/product\/683649","targetHints":{"allow":["GET"]}}],"collection":[{"href":"https:\/\/nbg.eu\/hr\/wp-json\/wp\/v2\/product"}],"about":[{"href":"https:\/\/nbg.eu\/hr\/wp-json\/wp\/v2\/types\/product"}],"wp:featuredmedia":[{"embeddable":true,"href":"https:\/\/nbg.eu\/hr\/wp-json\/wp\/v2\/media\/683699"}],"wp:attachment":[{"href":"https:\/\/nbg.eu\/hr\/wp-json\/wp\/v2\/media?parent=683649"}],"wp:term":[{"taxonomy":"product_brand","embeddable":true,"href":"https:\/\/nbg.eu\/hr\/wp-json\/wp\/v2\/product_brand?post=683649"},{"taxonomy":"product_cat","embeddable":true,"href":"https:\/\/nbg.eu\/hr\/wp-json\/wp\/v2\/product_cat?post=683649"},{"taxonomy":"product_tag","embeddable":true,"href":"https:\/\/nbg.eu\/hr\/wp-json\/wp\/v2\/product_tag?post=683649"}],"curies":[{"name":"wp","href":"https:\/\/api.w.org\/{rel}","templated":true}]}}