{"id":683736,"date":"2026-01-08T18:13:33","date_gmt":"2026-01-08T15:13:33","guid":{"rendered":"https:\/\/nbg.eu\/product\/termalna-kamera-nocpix-vista-h35-bez-daljinomjera-35mm-12um-640x512-15mk-net\/"},"modified":"2026-04-14T15:44:20","modified_gmt":"2026-04-14T12:44:20","slug":"termalna-kamera-nocpix-vista-h35-bez-daljinomjera-35mm-12um-640x512-15mk-net","status":"publish","type":"product","link":"https:\/\/nbg.eu\/hr\/proizvod\/termalna-kamera-nocpix-vista-h35-bez-daljinomjera-35mm-12um-640x512-15mk-net\/","title":{"rendered":"Nocpix Termalna Kamera VISTA H35"},"content":{"rendered":"<h2>Nocpix VISTA H35 Toplinski monokular &#8211; 35mm 12um 640&#215;512 \u226415mK NET<\/h2>\n<p>Nocpix VISTA H35 je vi\u0161enamjenski toplinski monokular dizajniran za pouzdanu upotrebu danju i no\u0107u. Ovaj napredni ure\u0111aj nudi iznimne performanse termi\u010dkog snimanja, pru\u017eaju\u0107i jasne i detaljne vizualne informacije \u010dak i u zahtjevnim vremenskim uvjetima kao \u0161to su magla, smog i ki\u0161a. U stanju je detektirati ciljeve kroz prepreke poput grana, visoke trave i guste vegetacije, osiguravaju\u0107i u\u010dinkovit rad u okolinama gdje tradicionalna optika nije dovoljna.<\/p>\n<p>Idealan za niz primjena, VISTA H35 savr\u0161en je za lov, nadzor, sigurnost, navigaciju terena i misije traganja i spa\u0161avanja. Sa svojom najsuvremenijom tehnologijom i izdr\u017eljivom konstrukcijom, VISTA H35 osigurava precizno otkrivanje i mjerenje u najte\u017eim uvjetima.<\/p>\n<h2>Zna\u010dajke<\/h2>\n<p>-640\u00d7512 12\u03bcm detektor<br \/>\nNETD\u226415mK<br \/>\n-60Hz visoka frekvencija sli\u010dica<br \/>\n-F0.9 le\u0107a<br \/>\n-AMOLED 2560\u00d72560 kru\u017eni zaslon<br \/>\n-IBP-7 baterija koja se brzo mijenja i puni<br \/>\n-Glatko digitalno pove\u0107avanje: 1\u00d7~8\u00d7<br \/>\n-Ultra \u010disti na\u010din rada<br \/>\n-Za\u0161tita o\u010diju s niskom svjetlinom, paletom boja i toplim nijansama<br \/>\n-Elektroni\u010dka stabilizacija slike<\/p>\n","protected":false},"excerpt":{"rendered":"<p>Termalna kamera Nocpix VISTA H35 bez daljinomjera &#8211; 35mm 12um 640&#215;512 &lt;15mk NET<\/p>\n<p>Ako stavka nije dostupna, molimo Vas da nas kontaktirate: shop@nbg.eu ili +359896147790<\/p>\n<p>\n","protected":false},"featured_media":683854,"template":"","meta":{"_acf_changed":false},"product_brand":[14446],"product_cat":[13540,16062],"product_tag":[],"class_list":{"0":"post-683736","1":"product","2":"type-product","3":"status-publish","4":"has-post-thumbnail","6":"product_brand-nocpix","7":"product_cat-termovizija","8":"product_cat-thermal-cameras-hr","10":"first","11":"instock","12":"taxable","13":"shipping-taxable","14":"purchasable","15":"product-type-simple"},"acf":[],"_links":{"self":[{"href":"https:\/\/nbg.eu\/hr\/wp-json\/wp\/v2\/product\/683736","targetHints":{"allow":["GET"]}}],"collection":[{"href":"https:\/\/nbg.eu\/hr\/wp-json\/wp\/v2\/product"}],"about":[{"href":"https:\/\/nbg.eu\/hr\/wp-json\/wp\/v2\/types\/product"}],"wp:featuredmedia":[{"embeddable":true,"href":"https:\/\/nbg.eu\/hr\/wp-json\/wp\/v2\/media\/683854"}],"wp:attachment":[{"href":"https:\/\/nbg.eu\/hr\/wp-json\/wp\/v2\/media?parent=683736"}],"wp:term":[{"taxonomy":"product_brand","embeddable":true,"href":"https:\/\/nbg.eu\/hr\/wp-json\/wp\/v2\/product_brand?post=683736"},{"taxonomy":"product_cat","embeddable":true,"href":"https:\/\/nbg.eu\/hr\/wp-json\/wp\/v2\/product_cat?post=683736"},{"taxonomy":"product_tag","embeddable":true,"href":"https:\/\/nbg.eu\/hr\/wp-json\/wp\/v2\/product_tag?post=683736"}],"curies":[{"name":"wp","href":"https:\/\/api.w.org\/{rel}","templated":true}]}}