{"id":683918,"date":"2026-01-08T18:14:25","date_gmt":"2026-01-08T15:14:25","guid":{"rendered":"https:\/\/nbg.eu\/product\/termalna-kamera-nocpix-rico-2-h50r\/"},"modified":"2026-04-14T15:44:05","modified_gmt":"2026-04-14T12:44:05","slug":"termalna-kamera-nocpix-rico-2-h50r","status":"publish","type":"product","link":"https:\/\/nbg.eu\/hr\/proizvod\/termalna-kamera-nocpix-rico-2-h50r\/","title":{"rendered":"Nocpix Termalna Kamera Rico 2 H50R"},"content":{"rendered":"<h2>Nocpix Rico 2 H50R: Stru\u010dnjak za daljinsko ga\u0111anje<\/h2>\n<p>Serija Nocpix RICO 2 H50R termovizijskih ciljnika za pu\u0161ke dizajnirana je za lovce koji tra\u017ee najbolju jasno\u0107u, domet i udobnost. Osmi\u0161ljena s vode\u0107e industrijski toplinskim senzorom i visokom frekvencijom sli\u010dica, pru\u017ea izvanrednu kvalitetu slike koja olak\u0161ava identifikaciju i pra\u0107enje mete. Njegov dugi \u017eari\u0161ni razmak i ugra\u0111eni LRF osiguravaju da mo\u017eete to\u010dno izmjeriti udaljene mete, dok napredni opti\u010dki dizajn pru\u017ea neometano do\u017eivljavanje gledanja bez izobli\u010denja. S ugra\u0111enom stepless polugom za zumiranje i iznimnom udaljeno\u0161\u0107u o\u010diju, serija Nocpix RICO 2 H50R omogu\u0107uje lovcima da jednostavno prilagode pove\u0107anje i osje\u0107aju se ugodno tijekom produljenog lova. Pomo\u0107u inovativnih tehnologija i dizajna usmjerenog na korisnika, serija Nocpix RICO 2 H50R vam zaista omogu\u0107uje lov izvan granica onoga \u0161to je mogu\u0107e.<\/p>\n<h2>Klju\u010dne zna\u010dajke:<\/h2>\n<p>Koristite prednost premium senzora druge generacije od 12\u03bcm@60Hz, s NETD \u226420mK, za o\u0161tre, visokokontrastne slike i pobolj\u0161anu identifikaciju mete.<\/p>\n<p>Nocpix RICO 2 H50R opremljen je ve\u0107im objektivima (50 mm\/F1.0, 42 mm\/F1.0), pru\u017eaju\u0107i pobolj\u0161ane sposobnosti sakupljanja svjetla za iznimnu jasno\u0107u slike i produ\u017eeni domet otkrivanja.<\/p>\n<p>Serija RICO 2 omogu\u0107uje vam fino pode\u0161avanje pove\u0107anja bez napora pomo\u0107u stepless poluge LPVO stila, pru\u017eaju\u0107i brze i jednostavne prilagodbe kako biste precizno anga\u017eirali mete na bilo kojoj udaljenosti.<\/p>\n<p>Serija RICO 2 ima impresivni domet otkrivanja do 2600 m, pru\u017eaju\u0107i vam zna\u010dajnu prednost u lovu na velike udaljenosti i preciznom ga\u0111anju.<\/p>\n<p>Nocpix RICO 2 H50R opremljen je integriranim LRF-om, nude\u0107i lasersko otkrivanje na udaljenostima do 1200 m sa stvarnim poravnanjem opti\u010dke osi, osiguravaju\u0107i precizna mjerenja udaljenosti uz zadr\u017eavanje elegantnog dizajna.<\/p>\n<p>Pojednostavite smje\u0161taj hitca s automatskim balisti\u010dki izra\u010dunima, koriste\u0107i integrirani LRF za jednostavno postizanje preciznih pogodaka na velikim udaljenostima.<\/p>\n<p>OLED zaslon 1.03&#8243; 2560\u00d72560 (H50R), o\u010dna le\u0107a bez izobli\u010denja, udaljenost oka od 70 mm i izlazna zjenica od 23 mm omogu\u0107uju jasno i ugodno gledanje tijekom produljenih sesija.<\/p>\n<p>Model H50R opremljen je dotad nevi\u0111enih 70 mm udaljenosti, \u0161to pru\u017ea maksimalnu udobnost za dugotrajnu uporabu bez zamora o\u010diju i osigurava sigurnost o\u010diju.<\/p>\n","protected":false},"excerpt":{"rendered":"<p>Termalna kamera Nocpix Rico 2 H50R. Stru\u010dnjak za dalekodomete. Senzor 640&#215;512, 60Hz, integrirani LRF, kontinuirani zum.<br \/>\nAko artikl nije dostupan, obratite nam se na: shop@nbg.eu ili +359896147790<\/p>\n","protected":false},"featured_media":684366,"template":"","meta":{"_acf_changed":false},"product_brand":[14446],"product_cat":[13540,16062],"product_tag":[],"class_list":{"0":"post-683918","1":"product","2":"type-product","3":"status-publish","4":"has-post-thumbnail","6":"product_brand-nocpix","7":"product_cat-termovizija","8":"product_cat-thermal-cameras-hr","10":"first","11":"instock","12":"taxable","13":"shipping-taxable","14":"purchasable","15":"product-type-simple"},"acf":[],"_links":{"self":[{"href":"https:\/\/nbg.eu\/hr\/wp-json\/wp\/v2\/product\/683918","targetHints":{"allow":["GET"]}}],"collection":[{"href":"https:\/\/nbg.eu\/hr\/wp-json\/wp\/v2\/product"}],"about":[{"href":"https:\/\/nbg.eu\/hr\/wp-json\/wp\/v2\/types\/product"}],"wp:featuredmedia":[{"embeddable":true,"href":"https:\/\/nbg.eu\/hr\/wp-json\/wp\/v2\/media\/684366"}],"wp:attachment":[{"href":"https:\/\/nbg.eu\/hr\/wp-json\/wp\/v2\/media?parent=683918"}],"wp:term":[{"taxonomy":"product_brand","embeddable":true,"href":"https:\/\/nbg.eu\/hr\/wp-json\/wp\/v2\/product_brand?post=683918"},{"taxonomy":"product_cat","embeddable":true,"href":"https:\/\/nbg.eu\/hr\/wp-json\/wp\/v2\/product_cat?post=683918"},{"taxonomy":"product_tag","embeddable":true,"href":"https:\/\/nbg.eu\/hr\/wp-json\/wp\/v2\/product_tag?post=683918"}],"curies":[{"name":"wp","href":"https:\/\/api.w.org\/{rel}","templated":true}]}}