{"id":684923,"date":"2026-01-08T18:13:14","date_gmt":"2026-01-08T15:13:14","guid":{"rendered":"https:\/\/nbg.eu\/product\/termalna-kamera-nocpix-ace-h50-12um-640x512-15mk-netd\/"},"modified":"2026-04-14T15:44:36","modified_gmt":"2026-04-14T12:44:36","slug":"termalna-kamera-nocpix-ace-h50-12um-640x512-15mk-netd","status":"publish","type":"product","link":"https:\/\/nbg.eu\/hr\/proizvod\/termalna-kamera-nocpix-ace-h50-12um-640x512-15mk-netd\/","title":{"rendered":"Nocpix Termalna Kamera ACE H50"},"content":{"rendered":"<h2>Nocpix ACE H50 termalni opti\u010dki ni\u0161an za pu\u0161ke: Neprevladana izvedba za lov<\/h2>\n<p>Nocpix ACE H50 termalni opti\u010dki ni\u0161an za pu\u0161ke kombinira naprednu tehnologiju i robusnu izdr\u017eljivost za neprevladano lova\u010dko iskustvo. Karakterizira ga termalni senzor visoke rezolucije od 640&#215;512 s NETD od \u226412mK za iznimnu jasno\u0107u slike i domet detekcije od 3100 metara. Inovativni sustav Vision+ nudi pove\u0107anje za jasne detalje na bliskoj udaljenosti, dok dvojni sustav baterija osigurava dugotrajnu uporabu. Izra\u0111en od legure visoko\u010dvrstog aluminija i s ocjenom IP67, ovaj opti\u010dki ni\u0161an osmi\u0161ljen je za odli\u010dno funkcioniranje u bilo kojem vanjskom okru\u017eenju i prilagodbu svakoj situaciji.<\/p>\n<p>Nocpix ACE H50 termalni opti\u010dki ni\u0161an za pu\u0161ke vrhunski je alat dizajniran kako bi redefinirao lova\u010dko iskustvo, bilo da navigirate mrakom no\u0107i ili progonite plijen kroz zahtjevni teren. Kao dio Nocpixove vrhunske ACE serije, ovaj termalni opti\u010dki ciljnik isti\u010de se kvalitetom slike i precizno\u0161\u0107u zahvaljuju\u0107i svojem visokorezolusnom termalnom senzoru i naprednim sustavima Reality+ i Vision+.<\/p>\n<p>U srcu Nocpix ACE H50 nalazi se njegov termalni senzor HD druge generacije koji se ponosi rezolucijom od 640&#215;512 i brzinom slike od 60 Hz, pru\u017eaju\u0107i nevjerojatno stabilne performanse. S NETD od \u226412mK, ovaj ni\u0161an otkriva i najmanje temperaturne razlike, pru\u017eaju\u0107i detaljne i glatke termalne slike idealne za pra\u0107enje brzo pokretnih ciljeva u stvarnom vremenu. Napredni algoritam obrade slike Reality+ dodatno pobolj\u0161ava to uklanjanjem okolne temperaturne buke, pru\u017eaju\u0107i bolji kontrast i jasno\u0107u \u010dak i u zahtjevnim lova\u010dkim uvjetima.<\/p>\n<p>ACE H50 opremljen je objektivom od 50mm\/F0.9 koji omogu\u0107uje 20% vi\u0161e svjetla da dopre do senzora, stvaraju\u0107i svjetlije i jasnije slike. To je od klju\u010dne va\u017enosti za lovce koji te\u017ee preciznosti, jer pobolj\u0161ana propusnost svjetla pru\u017ea bolju vidljivost u uvjetima slabog osvjetljenja. Osim toga, domet detekcije od 3100 metara izdvaja ACE, \u010dine\u0107i identifikaciju i pra\u0107enje udaljenih ciljeva lak\u0161ima i u\u010dinkovitijima nego ikad.<\/p>\n<p>Integrirani sustav Vision+ pobolj\u0161ava vizualno iskustvo pomo\u0107u kru\u017enog AMOLED zaslona dijagonale 1,03 in\u010da i rezolucije 2560&#215;2560. Njegov opti\u010dki sustav pove\u0107anja, osmi\u0161ljen kako bi se izbjeglo zamagljivanje i izobli\u010denje svojstveno tradicionalnim elektroni\u010dkim pove\u0107anjima, osigurava lovcima jasne, visokokvalitetne poglede u blizini bez gubitka detalja. To pru\u017ea uranjaju\u0107e i udobno iskustvo promatranja, bilo da tra\u017eite plijen iz daljine ili precizno ciljate.<\/p>\n<p>Osmi\u0161ljen za produ\u017eenu uporabu na terenu, ACE ima dvojni sustav baterija s ugra\u0111enom baterijom od 4000 mAh i dodatnom uklonjivom baterijom 18650, \u0161to omogu\u0107uje neprekinut rad tijekom dugih lova\u010dkih sesija. Robusni dizajn, izra\u0111en od legure visoko\u010dvrstog aluminija, osigurava da ACE mo\u017ee izdr\u017eati surova vanjska okru\u017eenja i te\u0161ku uporabu, pro\u0161av\u0161i stroge testove otpornosti na udar. S ocjenom vodonepropusnosti IP67, ovaj opti\u010dki ni\u0161an ostaje pouzdan u nepovoljnim vremenskim uvjetima, pru\u017eaju\u0107i lovcima mir uma bez obzira na okru\u017eenje.<\/p>\n<p>Dizajniran s lovcima na umu, Nocpix ACE H50 uklju\u010duje klju\u010dne zna\u010dajke poput snimanja videa aktiviranog trzajem i dizajna bez zatvara\u010da za bezbri\u017eno rukovanje na terenu. S korisni\u010dkim dodacima poput pode\u0161iva\u010da fokusa, za\u0161titnog poklopca za punjenje i mogu\u0107nosti izravnog reprodukiranja videozapisa putem zna\u010dajke Galerija, ovaj opti\u010dki ni\u0161an kombinira visoke performanse s prakti\u010dno\u0161\u0107u za optimalno lova\u010dko iskustvo.<\/p>\n","protected":false},"excerpt":{"rendered":"<p>Termalni ni\u0161an NocPix ACE H50 nudi rezoluciju 640&#215;512, \u226415mK NETD, domet detekcije 3100m i dvostruki baterijski sustav za iznimno lova\u010dko iskustvo.<\/p>\n<p>Ako artikl nije dostupan, molimo vas da nas kontaktirate: shop@nbg.eu ili +359896147790<\/p>\n<p>\n","protected":false},"featured_media":684973,"template":"","meta":{"_acf_changed":false},"product_brand":[14446],"product_cat":[13540,16062],"product_tag":[],"class_list":{"0":"post-684923","1":"product","2":"type-product","3":"status-publish","4":"has-post-thumbnail","6":"product_brand-nocpix","7":"product_cat-termovizija","8":"product_cat-thermal-cameras-hr","10":"first","11":"instock","12":"taxable","13":"shipping-taxable","14":"purchasable","15":"product-type-simple"},"acf":[],"_links":{"self":[{"href":"https:\/\/nbg.eu\/hr\/wp-json\/wp\/v2\/product\/684923","targetHints":{"allow":["GET"]}}],"collection":[{"href":"https:\/\/nbg.eu\/hr\/wp-json\/wp\/v2\/product"}],"about":[{"href":"https:\/\/nbg.eu\/hr\/wp-json\/wp\/v2\/types\/product"}],"wp:featuredmedia":[{"embeddable":true,"href":"https:\/\/nbg.eu\/hr\/wp-json\/wp\/v2\/media\/684973"}],"wp:attachment":[{"href":"https:\/\/nbg.eu\/hr\/wp-json\/wp\/v2\/media?parent=684923"}],"wp:term":[{"taxonomy":"product_brand","embeddable":true,"href":"https:\/\/nbg.eu\/hr\/wp-json\/wp\/v2\/product_brand?post=684923"},{"taxonomy":"product_cat","embeddable":true,"href":"https:\/\/nbg.eu\/hr\/wp-json\/wp\/v2\/product_cat?post=684923"},{"taxonomy":"product_tag","embeddable":true,"href":"https:\/\/nbg.eu\/hr\/wp-json\/wp\/v2\/product_tag?post=684923"}],"curies":[{"name":"wp","href":"https:\/\/api.w.org\/{rel}","templated":true}]}}