{"id":685076,"date":"2026-01-08T18:13:21","date_gmt":"2026-01-08T15:13:21","guid":{"rendered":"https:\/\/nbg.eu\/product\/thermal-monocular-nocpix-lumi-p13\/"},"modified":"2026-04-14T15:44:28","modified_gmt":"2026-04-14T12:44:28","slug":"thermal-monocular-nocpix-lumi-p13","status":"publish","type":"product","link":"https:\/\/nbg.eu\/hr\/proizvod\/thermal-monocular-nocpix-lumi-p13\/","title":{"rendered":"Nocpix Termalni Monokular LUMI P13"},"content":{"rendered":"<h2>Maksimalna izvedba s minimalnom te\u017einom &#8211; Nocpix LUMI P13: Uvijek imajte oko na svojoj okolini<\/h2>\n<p>Serija LUMI termalnih monokularnih ure\u0111aja dizajnirana je za dnevnu i no\u0107nu uporabu te vam pru\u017ea iznimnu kvalitetu slike \u010dak i u te\u0161kim vremenskim uvjetima poput magle, smoga ili ki\u0161e. \u010cak i ako prepreke poput grana, visoke trave ili guste vegetacije ote\u017eavaju vidljivost, zahvaljuju\u0107i ovoj tehnologiji uvijek mo\u017eete jasno vidjeti \u0161to se nalazi pred vama. Tako\u0111er su tako kompaktni i lagani da ih mo\u017eete lako nositi sa sobom kamo god \u017eelite.<\/p>\n<p>LUMI termalne kamere savr\u0161ene su za razne primjene poput lova, nadzora, sigurnosti, orijentacije na terenu ili potrage i spa\u0161avanja.<\/p>\n<h2>Nenadma\u0161na performansa snimanja za o\u0161tre slike<\/h2>\n<p>Serija LUMI postavlja nove standarde u kvaliteti slike. Opremljena najnaprednijim algoritmima snimanja i mo\u0107nim termalnim senzorom s NETD &lt; 20 mK, kamera pru\u017ea o\u0161tre i realisti\u010dne slike. AMOLED zaslon s rezolucijom od 1440 x 1080 piksela osigurava izvanredni prikaz slike, dok Ultra Clear mod dodatno optimizira jasno\u0107u slike, posebno u te\u0161kim vremenskim uvjetima.<\/p>\n<h2>Personalizirano iskustvo gledanja &#8211; Prilagodite ure\u0111aj savr\u0161eno svojim potrebama<\/h2>\n<p>Zahvaljuju\u0107i senzoru od 256 x 192 piksela i razli\u010ditim opcijama pode\u0161avanja, mo\u017eete prilagoditi ure\u0111aj to\u010dno kako vam odgovara. Odaberite izme\u0111u 5 modova boje i optimizirajte svoj pogled s 10 razina svjetline, o\u0161trine i kontrasta &#8211; tako da nijedan detalj ne pro\u0111e nezamije\u0107eno.<\/p>\n<h2>Dijeljenje do\u017eivljaja je lako s LUMI-jem<\/h2>\n<p>Snimanje posebnih trenutaka klju\u010dno je za suvremenog lovca. S Nocpix LUMI P13 ne samo da mo\u017eete lako dijeliti svoje snimke putem aplikacije, ve\u0107 ih i reproducirati izravno na ure\u0111aju &#8211; savr\u0161eno za trenutno dijeljenje svojih do\u017eivljaja s drugima.<\/p>\n<h2>Mo\u017ee se koristiti fleksibilno zahvaljuju\u0107i sustavu odvojivih baterija<\/h2>\n<p>Serija LUMI opremljena je standardnim 18650 baterijama, \u0161to vam daje maksimalnu fleksibilnost. Kamo god da odlazite, s uklju\u010denim punja\u010dem baterija bit \u0107ete spremni za nastavak u kratkom vremenu &#8211; i mo\u017eete nastaviti sa svojim zadatkom.<\/p>\n","protected":false},"excerpt":{"rendered":"<p>Maksimalna performansa s minimalnom te\u017einom &#8211; Nocpix LUMI P13: Uvijek imajte na oku svoj cilj.<\/p>\n<p>Ako artikl nije dostupan, obratite nam se: shop@nbg.eu ili +359896147790<\/p>\n","protected":false},"featured_media":685204,"template":"","meta":{"_acf_changed":false},"product_brand":[14446],"product_cat":[16061,13540],"product_tag":[],"class_list":{"0":"post-685076","1":"product","2":"type-product","3":"status-publish","4":"has-post-thumbnail","6":"product_brand-nocpix","7":"product_cat-monoculars-hr","8":"product_cat-termovizija","10":"first","11":"instock","12":"taxable","13":"shipping-taxable","14":"purchasable","15":"product-type-simple"},"acf":[],"_links":{"self":[{"href":"https:\/\/nbg.eu\/hr\/wp-json\/wp\/v2\/product\/685076","targetHints":{"allow":["GET"]}}],"collection":[{"href":"https:\/\/nbg.eu\/hr\/wp-json\/wp\/v2\/product"}],"about":[{"href":"https:\/\/nbg.eu\/hr\/wp-json\/wp\/v2\/types\/product"}],"wp:featuredmedia":[{"embeddable":true,"href":"https:\/\/nbg.eu\/hr\/wp-json\/wp\/v2\/media\/685204"}],"wp:attachment":[{"href":"https:\/\/nbg.eu\/hr\/wp-json\/wp\/v2\/media?parent=685076"}],"wp:term":[{"taxonomy":"product_brand","embeddable":true,"href":"https:\/\/nbg.eu\/hr\/wp-json\/wp\/v2\/product_brand?post=685076"},{"taxonomy":"product_cat","embeddable":true,"href":"https:\/\/nbg.eu\/hr\/wp-json\/wp\/v2\/product_cat?post=685076"},{"taxonomy":"product_tag","embeddable":true,"href":"https:\/\/nbg.eu\/hr\/wp-json\/wp\/v2\/product_tag?post=685076"}],"curies":[{"name":"wp","href":"https:\/\/api.w.org\/{rel}","templated":true}]}}