{"id":685231,"date":"2026-01-08T18:13:20","date_gmt":"2026-01-08T15:13:20","guid":{"rendered":"https:\/\/nbg.eu\/product\/termalni-monokularni-nocpix-lumi-l35r-s-lazerskim-da%d1%99inometrom\/"},"modified":"2026-04-14T15:44:32","modified_gmt":"2026-04-14T12:44:32","slug":"termalni-monokularni-nocpix-lumi-l35r-s-lazerskim-da%d1%99inometrom","status":"publish","type":"product","link":"https:\/\/nbg.eu\/hr\/proizvod\/termalni-monokularni-nocpix-lumi-l35r-s-lazerskim-da%d1%99inometrom\/","title":{"rendered":"Nocpix Termalni Monokular LUMI L35R LRF"},"content":{"rendered":"<h2>Termalni monokularne Nocpix LUMI L35R s laserskim daljinomjerom<\/h2>\n<p>Nocpix LUMI L35R je mo\u0107ni i kompaktni termalni monokularne s integriranim laserskim daljinomjerom. S najnaprednijim senzorom u svojoj klasi s NETD od \u226418mK, ova termalna kamera pru\u017ea slike visoke rezolucije \u010dak i u ekstremnim vremenskim uvjetima. Lagani i ergonomski dizajn \u010dini ga jednostavnim za rukovanje, a sustav s uklonjivom baterijom sa standardnim 18650 baterijama pru\u017ea produ\u017eeno vrijeme rada.<\/p>\n<p>Integrirani laserski daljinomjer omogu\u0107uje precizno odre\u0111ivanje udaljenosti mete, a napredni algoritmi R+ AI pobolj\u0161avaju pojedinosti slike i iskori\u0161tavaju puni potencijal senzora. Monokularne je vodootporan, otporan na pra\u0161inu i dizajniran za udobnu upotrebu na otvorenom, s zna\u010dajkama poput elektroni\u010dke stabilizacije slike, paleta u boji i ultra-tihi gumbi.<\/p>\n<p>S dosegom senzora do 1800m, Nocpix LUMI L35R je svestrana termalna snimka za lov, sigurnost i aktivnosti na otvorenom. Uz 3-godi\u0161nje cjelovito jamstvo proizvo\u0111a\u010da, ovaj termalni monokularne pru\u017ea iznimnu izvedbu i pouzdanost.<\/p>\n","protected":false},"excerpt":{"rendered":"<p>Toplinska monokula Nocpix LUMI L35R s laserskim daljinomjerom: senzor visoke razlu\u010divosti \u226418 mK NETD, kompaktna i lagana, uklonjiva baterija.<\/p>\n<p>Ako artikl nije dostupan, molimo vas da nas kontaktirate: shop@nbg.eu ili +359896147790<\/p>\n<p>\n","protected":false},"featured_media":685255,"template":"","meta":{"_acf_changed":false},"product_brand":[14446],"product_cat":[16061,13540],"product_tag":[],"class_list":{"0":"post-685231","1":"product","2":"type-product","3":"status-publish","4":"has-post-thumbnail","6":"product_brand-nocpix","7":"product_cat-monoculars-hr","8":"product_cat-termovizija","10":"first","11":"instock","12":"taxable","13":"shipping-taxable","14":"purchasable","15":"product-type-simple"},"acf":[],"_links":{"self":[{"href":"https:\/\/nbg.eu\/hr\/wp-json\/wp\/v2\/product\/685231","targetHints":{"allow":["GET"]}}],"collection":[{"href":"https:\/\/nbg.eu\/hr\/wp-json\/wp\/v2\/product"}],"about":[{"href":"https:\/\/nbg.eu\/hr\/wp-json\/wp\/v2\/types\/product"}],"wp:featuredmedia":[{"embeddable":true,"href":"https:\/\/nbg.eu\/hr\/wp-json\/wp\/v2\/media\/685255"}],"wp:attachment":[{"href":"https:\/\/nbg.eu\/hr\/wp-json\/wp\/v2\/media?parent=685231"}],"wp:term":[{"taxonomy":"product_brand","embeddable":true,"href":"https:\/\/nbg.eu\/hr\/wp-json\/wp\/v2\/product_brand?post=685231"},{"taxonomy":"product_cat","embeddable":true,"href":"https:\/\/nbg.eu\/hr\/wp-json\/wp\/v2\/product_cat?post=685231"},{"taxonomy":"product_tag","embeddable":true,"href":"https:\/\/nbg.eu\/hr\/wp-json\/wp\/v2\/product_tag?post=685231"}],"curies":[{"name":"wp","href":"https:\/\/api.w.org\/{rel}","templated":true}]}}