{"id":685324,"date":"2025-12-17T17:50:25","date_gmt":"2025-12-17T14:50:25","guid":{"rendered":"https:\/\/nbg.eu\/product\/termalni-monokularni-nocpix-lumi-l19\/"},"modified":"2026-01-21T11:59:28","modified_gmt":"2026-01-21T08:59:28","slug":"termalni-monokularni-nocpix-lumi-l19","status":"publish","type":"product","link":"https:\/\/nbg.eu\/hr\/proizvod\/termalni-monokularni-nocpix-lumi-l19\/","title":{"rendered":"Termalni monokularni Nocpix LUMI L19"},"content":{"rendered":"<h2>Maksimalna u\u010dinkovitost s minimalnom te\u017einom &#8211; Nocpix LUMI L19: Va\u0161 promatra\u010d za \u0161ume i travnjake<\/h2>\n<p>Serija termovizijskih monokulara LUMI dizajnirana je za upotrebu danju i no\u0107u te vam pru\u017ea iznimnu kvalitetu slike \u010dak i u te\u0161kim vremenskim uvjetima poput magle, smoga ili ki\u0161e. \u010cak i ako prepreke poput grana, visoke trave ili gustog li\u0161\u0107a ote\u017eavaju vidljivost, zahvaljuju\u0107i ovoj tehnologiji uvijek mo\u017eete jasno vidjeti ono \u0161to je pred vama. Tako\u0111er su tako kompaktni i lagani da ih mo\u017eete lako nositi sa sobom.<\/p>\n<p>LUMI termalne kamere savr\u0161ene su za razli\u010dite primjene poput lova, nadzora, sigurnosti, orijentacije na terenu ili akcija traganja i spa\u0161avanja.<\/p>\n<h2>Neprikosnovena kvaliteta snimanja za o\u0161tre slike<\/h2>\n<p>Serija LUMI postavlja nove standarde kada je u pitanju kvaliteta slike. Opremljena najnaprednijim algoritmima za snimanje i sna\u017enim toplinskim senzorom s NETD &lt; 18 mK, kamera pru\u017ea o\u0161tre i realisti\u010dne slike. AMOLED zaslon s rezolucijom 1024 x 768 piksela osigurava iznimnu kvalitetu prikaza slike, dok Ultra Clear na\u010din rada dodatno optimizira jasno\u0107u slike, posebno u te\u0161kim vremenskim uvjetima.<\/p>\n<h2>Personalizirano iskustvo gledanja &#8211; Prilagodite svoj ure\u0111aj savr\u0161eno<\/h2>\n<p>Zahvaljuju\u0107i srednjevelikom senzoru od 384 x 288 px i razli\u010ditim postavkama, mo\u017eete prilagoditi ure\u0111aj to\u010dno svojim potrebama. Odaberite izme\u0111u 5 na\u010dina boja i optimizirajte svoj pogled s 10 razina svjetline, o\u0161trine i kontrasta &#8211; tako da nijedan detalj ne ostane neprimije\u0107en.<\/p>\n<h2>Jednostavno dijeljenje iskustava<\/h2>\n<p>Snimanje posebnih trenutaka klju\u010dno je za suvremenog lovca. S Nocpix LUMI-jem mo\u017eete ne samo lako podijeliti svoje snimke putem aplikacije, ve\u0107 ih i reproducirati izravno na ure\u0111aju &#8211; savr\u0161eno za trenutno dijeljenje svojih iskustava s drugima.<\/p>\n<h2>Mo\u017ee se fleksibilno koristiti zahvaljuju\u0107i sustavu s uklonjivom baterijom<\/h2>\n<p>Serija LUMI opremljena je standardnim 18650 baterijama, \u0161to vam pru\u017ea maksimalnu fleksibilnost. Kamo god krenuli, s uklju\u010denim punja\u010dem baterija bit \u0107ete spremni za nastavak u kratkom roku &#8211; i mo\u017eete nastaviti svoju misiju.<\/p>\n","protected":false},"excerpt":{"rendered":"<p>Maksimalna u\u010dinkovitost uz minimalnu te\u017einu \u2013 Nocpix LUMI L19: Va\u0161 promatra\u010d za \u0161ume i livade<\/p>\n<p>Ako proizvod nije dostupan, molimo kontaktirajte nas: shop@nbg.eu ili +359896147790<\/p>\n<p>\n","protected":false},"featured_media":685557,"template":"","meta":{"_acf_changed":false},"product_brand":[14446],"product_cat":[13540],"product_tag":[],"class_list":{"0":"post-685324","1":"product","2":"type-product","3":"status-publish","4":"has-post-thumbnail","6":"product_brand-nocpix","7":"product_cat-termovizija","9":"first","10":"outofstock","11":"taxable","12":"shipping-taxable","13":"purchasable","14":"product-type-simple"},"acf":[],"_links":{"self":[{"href":"https:\/\/nbg.eu\/hr\/wp-json\/wp\/v2\/product\/685324","targetHints":{"allow":["GET"]}}],"collection":[{"href":"https:\/\/nbg.eu\/hr\/wp-json\/wp\/v2\/product"}],"about":[{"href":"https:\/\/nbg.eu\/hr\/wp-json\/wp\/v2\/types\/product"}],"wp:featuredmedia":[{"embeddable":true,"href":"https:\/\/nbg.eu\/hr\/wp-json\/wp\/v2\/media\/685557"}],"wp:attachment":[{"href":"https:\/\/nbg.eu\/hr\/wp-json\/wp\/v2\/media?parent=685324"}],"wp:term":[{"taxonomy":"product_brand","embeddable":true,"href":"https:\/\/nbg.eu\/hr\/wp-json\/wp\/v2\/product_brand?post=685324"},{"taxonomy":"product_cat","embeddable":true,"href":"https:\/\/nbg.eu\/hr\/wp-json\/wp\/v2\/product_cat?post=685324"},{"taxonomy":"product_tag","embeddable":true,"href":"https:\/\/nbg.eu\/hr\/wp-json\/wp\/v2\/product_tag?post=685324"}],"curies":[{"name":"wp","href":"https:\/\/api.w.org\/{rel}","templated":true}]}}