{"id":685634,"date":"2025-12-17T17:47:09","date_gmt":"2025-12-17T14:47:09","guid":{"rendered":"https:\/\/nbg.eu\/product\/toplinska-monokularna-kamera-lumi-h35r-s-laserom-za-mjerenje-udaljenosti\/"},"modified":"2026-01-21T11:58:52","modified_gmt":"2026-01-21T08:58:52","slug":"toplinska-monokularna-kamera-lumi-h35r-s-laserom-za-mjerenje-udaljenosti","status":"publish","type":"product","link":"https:\/\/nbg.eu\/hr\/proizvod\/toplinska-monokularna-kamera-lumi-h35r-s-laserom-za-mjerenje-udaljenosti\/","title":{"rendered":"Toplinska monokularna kamera LUMI H35R s laserom za mjerenje udaljenosti"},"content":{"rendered":"<h2>Toplinski monokultar s podru\u010djem senzora do 1800 m, iznimno kompaktan i lagan!<\/h2>\n<p>Integrirani laserski daljinomjer.<\/p>\n<p>Visokoresolucijski senzor i posebno sna\u017ean: \u2264 18 mK NETD.<\/p>\n<p>Odvojivi baterijski sustav s baterijama 18650<\/p>\n<p>Video snimanje, vodootporan i posebno tih rad.<\/p>\n<p>3 godine puna tvorni\u010dko jamstvo!<\/p>\n<h2>Vi\u0161e zna\u010dajki:<\/h2>\n<p>-Integrirani laserski daljinomjer za precizno odre\u0111ivanje udaljenosti mete<\/p>\n<p>-Visoka kvaliteta slike: \u010cak i u ekstremnim vremenskim uvjetima, kvaliteta slike ostaje stabilna.<\/p>\n<p>-Senzor posebno dizajniran za lovne namjene: Pru\u017ea stabilno funkcioniranje s NETD-om \u2264 18 mK za odli\u010dnu kvalitetu slike.<\/p>\n<p>-F0,9 objektiv: 20% vi\u0161e propu\u0161tanja svjetlosti u usporedbi s objektivom F1,0 za svjetlije i jasnije slike.<\/p>\n<p>-Reality+ optimizacija slike: Napredni algoritmi pobolj\u0161avaju kvalitetu slike i eliminiraju \u0161um na slici.<\/p>\n<p>-Elektroni\u010dka stabilizacija slike: Za glatke i stabilne videozapise.<\/p>\n<p>-Palete boja rastere\u0107enja o\u010diju: Posebne crvene i zelene palete smanjuju naprezanje o\u010diju tijekom produ\u017eene uporabe.<\/p>\n<p>-Odvojiva baterija 18650: S reverznim polaritetom za jednostavnu zamjenu, idealna no\u0107u.<\/p>\n<p>-Ultra tihi gumbi: Be\u0161uman rad koji ne uznemirava divlja\u010d.<\/p>\n<p>-Kompaktan dizajn: Ure\u0111aj je manji od mobilnog telefona i lako se nosi.<\/p>\n<p>-Za\u0161tita IP67: Otporan na pra\u0161inu i vodootporan za uporabu u ekstremnim okoli\u0161ima.<\/p>\n<p>-Ergonomski dizajn: Idealno za razvijeno vanjsko kori\u0161tenje, udoban i jednostavan za uporabu.<\/p>\n<p>-Mala te\u017eina: Ure\u0111aj te\u017ei manje od 345 g.<\/p>\n<p>-Izlazna zjenica od 10 mm: Pru\u017ea optimalnu vidljivost i udoban kut gledanja.<\/p>\n<p>-Pouzdan no\u0107u: Zahvaljuju\u0107i tihu i jednostavnu radu, mo\u017ee se optimalno koristiti i u mra\u010dnim okru\u017eenjima.<\/p>\n<p>-Odvojiva baterija: Omogu\u0107uje dulje vrijeme rada zamjenom baterija.<\/p>\n<p>-Velika apertura: Pove\u0107ava ulazak svjetlosti i svjetlinu slike u ote\u017eanim uvjetima osvjetljenja.<\/p>\n<p>-Ugra\u0111eni mikrofon: Omogu\u0107uje snimanje zvuka.<\/p>\n<p>-32 GB memorija: Za fotografije, videozapise i zvu\u010dne zapise.<\/p>\n<p>-Jednostavan za uporabu: Idealno za korisnike koji preferiraju kompaktan i lagan ure\u0111aj.<\/p>\n<p>-R+ AI algoritmi za obradu slike: Pobolj\u0161ava detalje slike i koristi puni potencijal senzora.<\/p>\n","protected":false},"excerpt":{"rendered":"<p>Najnapredniji senzor u svojoj klasi (&lt;18mK NETD). Integrirani laserski daljinomjer. Posebno jednostavno za rukovanje: lagano i kompaktno ku\u0107i\u0161te. Zamjenjivi sustav baterija sa standardnim 18650 baterijama.<\/p>\n<p>Ako stavka nije dostupna, molimo vas da nas kontaktirate: shop@nbg.eu or +359896147790<\/p>\n","protected":false},"featured_media":685689,"template":"","meta":{"_acf_changed":false},"product_brand":[14446],"product_cat":[13540],"product_tag":[],"class_list":{"0":"post-685634","1":"product","2":"type-product","3":"status-publish","4":"has-post-thumbnail","6":"product_brand-nocpix","7":"product_cat-termovizija","9":"first","10":"instock","11":"taxable","12":"shipping-taxable","13":"purchasable","14":"product-type-simple"},"acf":[],"_links":{"self":[{"href":"https:\/\/nbg.eu\/hr\/wp-json\/wp\/v2\/product\/685634","targetHints":{"allow":["GET"]}}],"collection":[{"href":"https:\/\/nbg.eu\/hr\/wp-json\/wp\/v2\/product"}],"about":[{"href":"https:\/\/nbg.eu\/hr\/wp-json\/wp\/v2\/types\/product"}],"wp:featuredmedia":[{"embeddable":true,"href":"https:\/\/nbg.eu\/hr\/wp-json\/wp\/v2\/media\/685689"}],"wp:attachment":[{"href":"https:\/\/nbg.eu\/hr\/wp-json\/wp\/v2\/media?parent=685634"}],"wp:term":[{"taxonomy":"product_brand","embeddable":true,"href":"https:\/\/nbg.eu\/hr\/wp-json\/wp\/v2\/product_brand?post=685634"},{"taxonomy":"product_cat","embeddable":true,"href":"https:\/\/nbg.eu\/hr\/wp-json\/wp\/v2\/product_cat?post=685634"},{"taxonomy":"product_tag","embeddable":true,"href":"https:\/\/nbg.eu\/hr\/wp-json\/wp\/v2\/product_tag?post=685634"}],"curies":[{"name":"wp","href":"https:\/\/api.w.org\/{rel}","templated":true}]}}