{"id":685801,"date":"2025-12-18T16:23:59","date_gmt":"2025-12-18T13:23:59","guid":{"rendered":"https:\/\/nbg.eu\/product\/termalne-dvostruke-daljinske-nocpix-quest-h35r-lrf-640x512-netd-15mk\/"},"modified":"2026-01-21T12:22:39","modified_gmt":"2026-01-21T09:22:39","slug":"termalne-dvostruke-daljinske-nocpix-quest-h35r-lrf-640x512-netd-15mk","status":"publish","type":"product","link":"https:\/\/nbg.eu\/hr\/proizvod\/termalne-dvostruke-daljinske-nocpix-quest-h35r-lrf-640x512-netd-15mk\/","title":{"rendered":"Termalne dvostruke daljinske Nocpix Quest H35R LRF 640&#215;512 NETD &lt;15mK"},"content":{"rendered":"<h2>Nocpix QUEST H35R LRF 640&#215;512 termalne dvogled<\/h2>\n<p>QUEST je lagan i prijenosni, nude\u0107i domet otkrivanja do 2600m i ugra\u0111eni prikriveni LRF s dometom od 1000m za bolju to\u010dnost i vidljivost. Njegov tradicionalni dizajn dvogled ima puni gumeni pokrov i IP67 ocjenu za trajnost i udobnost u te\u0161kim uvjetima. Opremljen visokokvalitetnim senzorom 640&#215;512 (NETD \u226415mK, 60Hz), QUEST pru\u017ea iznimnu jasno\u0107u slike, superiornu toplinsku osjetljivost i bezbri\u017eno rukovanje u zahtjevnim okru\u017eenjima.<\/p>\n<h2>Odli\u010dno vizualno iskustvo<\/h2>\n<p>Nocpix QUEST ima R+ pobolj\u0161anje slike za bolju jasno\u0107u i preciznost, kombinirano s AMOLED zaslonom 1920&#215;1200 za uranjaju\u0107e, ugodno iskustvo gledanja.<\/p>\n<h2>Superioran senzor osigurava izvrsnost<\/h2>\n<p>Nocpix QUEST opremljen je visokokvalitetnim senzorom (640&#215;512@12\u00b5m) koji pru\u017ea iznimnu jasno\u0107u slike. Sa NETD \u226415mK i brzinom okretanja 60Hz, pru\u017ea superiornu toplinsku osjetljivost, pru\u017eaju\u0107i jasne i vizualne slike \u010dak i u najzahtjevnijim okru\u017eenjima.<\/p>\n<h2>Sna\u017ene mogu\u0107nosti detekcije<\/h2>\n<p>Nocpix QUEST ima domet otkrivanja do 2600 m i ugra\u0111eni skriveni LRF s dometom do 1000 m, omogu\u0107uju\u0107i vam da vidite dalje i to\u010dnije nego ikad prije. Tako\u0111er podr\u017eava balisti\u010dke prora\u010dune, pru\u017eaju\u0107i podatkovnu podr\u0161ku za suradni\u010dki lov.<\/p>\n<h2>Jednoruka uporaba<\/h2>\n<p>Nocpix QUEST nudi ergonomsku, neklizaju\u0107u rukovanost s pojednostavljenim 4-gumbnim rasporedom i centralno smje\u0161tenim kota\u010di\u0107ima za laganu jednoruku uporabu i sigurni hvat u svim uvjetima.<\/p>\n<h2>Lagan i prijenosiv<\/h2>\n<p>QUEST te\u017ei samo 700g i uklju\u010duje prilago\u0111enu torbu za no\u0161enje, nude\u0107i laku prenosivost i udobnost za aktivnosti na otvorenom poput lova i istra\u017eivanja.<\/p>\n<h2>Uklonite anksioznost oko napajanja<\/h2>\n<p>QUEST serija ima dvostruki dizajn baterija s ugra\u0111enom i zamjenjivom 18650 baterijom, osiguravaju\u0107i bezbri\u017enu zamjenu i kontinuiranu uporabu tijekom va\u0161e avanture.<\/p>\n<h2>Najbolje iskustvo dvogled<\/h2>\n<p>QUEST ima tradicionalni dizajn dvogled s sofisticiranim punim gumenim premazom i ocjenom IP67 za otpornost na vodu i pra\u0161inu, osiguravaju\u0107i i trajnost i ukupnu udobnost.<\/p>\n","protected":false},"excerpt":{"rendered":"<p>Nocpix Quest H35R LRF 640&#215;512 NETD &lt;15mK: Lagani, prijenosni termalni dvogled s dometom detekcije od 2600 m, LRF od 1000 m i iznimnom jasno\u0107om slike.<\/p>\n","protected":false},"featured_media":686412,"template":"","meta":{"_acf_changed":false},"product_brand":[14446],"product_cat":[14676,13540],"product_tag":[],"class_list":{"0":"post-685801","1":"product","2":"type-product","3":"status-publish","4":"has-post-thumbnail","6":"product_brand-nocpix","7":"product_cat-durbini","8":"product_cat-termovizija","10":"first","11":"instock","12":"taxable","13":"shipping-taxable","14":"purchasable","15":"product-type-simple"},"acf":[],"_links":{"self":[{"href":"https:\/\/nbg.eu\/hr\/wp-json\/wp\/v2\/product\/685801","targetHints":{"allow":["GET"]}}],"collection":[{"href":"https:\/\/nbg.eu\/hr\/wp-json\/wp\/v2\/product"}],"about":[{"href":"https:\/\/nbg.eu\/hr\/wp-json\/wp\/v2\/types\/product"}],"wp:featuredmedia":[{"embeddable":true,"href":"https:\/\/nbg.eu\/hr\/wp-json\/wp\/v2\/media\/686412"}],"wp:attachment":[{"href":"https:\/\/nbg.eu\/hr\/wp-json\/wp\/v2\/media?parent=685801"}],"wp:term":[{"taxonomy":"product_brand","embeddable":true,"href":"https:\/\/nbg.eu\/hr\/wp-json\/wp\/v2\/product_brand?post=685801"},{"taxonomy":"product_cat","embeddable":true,"href":"https:\/\/nbg.eu\/hr\/wp-json\/wp\/v2\/product_cat?post=685801"},{"taxonomy":"product_tag","embeddable":true,"href":"https:\/\/nbg.eu\/hr\/wp-json\/wp\/v2\/product_tag?post=685801"}],"curies":[{"name":"wp","href":"https:\/\/api.w.org\/{rel}","templated":true}]}}