{"id":686445,"date":"2026-01-08T18:14:39","date_gmt":"2026-01-08T15:14:39","guid":{"rendered":"https:\/\/nbg.eu\/product\/toplinska-montaza-nocpix-mate-ultra-s60r\/"},"modified":"2026-04-14T15:43:56","modified_gmt":"2026-04-14T12:43:56","slug":"toplinska-montaza-nocpix-mate-ultra-s60r","status":"publish","type":"product","link":"https:\/\/nbg.eu\/hr\/proizvod\/toplinska-montaza-nocpix-mate-ultra-s60r\/","title":{"rendered":"Nocpix Termalni Nastavak Mate Ultra S60R"},"content":{"rendered":"<h2>Pretvorite svoj dnevni spektar u modernu toplinsku pu\u0161karsku le\u0107u s jedinim termi\u010dkim nosa\u010dem od 1280&#215;1024 Nocpix MATE Ultra S60R &#8211; najboljim prednjim termi\u010dkim nosa\u010dem dizajniranim za profesionalne lovce, promatra\u010de divljih \u017eivotinja i strijelce koji zahtijevaju preciznost.<\/h2>\n<p>Izgra\u0111en s tehnologijom slikanja sljede\u0107e generacije, Nocpix MATE Ultra S60R pru\u017ea iznimnu jasno\u0107u, detekciju na velikim udaljenostima i napredne zna\u010dajke za superiorni u\u010dinak u bilo kojem okru\u017eenju.<\/p>\n<h2>Iznimna kvaliteta slike i domet detekcije<\/h2>\n<p>U srcu Nocpix MATE Ultra S60R je Gen-2 HD termalni senzor od 1280\u00d71024 s ultra-finim pikselskim korakom od 12 \u03bcm i osjetljivo\u0161\u0107u od NETD \u226415mK, osiguravaju\u0107i da \u010dak i najmanje toplinske razlike budu detektirane. Veliki objektiv od 60 mm F1.0 hvata vi\u0161e toplinske energije za kristalno jasne slike i produ\u017eeni domet, nude\u0107i udaljenosti detekcije do 3100 m. Bilo da vrebate jelene u zoru ili skenitate \u0161iroka polja no\u0107u, S60R osigurava da nijedan detalj ne pro\u0111e nezamije\u0107en.<\/p>\n<h2>Napredna obrada slike s Reality+ AI<\/h2>\n<p>Opremljen s dva algoritma za obradu slike &#8211; mo\u0107nim procesorom slike u kombinaciji s inteligentnom Reality+ tehnologijom &#8211; MATE Ultra S60R automatski se prilago\u0111ava pove\u0107anju va\u0161e le\u0107e. To osigurava o\u0161tre vizualne efekte, to\u010dno zumiranje i dosljednu stabilnost slike, \u010dak i u magli, rosnom vremenu ili zahtjevnim uvjetima slabog osvjetljenja.<\/p>\n<p>Magic Zoom (bez LITE) &#8211; Automatsko prilago\u0111avanje slike i su\u010delja u realnom vremenu za glatko zumiranje.<\/p>\n<p>7 razli\u010ditih palete boja &#8211; Odaberite najbolji toplinski pogled za bilo koji scenarij.<\/p>\n<p>AMOLED zaslon 1920\u00d71080 &#8211; Izuzetno o\u0161tre slike s \u017eivim kontrastom.<\/p>\n<h2>Dizajnirano za preciznost i eti\u010dno lovstvo<\/h2>\n<p>S ugra\u0111enim laserom za mjerenje udaljenosti (do 1200 m) i integriranim balisti\u010dki kalkulatorom, S60R vam poma\u017ee donositi informirane i eti\u010dne odluke o pucanju. Na\u010din &#8220;slika u slici&#8221; (PIP) pobolj\u0161ava to\u010dnost ciljanja, a video aktiviran trzajem (RAV) osigurava da svaki kriti\u010dni trenutak bude snimljen.<\/p>\n<p>Snimajte fotografije, videozapise i zvuk s 64 GB memorije<\/p>\n<p>Wi-Fi i daljinska povezivost s N-Link<\/p>\n<p>Tehnologija bez zatvara\u010da za tihi i pouzdan rad<\/p>\n<h2>Izdr\u017eljiv, prakti\u010dan i pouzdan<\/h2>\n<p>Dizajniran za teren, MATE Ultra S60R je i \u010dvrst i lagan za upotrebu. Ima veliki objektiv za okulare od 60 mm s &lt;1% izobli\u010denja, odr\u017eavaju\u0107i stabilnu to\u010dku udarca i dosljednu poravnatost do 16x pove\u0107anja. Napajan s zamjenjivim baterijama 18650 (4 uklju\u010dene za ULTRA), nudi dugotrajnu pouzdanost za produ\u017eene aktivnosti na otvorenom.<\/p>\n<h2>Klju\u010dne specifikacije<\/h2>\n<p>-Gen-2 senzor Sub 15mk 1280\u00d71024 60Hz (Ultra)<\/p>\n<p>-Objektiv F1.0 &#8211; superiorno hvatanje svjetlosti<\/p>\n<p>-Domet detekcije do 3100 m<\/p>\n<p>-Integrirani laserski daljinomjer od 1200 m (bez LITE)<\/p>\n<p>-Obrada slike Reality+ s umjetnom inteligencijom<\/p>\n<p>-Podr\u0161ka za balisti\u010dki prora\u010dun<\/p>\n<p>-Snimanje fotografija\/videa\/zvuka, 64 GB memorije<\/p>\n<p>-Video aktiviran trzajem (RAV)<\/p>\n<p>-AMOLED zaslon s 1920\u00d71080 rezolucijom<\/p>\n<p>-7 paleta boja<\/p>\n<p>-Wi-Fi\/N-Link daljinska kompatibilnost<\/p>\n<p>-Zamjenjive baterije 18650<\/p>\n<h2>Za\u0161to odabrati Nocpix MATE Ultra S60R?<\/h2>\n<p>Ako tra\u017eite krajnji termalni imid\u017eer za svoje opti\u010dko ciljanje, MATE Ultra S60R nudi savr\u0161enu kombinaciju detekcije na velikim udaljenostima, napredne AI tehnologije obrade slika i pouzdanosti na terenu. Bilo da se koristi za lov, promatranje divljih \u017eivotinja ili takti\u010dke primjene, on redefinira ono \u0161to termalni imid\u017eer mo\u017ee posti\u0107i.<\/p>\n","protected":false},"excerpt":{"rendered":"<p>Pretvorite svoj dnevni optic u moderni termalni pu\u0161komirni optic s jedinim 1280&#215;1024 Nocpix MATE Ultra S60R termalno postoljem &#8211; najboljim prednjim termalno postoljem namijenjenim profesionalnim lovcima, promatra\u010dima divljeg \u017eivota i strijelcima koji zahtijevaju preciznost.<\/p>\n<p>Ako artikl nije dostupan, kontaktirajte nas: shop@nbg.eu ili +359896147790<\/p>\n","protected":false},"featured_media":686546,"template":"","meta":{"_acf_changed":false},"product_brand":[14446],"product_cat":[13540,16062],"product_tag":[],"class_list":{"0":"post-686445","1":"product","2":"type-product","3":"status-publish","4":"has-post-thumbnail","6":"product_brand-nocpix","7":"product_cat-termovizija","8":"product_cat-thermal-cameras-hr","10":"first","11":"instock","12":"taxable","13":"shipping-taxable","14":"purchasable","15":"product-type-simple"},"acf":[],"_links":{"self":[{"href":"https:\/\/nbg.eu\/hr\/wp-json\/wp\/v2\/product\/686445","targetHints":{"allow":["GET"]}}],"collection":[{"href":"https:\/\/nbg.eu\/hr\/wp-json\/wp\/v2\/product"}],"about":[{"href":"https:\/\/nbg.eu\/hr\/wp-json\/wp\/v2\/types\/product"}],"wp:featuredmedia":[{"embeddable":true,"href":"https:\/\/nbg.eu\/hr\/wp-json\/wp\/v2\/media\/686546"}],"wp:attachment":[{"href":"https:\/\/nbg.eu\/hr\/wp-json\/wp\/v2\/media?parent=686445"}],"wp:term":[{"taxonomy":"product_brand","embeddable":true,"href":"https:\/\/nbg.eu\/hr\/wp-json\/wp\/v2\/product_brand?post=686445"},{"taxonomy":"product_cat","embeddable":true,"href":"https:\/\/nbg.eu\/hr\/wp-json\/wp\/v2\/product_cat?post=686445"},{"taxonomy":"product_tag","embeddable":true,"href":"https:\/\/nbg.eu\/hr\/wp-json\/wp\/v2\/product_tag?post=686445"}],"curies":[{"name":"wp","href":"https:\/\/api.w.org\/{rel}","templated":true}]}}