{"id":686564,"date":"2026-01-08T18:15:06","date_gmt":"2026-01-08T15:15:06","guid":{"rendered":"https:\/\/nbg.eu\/product\/termalna-leca-nocpix-mate-h50r\/"},"modified":"2026-04-14T15:43:52","modified_gmt":"2026-04-14T12:43:52","slug":"termalna-leca-nocpix-mate-h50r","status":"publish","type":"product","link":"https:\/\/nbg.eu\/hr\/proizvod\/termalna-leca-nocpix-mate-h50r\/","title":{"rendered":"Nocpix Termalni Ni\u0161an Mate H50R"},"content":{"rendered":"<h2>Pretvorite svoj dnevni opti\u010dki ni\u0161an u moderan termalni opti\u010dki ni\u0161an s Nocpix MATE H50R<\/h2>\n<p>Pretvorite svoj dnevni opti\u010dki ni\u0161an u moderan termalni opti\u010dki ni\u0161an s jedinim 640X512 Nocpix MATE H50R termalnim opti\u010dkim ni\u0161anom &#8211; najboljim prednjim termalnim opti\u010dkim ni\u0161anom dizajniranim za profesionalne lovce, promatra\u010de divljih \u017eivotinja i strijelce koji tra\u017ee preciznost.<\/p>\n<p>Izra\u0111en s tehnologijom obrade slika sljede\u0107e generacije, Nocpix MATE H50R pru\u017ea iznimnu jasno\u0107u, detekciju na velikim udaljenostima i najsuvremenije zna\u010dajke za superiorne performanse u svakom okru\u017eenju.<\/p>\n<h2>Iznimna kvaliteta slike i domet detekcije<\/h2>\n<p>U srcu Nocpix MATE Ultra H50R nalazi se termalni senzor Gen-2 HD 640X512 s ultra-finim pikselima od 12 \u03bcm i osjetljivo\u0161\u0107u NETD \u226415mK, \u0161to osigurava da \u0107e i najmanje toplinske razlike biti otkrivene. Veliki objektiv od 50 mm F1.0 hvata vi\u0161e toplinske energije za kristalno jasne slike i produ\u017eeni domet, nude\u0107i udaljenosti detekcije do 2600 m. Bilo da vrebate jelene u osvit dana ili skenirate \u0161iroka polja no\u0107u, H50R osigurava da nijedan detalj ne pro\u0111e nezapa\u017een.<\/p>\n<h2>Napredna obrada slike s Reality+ AI<\/h2>\n<p>Opremljen s dva algoritma obrade slika &#8211; sna\u017enim procesorom slike i inteligentnom tehnologijom Reality+ &#8211; MATE Ultra H50R automatski se prilago\u0111ava pove\u0107anju va\u0161eg opti\u010dkog ni\u0161ana. To osigurava o\u0161tre vizualne prikaze, precizno zumiranje i konzistentnu stabilnost slike, \u010dak i u magli, rosnom vremenu ili izazovnim uvjetima slabog osvjetljenja.<\/p>\n<h2>Dizajniran za preciznost i eti\u010dni lov<\/h2>\n<p>S ugra\u0111enim laserom za mjerenje udaljenosti (do 1200 m) i integriranim balisti\u010dki ra\u010dunarom, H50R vam poma\u017ee donijeti informirane i eti\u010dne odluke o ga\u0111anju. Na\u010din slike u slici (PIP) pobolj\u0161ava preciznost ciljanja, a video aktiviran kretnjom (RAV) osigurava snimanje svakog kriti\u010dnog trenutka.<\/p>\n<h2>\u010cvrst, prakti\u010dan i pouzdan<\/h2>\n<p>Dizajniran za teren, MATE Ultra H50R je i robustan i lak za kori\u0161tenje. Ima veliko 60 mm okular s &lt;1% distorzije, odr\u017eavaju\u0107i stabilnu to\u010dku udara i dosljednu poravnatost do 16x pove\u0107anja. Napajan zamjenjivim baterijama 18650 (4 komada uklju\u010dene za ULTRA), nudi pouzdanost dugog trajanja za produ\u017eene vanjske aktivnosti.<\/p>\n","protected":false},"excerpt":{"rendered":"<p>Pretvorite svoju dnevnu le\u0107u u suvremeni termalni opti\u010dki ni\u0161an s jedinim 640X512 Nocpix MATE H50R termalnim nosa\u010dem &#8211; najboljim prednjim termalnim nosa\u010dem dizajniranim za profesionalne lovce, promatra\u010de divlja\u010di i strijelce koji zahtijevaju preciznost.<\/p>\n<p>Ako artikl nije dostupan, molimo Vas da nas kontaktirate: shop@nbg.eu ili +359896147790<\/p>\n<p>\n","protected":false},"featured_media":686660,"template":"","meta":{"_acf_changed":false},"product_brand":[14446],"product_cat":[13540],"product_tag":[],"class_list":{"0":"post-686564","1":"product","2":"type-product","3":"status-publish","4":"has-post-thumbnail","6":"product_brand-nocpix","7":"product_cat-termovizija","9":"first","10":"instock","11":"taxable","12":"shipping-taxable","13":"purchasable","14":"product-type-simple"},"acf":[],"_links":{"self":[{"href":"https:\/\/nbg.eu\/hr\/wp-json\/wp\/v2\/product\/686564","targetHints":{"allow":["GET"]}}],"collection":[{"href":"https:\/\/nbg.eu\/hr\/wp-json\/wp\/v2\/product"}],"about":[{"href":"https:\/\/nbg.eu\/hr\/wp-json\/wp\/v2\/types\/product"}],"wp:featuredmedia":[{"embeddable":true,"href":"https:\/\/nbg.eu\/hr\/wp-json\/wp\/v2\/media\/686660"}],"wp:attachment":[{"href":"https:\/\/nbg.eu\/hr\/wp-json\/wp\/v2\/media?parent=686564"}],"wp:term":[{"taxonomy":"product_brand","embeddable":true,"href":"https:\/\/nbg.eu\/hr\/wp-json\/wp\/v2\/product_brand?post=686564"},{"taxonomy":"product_cat","embeddable":true,"href":"https:\/\/nbg.eu\/hr\/wp-json\/wp\/v2\/product_cat?post=686564"},{"taxonomy":"product_tag","embeddable":true,"href":"https:\/\/nbg.eu\/hr\/wp-json\/wp\/v2\/product_tag?post=686564"}],"curies":[{"name":"wp","href":"https:\/\/api.w.org\/{rel}","templated":true}]}}