{"id":686701,"date":"2026-01-08T18:14:07","date_gmt":"2026-01-08T15:14:07","guid":{"rendered":"https:\/\/nbg.eu\/product\/toplinska-kamera-nocpix-ace-l35-senzor-384x288-35mm-objektiv\/"},"modified":"2026-04-14T15:44:13","modified_gmt":"2026-04-14T12:44:13","slug":"toplinska-kamera-nocpix-ace-l35-senzor-384x288-35mm-objektiv","status":"publish","type":"product","link":"https:\/\/nbg.eu\/hr\/proizvod\/toplinska-kamera-nocpix-ace-l35-senzor-384x288-35mm-objektiv\/","title":{"rendered":"Nocpix Termalna Kamera ACE L35"},"content":{"rendered":"<h2>Nocpix ACE L35 Termalna kamera<\/h2>\n<p>Nocpix ACE L35 izgra\u0111en je oko ideje kombiniranja vrhunskih zna\u010dajki koje zahtijevaju korisnici u pojednostavljenu optiku koja uravnote\u017euje napredne mogu\u0107nosti s lako\u0107om kori\u0161tenja na terenu. Dizajniran da se osje\u0107a poput tradicionalne dnevne optike, ACE je kompatibilan s karabinima na zatvara\u010d ili poluautomatskim pu\u0161kama pomo\u0107u standardnih nosa\u010da i prstenova od 30 mm. Kombinacija unutarnje USB-C baterije za punjenje i uklonjive punjive baterije od 18650 omogu\u0107uje korisnicima zamjenu baterija za neograni\u010deno vrijeme rada. Pove\u0107iva\u010d okular od 1x do 3x pru\u017ea opti\u010dko pove\u0107anje kru\u017enog AMOLED zaslona visoke razlu\u010divosti od 2560&#215;2560 unutar okulara. Vision+ sustav kombinira ovaj visokokvalitetni zaslon s senzorom od 18 mK NETD za nevjerojatno detaljne i precizne slike.<\/p>\n<p>Nocpix ACE L35 nudi pristupa\u010dniju opciju u ACE liniji za lovce predatora i divlja\u010di koji ne trebaju daljinomjer ili senzor ve\u0107e rezolucije. Uz ekstremno povoljnu cijenu, ACE L35 zadr\u017eava sve druge zna\u010dajke ACE linije termoskopa za pu\u0161ke.<\/p>\n<p>Opti\u010dki okular s pove\u0107anjem od 1-3x pru\u017ea dodatno pove\u0107anje zaslona bez pomicanja mjerila ili digitalnog zuma. Visokokontrastni kru\u017eni AMOLED zaslon visoke razlu\u010divosti od 2560&#215;2560 pru\u017ea pove\u0107anu jasno\u0107u i detalje. Pojednostavljene kontrole nude pobolj\u0161anu ergonomiju i bolje korisni\u010dko iskustvo na terenu. Koristi uobi\u010dajene punjive baterije od 18650. Zna\u010dajka balisti\u010dki kalkulator prikazuje vrijednosti opadanja metka na temelju unosa iz daljinomjera i prilago\u0111enog korisni\u010dkog profila metka. Punjenje ure\u0111aja putem jedinstveno dizajniranog USB-C priklju\u010dka s bravom.<\/p>\n","protected":false},"excerpt":{"rendered":"<p>Termalna kamera Nocpix ACE L35ima senzor od 384\u00d7288, objektiv od 35 mm, 4x digitalni zum i frekvenciju od 60 Hz, s dometom detekcije od 1970 metara.<\/p>\n<p>Ako proizvod nije dostupan, molimo vas da nas kontaktirate: shop@nbg.eu ili +359896147790<\/p>\n","protected":false},"featured_media":686784,"template":"","meta":{"_acf_changed":false},"product_brand":[14446],"product_cat":[16062],"product_tag":[],"class_list":{"0":"post-686701","1":"product","2":"type-product","3":"status-publish","4":"has-post-thumbnail","6":"product_brand-nocpix","7":"product_cat-thermal-cameras-hr","9":"first","10":"instock","11":"taxable","12":"shipping-taxable","13":"purchasable","14":"product-type-simple"},"acf":[],"_links":{"self":[{"href":"https:\/\/nbg.eu\/hr\/wp-json\/wp\/v2\/product\/686701","targetHints":{"allow":["GET"]}}],"collection":[{"href":"https:\/\/nbg.eu\/hr\/wp-json\/wp\/v2\/product"}],"about":[{"href":"https:\/\/nbg.eu\/hr\/wp-json\/wp\/v2\/types\/product"}],"wp:featuredmedia":[{"embeddable":true,"href":"https:\/\/nbg.eu\/hr\/wp-json\/wp\/v2\/media\/686784"}],"wp:attachment":[{"href":"https:\/\/nbg.eu\/hr\/wp-json\/wp\/v2\/media?parent=686701"}],"wp:term":[{"taxonomy":"product_brand","embeddable":true,"href":"https:\/\/nbg.eu\/hr\/wp-json\/wp\/v2\/product_brand?post=686701"},{"taxonomy":"product_cat","embeddable":true,"href":"https:\/\/nbg.eu\/hr\/wp-json\/wp\/v2\/product_cat?post=686701"},{"taxonomy":"product_tag","embeddable":true,"href":"https:\/\/nbg.eu\/hr\/wp-json\/wp\/v2\/product_tag?post=686701"}],"curies":[{"name":"wp","href":"https:\/\/api.w.org\/{rel}","templated":true}]}}