{"id":686838,"date":"2026-01-08T18:13:27","date_gmt":"2026-01-08T15:13:27","guid":{"rendered":"https:\/\/nbg.eu\/product\/termalna-kamera-nocpix-ace-h50r-12%ce%bcm-640x512-zeiss-rail\/"},"modified":"2026-04-14T17:19:12","modified_gmt":"2026-04-14T14:19:12","slug":"termalna-kamera-nocpix-ace-h50r-12%ce%bcm-640x512-zeiss-rail","status":"publish","type":"product","link":"https:\/\/nbg.eu\/hr\/proizvod\/termalna-kamera-nocpix-ace-h50r-12%ce%bcm-640x512-zeiss-rail\/","title":{"rendered":"Nocpix Termalna Kamera ACE H50R ZEISS RAIL"},"content":{"rendered":"<h2>Nocpix ACE H50R termalni pu\u0161kovni ciljnik: Neprikosnjena preciznost i jasno\u0107a lova<\/h2>\n<p>Nocpix ACE H50R termalni pu\u0161kovni ciljnik kombinira naprednu tehnologiju s izdr\u017eljivom izdr\u017eljivo\u0161\u0107u za neprikosnjen do\u017eivljaj lova. Ima termalni senzor rezolucije 640&#215;512 s \u226412mK NETD-om za iznimnu jasno\u0107u slike, domet detekcije od 3100 metara i integriranu LRF za precizna mjerenja do 1200 metara. Inovativni Vision+ sustav nudi okularna pove\u0107anja za jasne prikaze na bliskim udaljenostima, dok dvostruki baterijski sustav osigurava dugo kori\u0161tenje. Izra\u0111en od legure visoke \u010dvrsto\u0107e aluminija i ocjene IP67, ovaj pu\u0161kovni ciljnik dizajniran je za izvrsnost u bilo kojem vanjskom okru\u017eenju i prilagodbu svakoj situaciji.<\/p>\n<p>Nocpix ACE H50 termalni pu\u0161kovni ciljnik je vrhunski alat dizajniran za redefiniranje lovnog iskustva, bilo da se kre\u0107ete kroz mra\u010dnu no\u0107 ili prikradate plijen kroz zahtjevno podru\u010dje. Kao dio Nocpixove \u200b\u200bACE serije, ovaj termalni opti\u010dki ciljnik isti\u010de se svojim vrhunskim kvalitetom slike i precizno\u0161\u0107u, zahvaljuju\u0107i vlastitom razvijenom termalnom senzoru visoke rezolucije i naprednim Reality+ i Vision+ sustavima.<\/p>\n<p>U srcu Nocpix ACE H50R je njegov Gen-2 HD termalni senzor koji se di\u010di rezolucijom od 640&#215;512 i frekvencijom slike od 60Hz, nude\u0107i nevjerojatno stabilne performanse. S NETD-om od \u226412mK, ovaj ciljnik otkriva \u010dak i najmanje temperaturne razlike, pru\u017eaju\u0107i detaljne i glatke termalne slike, idealne za pra\u0107enje brzokretnih meta u stvarnom vremenu. Napredni Reality+ algoritam za obradu slike dodatno pobolj\u0161ava to eliminiraju\u0107i \u0161um ambijentalne temperature, pru\u017eaju\u0107i bolji kontrast i jasno\u0107u \u010dak i u zahtjevnim lova\u010dkim uvjetima.<\/p>\n<p>ACE H50R opremljen je objektivom od 50 mm\/F0.9 koji omogu\u0107uje 20% vi\u0161e svjetla da do\u0111e do senzora, stvaraju\u0107i svjetlije i jasnije slike. To je klju\u010dno za lovce koji te\u017ee preciznosti, jer pobolj\u0161ani prijenos svjetlosti pru\u017ea bolju vidljivost u okru\u017eenjima sa slabim osvjetljenjem. Osim toga, domet detekcije od 3100 metara izdvaja ACE, olak\u0161avaju\u0107i identifikaciju i pra\u0107enje udaljenih meta na velike udaljenosti kao nikada prije.<\/p>\n<p>Integrirani Vision+ sustav pobolj\u0161ava vizualno iskustvo 1,03-in\u010dnim okruglim AMOLED zaslonom rezolucije 2560&#215;2560. Njegov opti\u010dki sustav pove\u0107anja, dizajniran da izbjegne zamu\u0107enje i izobli\u010denje svojstveno tradicionalnim elektroni\u010dkim pove\u0107anjima, osigurava lovcima jasne, visokokvalitetne prikaze na bliskim udaljenostima bez gubitka detalja. To pru\u017ea uranjaju\u0107i, udoban do\u017eivljaj gledanja, bilo da promatrate plijen s udaljenosti ili se pribli\u017eavate za precizno ciljanje.<\/p>\n<p>Izra\u0111en za produljeno kori\u0161tenje na terenu, ACE ima dvostruki baterijski sustav s ugra\u0111enom 4000mAh baterijom i dodatnom odvojivom 18650 baterijom, omogu\u0107uju\u0107i neprekinut rad tijekom dugih lovnih sessija. Izdr\u017eljivi dizajn od legure visoke \u010dvrsto\u0107e aluminija osigurava da ACE mo\u017ee izdr\u017eati te\u0161ke vanjske uvjete i intenzivnu uporabu, pro\u0161av\u0161i stroge testove otpornosti na udarce. S ocjenom vodonepropusnosti IP67, ciljnik ostaje pouzdan u nepovoljnim vremenskim uvjetima, pru\u017eaju\u0107i lovcima mir bez obzira na okru\u017eenje.<\/p>\n<p>Dizajniran s lovcima na umu, Nocpix ACE H50R uklju\u010duje klju\u010dne zna\u010dajke poput video snimanja aktiviranog trzajem i dizajn bez zatvara\u010da za jednostavno rukovanje na terenu. S korisni\u010dkim dodacima poput pode\u0161iva\u010da fokusa, poklopca za punjenje i mogu\u0107nosti izravnog reproduciranja videozapisa putem zna\u010dajke Galerija, ovaj ciljnik kombinira visoke performanse s prakti\u010dno\u0161\u0107u za optimalno lova\u010dko iskustvo.<\/p>\n","protected":false},"excerpt":{"rendered":"<p>Termalna pu\u0161\u010darska optika Nocpix ACE H50R kombinira napreden senzor od 640&#215;512 12um, detekciju do 3100m i integrirani LRF za vrhunski lov.<br \/>\nAko artikl nije dostupan, kontaktirajte nas: shop@nbg.eu ili +359896147790<\/p>\n","protected":false},"featured_media":686942,"template":"","meta":{"_acf_changed":false},"product_brand":[14446],"product_cat":[16062],"product_tag":[],"class_list":{"0":"post-686838","1":"product","2":"type-product","3":"status-publish","4":"has-post-thumbnail","6":"product_brand-nocpix","7":"product_cat-thermal-cameras-hr","9":"first","10":"instock","11":"taxable","12":"shipping-taxable","13":"purchasable","14":"product-type-simple"},"acf":[],"_links":{"self":[{"href":"https:\/\/nbg.eu\/hr\/wp-json\/wp\/v2\/product\/686838","targetHints":{"allow":["GET"]}}],"collection":[{"href":"https:\/\/nbg.eu\/hr\/wp-json\/wp\/v2\/product"}],"about":[{"href":"https:\/\/nbg.eu\/hr\/wp-json\/wp\/v2\/types\/product"}],"wp:featuredmedia":[{"embeddable":true,"href":"https:\/\/nbg.eu\/hr\/wp-json\/wp\/v2\/media\/686942"}],"wp:attachment":[{"href":"https:\/\/nbg.eu\/hr\/wp-json\/wp\/v2\/media?parent=686838"}],"wp:term":[{"taxonomy":"product_brand","embeddable":true,"href":"https:\/\/nbg.eu\/hr\/wp-json\/wp\/v2\/product_brand?post=686838"},{"taxonomy":"product_cat","embeddable":true,"href":"https:\/\/nbg.eu\/hr\/wp-json\/wp\/v2\/product_cat?post=686838"},{"taxonomy":"product_tag","embeddable":true,"href":"https:\/\/nbg.eu\/hr\/wp-json\/wp\/v2\/product_tag?post=686838"}],"curies":[{"name":"wp","href":"https:\/\/api.w.org\/{rel}","templated":true}]}}