{"id":686989,"date":"2025-12-18T18:25:22","date_gmt":"2025-12-18T15:25:22","guid":{"rendered":"https:\/\/nbg.eu\/product\/termalna-kamera-nocpix-bolt-l35r\/"},"modified":"2026-02-27T15:50:53","modified_gmt":"2026-02-27T12:50:53","slug":"termalna-kamera-nocpix-bolt-l35r","status":"publish","type":"product","link":"https:\/\/nbg.eu\/hr\/proizvod\/termalna-kamera-nocpix-bolt-l35r\/","title":{"rendered":"Termalna kamera Nocpix Bolt L35R"},"content":{"rendered":"<h2>Savr\u0161en po\u010detak va\u0161e no\u0107ne potrage: Nocpix Bolt L35R termalna kamera<\/h2>\n<p>Dizajnirana za po\u010detnike koji \u017eele jasno\u0107u, jednostavnost i povjerenje od prvog dana, Nocpix BOLT kombinira o\u0161tra termalna snimanja, ugra\u0111eni daljinomjer i pametna balisti\u010dka pomagala u kompaktnom, lako upotrebljivom dizajnu &#8211; pru\u017eaju\u0107i novim lovcima ba\u0161 ono \u0161to im je potrebno da pametno love i sigurno pucaju.<\/p>\n<h2>Jasno vi\u0111enje, precizna identifikacija<\/h2>\n<p>Mutne slike i te\u0161ko vidljivi ciljevi \u010dest su problem za nove korisnike termalnih dalekozora, posebno u mraku. Zato je BOLT opremljen samopode\u0161avanim termalnim senzorom s \u226420mK NETD i velikom brzinom snimanja od 50Hz, \u0161to vam pru\u017ea glatke, visokokvalitetne slike \u010dak i u te\u0161kim uvjetima. Pogonjen na\u0161im Reality+ algoritmom za obradu slike, BOLT prodire kroz maglu, grmlje i tamu kako bi pru\u017eio o\u0161tre prikaze i pouzdanu identifikaciju ciljeva.<\/p>\n<h2>Ostanite lagani, ostanite usredoto\u010deni<\/h2>\n<p>Kao novi lovac, posebno kad se tek privikavate na tiho kretanje i ostanak usredoto\u010den. Zato Nocpix BOLT stvari dr\u017ei jednostavnima. Te\u017eak samo 880 grama i s kompaktnim, elegantnim dizajnom, lako je nosiv, montira se i koristi, \u010dak i na dugim lovovima.<\/p>\n<h2>Znati domet, loviti s povjerenjem<\/h2>\n<p>Za nove lovce, procjena udaljenosti mo\u017ee biti te\u0161ka, a proma\u0161eni pucnji mogu poremetiti njihovo povjerenje. BOLT olak\u0161ava pucanje s ugra\u0111enim laserom daljinomjerom do 1.200 metara i inteligentnim balisti\u010dki ra\u010dunar. Dobivate precizna o\u010ditavanja udaljenosti i trenutnu pomo\u0107 za ciljanje koja vam poma\u017ee pogoditi svaki hitac ba\u0161 tamo gdje treba. Od va\u0161eg prvog lova, BOLT po\u010detnike opskrbljuje prednosti potrebne za pametnije i dosljednije pucanje.<\/p>\n<h2>Lovite cijeli dan bez brige oko napajanja<\/h2>\n<p>Ostati bez baterije tijekom lova no\u0107na je mora za svakog novog lovca. Zato je BOLT dizajniran s dvostrukim baterijskim sustavom &#8211; dugotrajnom ugra\u0111enom baterijom od 5000mAh plus zamjenjiva 18650 pri\u010duvna baterija. Ukupnog kapaciteta od 9000mAh, dobivate do 12 sati kontinuiranog kori\u0161tenja. Bez stresa, bez prekida &#8211; samo napajanje koje je s vama, od izlaska do zalaska sunca.<\/p>\n<h2>Pametna oprema, aktivno lovo<\/h2>\n<p>Za po\u010detnike, privikavanje na novu opremu mo\u017ee biti te\u0161ko. BOLT \u010dini taj proces lakim s prilagodljivim ciljnicima, podesivim postavkama za pucanje i sedam palete boja za prilagodbu razli\u010ditim okru\u017eenjima. Plus, be\u017ei\u010dna povezanost s aplikacijom vam omogu\u0107ava prilagodbu postavki i dijeljenje va\u0161ih do\u017eivljaja, \u010dine\u0107i svaki lov ne samo pametnijim, ve\u0107 i zabavnijim i nagra\u0111uju\u0107im.<\/p>\n<h2>Izdr\u017eljiv dizajn, pouzdane performanse<\/h2>\n<p>Kad tek kre\u0107ete, posljednja stvar o kojoj \u017eelite brinuti je da vam oprema puca na terenu. BOLT je izgra\u0111en \u010dvrsto s monolitnim aluminijskim ku\u0107i\u0161tem i IP67 otporno\u0161\u0107u na pra\u0161inu i vodu. Testiran je da izdr\u017ei padove i jake trzaje, tako da ostaje pouzdan i precizan bez obzira na to koliko su te\u0161ki uvjeti.<\/p>\n","protected":false},"excerpt":{"rendered":"<p>Termalna kamera Nocpix Bolt L35R nudi o\u0161tar toplinski prikaz, ugra\u0111eni daljinomjer i pametne balisti\u010dne alate u kompaktnom, jednostavnom za upotrebu dizajnu za nove no\u0107ne lovce.<\/p>\n<p>Ako artikl nije dostupan, molimo vas da nas kontaktirate: shop@nbg.eu ili +359896147790<\/p>\n","protected":false},"featured_media":687379,"template":"","meta":{"_acf_changed":false},"product_brand":[14446],"product_cat":[2876],"product_tag":[],"class_list":{"0":"post-686989","1":"product","2":"type-product","3":"status-publish","4":"has-post-thumbnail","6":"product_brand-nocpix","7":"product_cat-rahohvatki","9":"first","10":"instock","11":"taxable","12":"shipping-taxable","13":"purchasable","14":"product-type-simple"},"acf":[],"_links":{"self":[{"href":"https:\/\/nbg.eu\/hr\/wp-json\/wp\/v2\/product\/686989","targetHints":{"allow":["GET"]}}],"collection":[{"href":"https:\/\/nbg.eu\/hr\/wp-json\/wp\/v2\/product"}],"about":[{"href":"https:\/\/nbg.eu\/hr\/wp-json\/wp\/v2\/types\/product"}],"wp:featuredmedia":[{"embeddable":true,"href":"https:\/\/nbg.eu\/hr\/wp-json\/wp\/v2\/media\/687379"}],"wp:attachment":[{"href":"https:\/\/nbg.eu\/hr\/wp-json\/wp\/v2\/media?parent=686989"}],"wp:term":[{"taxonomy":"product_brand","embeddable":true,"href":"https:\/\/nbg.eu\/hr\/wp-json\/wp\/v2\/product_brand?post=686989"},{"taxonomy":"product_cat","embeddable":true,"href":"https:\/\/nbg.eu\/hr\/wp-json\/wp\/v2\/product_cat?post=686989"},{"taxonomy":"product_tag","embeddable":true,"href":"https:\/\/nbg.eu\/hr\/wp-json\/wp\/v2\/product_tag?post=686989"}],"curies":[{"name":"wp","href":"https:\/\/api.w.org\/{rel}","templated":true}]}}