{"id":687701,"date":"2026-01-08T18:14:10","date_gmt":"2026-01-08T15:14:10","guid":{"rendered":"https:\/\/nbg.eu\/product\/termalni-monokularne-lumi-h35\/"},"modified":"2026-04-14T15:44:09","modified_gmt":"2026-04-14T12:44:09","slug":"termalni-monokularne-lumi-h35","status":"publish","type":"product","link":"https:\/\/nbg.eu\/hr\/proizvod\/termalni-monokularne-lumi-h35\/","title":{"rendered":"Nocpix Termalni Monokular LUMI H35"},"content":{"rendered":"<h2>Nocpix LUMI H35: Va\u0161 nezamjenjiv pratitelj za sve primjene<\/h2>\n<p>Serija toplinskih monokulara LUMI dizajnirana je za upotrebu danju i no\u0107u i pru\u017ea vam iznimnu kvalitetu slike \u010dak i u te\u0161kim vremenskim uvjetima poput magle, smoga ili ki\u0161e. \u010cak i ako prepreke poput grana, visoke trave ili gustog raslinja ote\u017eavaju vidljivost, ova tehnologija omogu\u0107uje vam da uvijek jasno vidite ono \u0161to se nalazi pred vama. Tako\u0111er su tako kompaktni i lagani da ih mo\u017eete lako nositi svugdje.<\/p>\n<p>LUMI termovizijske kamere savr\u0161ene su za razne primjene poput lova, nadzora, sigurnosti, orijentacije na terenu ili operacija potraga i spa\u0161avanja.<\/p>\n<h2>Neprekosiva u\u010dinkovitost snimanja za slike o\u0161trih obrisa<\/h2>\n<p>Serija LUMI postavlja nove standarde u pogledu kvalitete slike. Opremljena najnaprednijim algoritmima za snimanje i mo\u0107nim toplinskim senzorom s NETD &lt; 18 mK, kamera pru\u017ea slike o\u0161trih obrisa i realisti\u010dan izgled. AMOLED zaslon s rezolucijom od 1024 x 768 piksela osigurava iznimnu prezentaciju slike, dok na\u010din Ultra Clear dodatno optimizira jasno\u0107u slike, posebno u te\u0161kim vremenskim uvjetima.<\/p>\n<h2>Personalizirano iskustvo gledanja &#8211; savr\u0161eno prilagodite svoj ure\u0111aj<\/h2>\n<p>Zahvaljuju\u0107i velikom senzoru od 640 x 512 px i raznim mogu\u0107nostima prilagodbe, mo\u017eete prilagoditi ure\u0111aj to\u010dno svojim potrebama. Odaberite izme\u0111u 5 na\u010dina boja i optimizirajte svoj pogled s 10 razina svjetline, o\u0161trine i kontrasta &#8211; tako da nijedna pojedinost ne ostane neprimije\u0107ena.<\/p>\n<h2>Dijeljenje iskustava lako s LUMI-jem<\/h2>\n<p>Za suvremenog lovca, snimanje posebnih trenutaka je va\u017eno. S Nocpix LUMI H35, mo\u017eete ne samo prakti\u010dno dijeliti svoje snimke putem aplikacije, ve\u0107 ih i izravno reproducirati na ure\u0111aju &#8211; savr\u0161eno za trenutno dijeljenje va\u0161ih iskustava s drugima.<\/p>\n<h2>Fleksibilna upotreba zahvaljuju\u0107i zamjenjivom sustavu baterija<\/h2>\n<p>Serija LUMI opremljena je standardnim baterijama 18650, nude\u0107i vam maksimalnu fleksibilnost. Bez obzira gdje se nalazili, s uklju\u010denim punja\u010dem baterija bit \u0107ete spremni za akciju u trenu &#8211; i mo\u017eete nastaviti sa svojim poslom.<\/p>\n","protected":false},"excerpt":{"rendered":"<p>Nocpix LUMI H35: Va\u0161 nezamjenjiv pratitelj za sve primjene. 640 senzor s 18 mK, AMOLED zaslon s 1024 \u00d7 768 piksela, uklonjiva 18650 baterija, raspon detekcije oko 1800 metara, kompaktni dizajn.<br \/>\nAko proizvod nije dostupan, molimo Vas da nas kontaktirate: shop@nbg.eu ili +359896147790<\/p>\n","protected":false},"featured_media":687747,"template":"","meta":{"_acf_changed":false},"product_brand":[14446],"product_cat":[16061,13540],"product_tag":[],"class_list":{"0":"post-687701","1":"product","2":"type-product","3":"status-publish","4":"has-post-thumbnail","6":"product_brand-nocpix","7":"product_cat-monoculars-hr","8":"product_cat-termovizija","10":"first","11":"instock","12":"taxable","13":"shipping-taxable","14":"purchasable","15":"product-type-simple"},"acf":[],"_links":{"self":[{"href":"https:\/\/nbg.eu\/hr\/wp-json\/wp\/v2\/product\/687701","targetHints":{"allow":["GET"]}}],"collection":[{"href":"https:\/\/nbg.eu\/hr\/wp-json\/wp\/v2\/product"}],"about":[{"href":"https:\/\/nbg.eu\/hr\/wp-json\/wp\/v2\/types\/product"}],"wp:featuredmedia":[{"embeddable":true,"href":"https:\/\/nbg.eu\/hr\/wp-json\/wp\/v2\/media\/687747"}],"wp:attachment":[{"href":"https:\/\/nbg.eu\/hr\/wp-json\/wp\/v2\/media?parent=687701"}],"wp:term":[{"taxonomy":"product_brand","embeddable":true,"href":"https:\/\/nbg.eu\/hr\/wp-json\/wp\/v2\/product_brand?post=687701"},{"taxonomy":"product_cat","embeddable":true,"href":"https:\/\/nbg.eu\/hr\/wp-json\/wp\/v2\/product_cat?post=687701"},{"taxonomy":"product_tag","embeddable":true,"href":"https:\/\/nbg.eu\/hr\/wp-json\/wp\/v2\/product_tag?post=687701"}],"curies":[{"name":"wp","href":"https:\/\/api.w.org\/{rel}","templated":true}]}}