{"id":687826,"date":"2026-01-08T18:13:58","date_gmt":"2026-01-08T15:13:58","guid":{"rendered":"https:\/\/nbg.eu\/product\/termovizijska-kamera-ace-s60r\/"},"modified":"2026-04-14T15:44:17","modified_gmt":"2026-04-14T12:44:17","slug":"termovizijska-kamera-ace-s60r","status":"publish","type":"product","link":"https:\/\/nbg.eu\/hr\/proizvod\/termovizijska-kamera-ace-s60r\/","title":{"rendered":"Nocpix Termalna Kamera ACE S60R"},"content":{"rendered":"<h2>Opis proizvoda<\/h2>\n<p>Nocpix ACE S60R termalni ni\u0161an novi je, napredni alat dizajniran za elitne lovce koji zahtijevaju vrhunske performanse u najzahtjevnijim okru\u017eenjima. S naprednom tehnologijom i izdr\u017eljivom konstrukcijom, ovaj vode\u0107i termalni ni\u0161an dizajniran je da vam pomogne zavladati no\u0107i i pripitomiti divlja\u010d. Bilo da skenirate plijen na velikim udaljenostima ili pratite brzo pokretne ciljeve, ACE S60R nudi nenadma\u0161nu jasno\u0107u, preciznost i pouzdanost.<\/p>\n<p>U srcu ovog izvanrednog ni\u0161ana nalazi se Gen-2 HD termalni senzor s impresivnom rezolucijom od 1280\u00d71024 i ultra osjetljivim NETD od \u226415mK. Ovaj senzor sljede\u0107e generacije omogu\u0107ava ACE S60R-u da otkrije i najmanje promjene u temperaturi, pru\u017eaju\u0107i jasne, detaljne termalne slike u realnom vremenu. Sa stopom osvje\u017eavanja od 50 Hz, ni\u0161an pru\u017ea glatke vizualne efekte koji prate brzinu va\u0161eg cilja, omogu\u0107avaju\u0107i vam zaklju\u010davanje s nenadma\u0161nom precizno\u0161\u0107u.<\/p>\n<p>Nocpix ACE S60R tako\u0111er sadr\u017ei objektiv od 60mm\/F1.0 koji prikuplja 20% vi\u0161e svjetla od standardnih ni\u0161ana, pru\u017eaju\u0107i vam svjetlije i jasnije slike \u010dak i u najzamra\u010denijim uvjetima. Njegova superiorna detekcija na velikim udaljenostima do 3100 metara omogu\u0107ava vam lako identificiranje i pra\u0107enje udaljenih ciljeva, pru\u017eaju\u0107i klju\u010dnu prednost u lovnim i strelnim scenarijima na velikim udaljenostima. Uz Nocpixov proprietarni Reality+ algoritam obrade slike, ACE S60R dramati\u010dno smanjuje pozadinsku buku, pru\u017eaju\u0107i o\u0161tre, visokokontrastne slike svaki put.<\/p>\n<p>Za one koji \u017eele jo\u0161 vi\u0161e vizualne jasno\u0107e, ACE S60R opremljen je inovativnim Vision+ sustavom. Zaobljeni 1.03-in\u010dni 2560\u00d72560 AMOLED zaslon, u kombinaciji s vode\u0107om okulatorskom pove\u0107anjem, pru\u017ea nenadma\u0161no opti\u010dko pove\u0107anje bez zamu\u0107enja ili distorzije tipi\u010dno povezane s elektronskim zumiranjem. Ova prekretna tehnologija osigurava kristalno \u010dist pogled i \u0161iroko vidno polje, neovisno o tome pribli\u017eavate li se cilju ili pregledavate svoje okru\u017eenje.<\/p>\n<p>Preciznost je klju\u010dna kada je rije\u010d o lovu, a ACE S60R to ne razo\u010darava. Njegov ugra\u0111eni laserski daljinomjer (LRF) pru\u017ea precizna mjerenja do 1200 metara. LRF je besprijekorno integriran u elegantni dizajn, zadr\u017eavaju\u0107i pravu opti\u010dku osovinu, istovremeno vam omogu\u0107avaju\u0107i izra\u010dunavanje preciznih raspona bez ometanja fokusa. A s ugra\u0111enom balisti\u010dkom kalkulacijskom funkcionalno\u0161\u0107u, ACE S60R osigurava da va\u0161i pucnji budu precizni, uzimaju\u0107i u obzir svaki faktor za savr\u0161enu to\u010dnost.<\/p>\n<p>Dizajniran s lovcima na umu, Nocpix ACE S60R tako\u0111er ima dvostruki sustav baterija s ugra\u0111enom 4000mAh baterijom i uklonjivom 18650 baterijom za produ\u017eenu upotrebu na terenu. Vi\u0161e se ne morate brinuti zbog nestanka napajanja usred lova &#8211; ovaj je sustav dizajniran da traje koliko i va\u0161e avanture. Dodatne zna\u010dajke poput automatskog isklju\u010divanja zaslona, video snimanja aktiviranog trzajem i dizajna bez poklopca \u010dine ovaj termalni ni\u0161an pravom promjenom igre na terenu.<\/p>\n<p>Izra\u0111en za najte\u017ee vanjske uvjete, ACE S60R izra\u0111en je od legure aluminijske slitine otporne na ekstremne udarce i grubi rad. Ocjenjuje se kao IP67 otporan na vodu i savr\u0161eno funkcionira na ki\u0161i, pra\u0161ini i u zahtjevnim okru\u017eenjima, osiguravaju\u0107i da va\u0161 ni\u0161an bude izdr\u017eljiv poput va\u0161ih lova\u010dkih instinkata.<\/p>\n<p>Nocpix ACE S60R vi\u0161e je od obi\u010dnog termalnog ni\u0161ana &#8211; to je ultimativni lova\u010dki pratitelj. S naprednom tehnologijom, iznimnom izdr\u017eljivo\u0161\u0107u i nizom naprednih zna\u010dajki dizajniranih za unapre\u0111enje va\u0161eg lova\u010dkog iskustva, ovaj \u0107e ni\u0161an redefinirati va\u0161a o\u010dekivanja od va\u0161e opreme. Budite spremni zavladati no\u0107i.<\/p>\n","protected":false},"excerpt":{"rendered":"<p>Nocpix ACE S60R termalni ni\u0161an je vrhunski alat za elitne lovce koji nudi nenadma\u0161nu jasno\u0107u, preciznost i pouzdanost u najte\u017eim uvjetima. Njegov Gen-2 HD termalni senzor, objektiv od 60 mm\/F1.0 i napredni Vision+ sustav pru\u017eaju iznimnu kvalitetu slike, dok integrirani laserski daljinomjer, balisti\u010dki prora\u010dun i sustav dvostruke baterije osiguravaju preciznost i produ\u017eenu uporabu. Izra\u0111en od izdr\u017eljivog aluminijskog legura i s ocjenom IP67, ACE S60R izra\u0111en je za izdr\u017eavanje najgorih uvjeta.<\/p>\n<p>Ako artikl nije dostupan, molimo vas da nas kontaktirate: shop@nbg.eu ili +359896147790<\/p>\n","protected":false},"featured_media":687938,"template":"","meta":{"_acf_changed":false},"product_brand":[14446],"product_cat":[16062],"product_tag":[],"class_list":{"0":"post-687826","1":"product","2":"type-product","3":"status-publish","4":"has-post-thumbnail","6":"product_brand-nocpix","7":"product_cat-thermal-cameras-hr","9":"first","10":"instock","11":"taxable","12":"shipping-taxable","13":"purchasable","14":"product-type-simple"},"acf":[],"_links":{"self":[{"href":"https:\/\/nbg.eu\/hr\/wp-json\/wp\/v2\/product\/687826","targetHints":{"allow":["GET"]}}],"collection":[{"href":"https:\/\/nbg.eu\/hr\/wp-json\/wp\/v2\/product"}],"about":[{"href":"https:\/\/nbg.eu\/hr\/wp-json\/wp\/v2\/types\/product"}],"wp:featuredmedia":[{"embeddable":true,"href":"https:\/\/nbg.eu\/hr\/wp-json\/wp\/v2\/media\/687938"}],"wp:attachment":[{"href":"https:\/\/nbg.eu\/hr\/wp-json\/wp\/v2\/media?parent=687826"}],"wp:term":[{"taxonomy":"product_brand","embeddable":true,"href":"https:\/\/nbg.eu\/hr\/wp-json\/wp\/v2\/product_brand?post=687826"},{"taxonomy":"product_cat","embeddable":true,"href":"https:\/\/nbg.eu\/hr\/wp-json\/wp\/v2\/product_cat?post=687826"},{"taxonomy":"product_tag","embeddable":true,"href":"https:\/\/nbg.eu\/hr\/wp-json\/wp\/v2\/product_tag?post=687826"}],"curies":[{"name":"wp","href":"https:\/\/api.w.org\/{rel}","templated":true}]}}