{"id":688033,"date":"2025-10-17T23:10:38","date_gmt":"2025-10-17T20:10:38","guid":{"rendered":"https:\/\/nbg.eu\/product\/poluautomatski-pistolj-kmr-w-02-spectra-s-kal-9x19\/"},"modified":"2026-04-16T16:01:23","modified_gmt":"2026-04-16T13:01:23","slug":"poluautomatski-pistolj-kmr-w-02-spectra-s-kal-9x19","status":"publish","type":"product","link":"https:\/\/nbg.eu\/hr\/proizvod\/poluautomatski-pistolj-kmr-w-02-spectra-s-kal-9x19\/","title":{"rendered":"KMR Poluautomatski Pi\u0161tolj W-02 SPECTRA S"},"content":{"rendered":"<h2>KMR W-02 SPECTRA S OR Poluautomatski Pi\u0161tolj &#8211; 9&#215;19 Kalibra<\/h2>\n<p>Brzina kombinirana s kompaktnosti. KMR W-02 SPECTRA S OR je pi\u0161tolj s kompaktnijim dizajnom s reduciranim dr\u0161kom. Kao i s na\u0161im drugim modelima, mo\u017eete o\u010dekivati visoku preciznost i glatko, te\u010dno rukovanje s ovim pi\u0161toljem. Pi\u0161tolj je opremljen BRS sustavom stabilizacije cijevi, KMR dodatcima, potpuno podesivim stra\u017enjim ni\u0161anom, natjecateljskim kukom i su\u010deljem spremnim za optiku.<\/p>\n<p>Zna\u010dajke:<\/p>\n<ul>\n<li>5&#8243; Te\u0161ka, Urezana, Nitrirana Cijev<\/li>\n<li>BRS \u2013 Sustav Prstena Cijevi \u2013 Sustav Stabilizacije Cijevi u Zatvara\u010du<\/li>\n<li>Okvir i Zatvara\u010d od \u010celika, CNC Obra\u0111eni od Solidnog Bloka<\/li>\n<li>Nitriran Okvir i Zatvara\u010d \u2013 crni<\/li>\n<li>Okvir Reduciran u Podru\u010dju Dr\u0161ke<\/li>\n<li>Su\u010delje Spremno za Optiku (OR)<\/li>\n<li>Prednji Ni\u0161an od Opti\u010dkog Vlakna (1 mm)<\/li>\n<li>Potpuno Podesiv OR Stra\u017enji Ni\u0161an<\/li>\n<li>SA\/DA Mehanizam Okida\u010da<\/li>\n<li>\u010celi\u010dni Zup\u010dasti SA\/DA Okida\u010d s Podesivim Pretjeranim Hodom \u2013 crni<\/li>\n<li>Kratki Reset<\/li>\n<li>Natjecateljski SA\/DA Otkida\u010d<\/li>\n<li>Produ\u017eena Lijeva Ru\u010dna Sigurnost<\/li>\n<li>Ravna Desna Ru\u010dna Sigurnost<\/li>\n<li>Duralumin WAVES Dr\u0161ke \u2013 Tamno Crvene<\/li>\n<li>Podesivi Duralumin Gumb za Osloba\u0111anje Spremnika \u2013 crni<\/li>\n<li>Spremnik 9\u00d719, 9\u00d721 kapaciteta 17 metaka<\/li>\n<li>Spremnik \u2013 3x<\/li>\n<li>KMR Torbica za Pi\u0161tolj, Komplet za \u010ci\u0161\u0107enje, KMR Ulje, Alat za Monta\u017eu Cijevi, Glavna Opruga 14 lbs, Opruge za Trzaj 11 lbs, 13 lbs, Set Tampona, Hex Klju\u010devi, Osigura\u010d Navoja, Jamstveni List, Korisni\u010dki Priru\u010dnik<\/li>\n<\/ul>\n<p>Specifikacije:<\/p>\n<ul>\n<li>Kalibra: 9\u00d719, 9\u00d721<\/li>\n<li>Ukupna Duljina: 220 mm \/ 8.7 in<\/li>\n<li>Duljina Zatvara\u010da: 194 mm \/ 7.6 in<\/li>\n<li>Ukupna \u0160irina: 39 mm \/ 1.5 in<\/li>\n<li>\u0160irina Zatvara\u010da: 26 mm \/ 1 in<\/li>\n<li>Ukupna Visina: 146 mm \/ 5.7 in<\/li>\n<li>Linija Ni\u0161ana: 177 mm \/ 7 in<\/li>\n<li>Duljina Cijevi: 127 mm \/ 5 in<\/li>\n<li>Kapacitet Spremnika: 17<\/li>\n<li>Mehanizam Okida\u010da: SA \/ DA<\/li>\n<li>Sila Okida\u010da: 17,5 N \/ 45 N<\/li>\n<li>Opruga za Trzaj: 12 lbs<\/li>\n<li>Glavna Opruga: 17 lbs<\/li>\n<li>Masa (bez spremnika): 1230 g \/ 43.4 oz<\/li>\n<li>Masa (s praznim spremnikom): 1320 g \/ 46.6 oz<\/li>\n<\/ul>\n","protected":false},"excerpt":{"rendered":"<p>Brzina u kombinaciji s kompaktnim dizajnom. KMR W-02 SPECTRA S OR pi\u0161tolj ima kompaktniji dizajn sa smanjenom dr\u0161kom. Kao i s na\u0161im drugim modelima, mo\u017eete o\u010dekivati visoku preciznost i gladak, te\u010dan rad s ovim pi\u0161toljem. Pi\u0161tolj je opremljen BRS sustavom stabilizacije cijevi, KMR dodacima, potpuno podesivim stra\u017enjim ni\u0161anom, natjecateljskim obara\u010dem i su\u010deljem spremnim za optiku.<\/p>\n","protected":false},"featured_media":688122,"template":"","meta":{"_acf_changed":false},"product_brand":[11491],"product_cat":[13568],"product_tag":[],"class_list":{"0":"post-688033","1":"product","2":"type-product","3":"status-publish","4":"has-post-thumbnail","6":"product_brand-kmr-precision","7":"product_cat-pistolji","9":"first","10":"instock","11":"taxable","12":"shipping-taxable","13":"purchasable","14":"product-type-simple"},"acf":[],"_links":{"self":[{"href":"https:\/\/nbg.eu\/hr\/wp-json\/wp\/v2\/product\/688033","targetHints":{"allow":["GET"]}}],"collection":[{"href":"https:\/\/nbg.eu\/hr\/wp-json\/wp\/v2\/product"}],"about":[{"href":"https:\/\/nbg.eu\/hr\/wp-json\/wp\/v2\/types\/product"}],"wp:featuredmedia":[{"embeddable":true,"href":"https:\/\/nbg.eu\/hr\/wp-json\/wp\/v2\/media\/688122"}],"wp:attachment":[{"href":"https:\/\/nbg.eu\/hr\/wp-json\/wp\/v2\/media?parent=688033"}],"wp:term":[{"taxonomy":"product_brand","embeddable":true,"href":"https:\/\/nbg.eu\/hr\/wp-json\/wp\/v2\/product_brand?post=688033"},{"taxonomy":"product_cat","embeddable":true,"href":"https:\/\/nbg.eu\/hr\/wp-json\/wp\/v2\/product_cat?post=688033"},{"taxonomy":"product_tag","embeddable":true,"href":"https:\/\/nbg.eu\/hr\/wp-json\/wp\/v2\/product_tag?post=688033"}],"curies":[{"name":"wp","href":"https:\/\/api.w.org\/{rel}","templated":true}]}}