{"id":688157,"date":"2025-10-17T23:30:59","date_gmt":"2025-10-17T20:30:59","guid":{"rendered":"https:\/\/nbg.eu\/product\/poluautomatski-pistolj-kmr-umbra-w-02-kal-9h19-s-navojem-na-cijevi\/"},"modified":"2026-04-16T16:01:19","modified_gmt":"2026-04-16T13:01:19","slug":"poluautomatski-pistolj-kmr-umbra-w-02-kal-9h19-s-navojem-na-cijevi","status":"publish","type":"product","link":"https:\/\/nbg.eu\/hr\/proizvod\/poluautomatski-pistolj-kmr-umbra-w-02-kal-9h19-s-navojem-na-cijevi\/","title":{"rendered":"KMR Poluautomatski Pi\u0161tolj W-02 UMBRA s Navojem na Cijevi"},"content":{"rendered":"<h2>KMR W-02 UMBRA OR &#8211; Mo\u0107ni i kompaktni pi\u0161tolj za natjecateljsko ga\u0111anje<\/h2>\n<p>S ovim kompaktnim pi\u0161toljem ne\u0107ete se izgubiti u natjecanju, dapa\u010de, mo\u017eete iznenaditi.<\/p>\n<p>Pi\u0161tolj je opremljen KMR dodacima i BRS stabilizacijom cijevi, \u0161to zna\u010di pogodak u sredi\u0161te mete.<\/p>\n<p>Ovaj model nije samo za sportsko ga\u0111anje, ve\u0107 i za svakog strastvenog strijelca.<\/p>\n<h2>Klju\u010dne zna\u010dajke<\/h2>\n<ul>\n<li>4.5&#8243; Te\u0161ka, nu\u017eurena, \u017elijebljena cijev<\/li>\n<li>BRS &#8211; Sustav prstena cijevi &#8211; Sustav stabilizacije cijevi u zatvara\u010du<\/li>\n<li>Okvir i zatvara\u010d od \u010delika, CNC obra\u0111eni iz \u010dvrstog bloka<\/li>\n<li>Nitrirani okvir i zatvara\u010d &#8211; crni<\/li>\n<li>Su\u010delje spremno za optiku (OR)<\/li>\n<li>Prednji ciljnik s opti\u010dkim vlaknom (1 mm)<\/li>\n<li>Potpuno podesiv OR stra\u017enji ciljnik<\/li>\n<li>SA\/DA sustav okida\u010da<\/li>\n<li>\u010celi\u010dni nazubljeni SA\/DA okida\u010d s podesivim predhodnim hodom &#8211; crni<\/li>\n<li>Kratki povrat<\/li>\n<li>Natjecateljski SA\/DA bat<\/li>\n<li>Produ\u017eena lijevostrana ru\u010dna sigurnost<\/li>\n<li>Ravna desnoruka ru\u010dna sigurnost<\/li>\n<li>Duralumin WAVES dr\u0161ke &#8211; crne<\/li>\n<li>Podesivi duralumin gumb za izbacivanje okvira &#8211; crni<\/li>\n<li>Okvir 9&#215;19, 9&#215;21 kapaciteta 17 metaka<\/li>\n<\/ul>\n<h2>\u0160to je uklju\u010deno<\/h2>\n<ul>\n<li>Pi\u0161tolj KMR W-02 UMBRA OR<\/li>\n<li>3 komada spremnika<\/li>\n<li>Komplet za \u010di\u0161\u0107enje<\/li>\n<li>KMR ulje<\/li>\n<li>Alat za monta\u017eu cijevi<\/li>\n<li>Glavna opruga 14 lb<\/li>\n<li>Povratna opruga 11 lb, 13 lb<\/li>\n<li>Komplet amortizera<\/li>\n<li>\u0160esterokutni klju\u010devi<\/li>\n<li>Pri\u010dvrsna pasta<\/li>\n<li>Jamstveni list<\/li>\n<li>Korisni\u010dki priru\u010dnik<\/li>\n<li>Komplet KMR Precision Arms reklamnih naljepnica<\/li>\n<\/ul>\n<h2>Specifikacije<\/h2>\n<ul>\n<li>Kalibar: 9\u00d719, 9\u00d721<\/li>\n<li>Ukupna duljina: 208 mm \/ 8.2 in<\/li>\n<li>Duljina zatvara\u010da: 181 mm \/ 7 in<\/li>\n<li>Ukupna \u0161irina: 39 mm \/ 1.5 in<\/li>\n<li>\u0160irina zatvara\u010da: 26 mm \/ 1 in<\/li>\n<li>Ukupna visina: 143 mm \/ 5.6 in<\/li>\n<li>Linija ciljnika: 164 mm \/ 6.5 in<\/li>\n<li>Duljina cijevi: 114 mm \/ 4.5 in<\/li>\n<li>Kapacitet spremnika: 17<\/li>\n<li>Mehanizam okida\u010da: SA \/ DA<\/li>\n<li>Sila okida\u010da: 17,5 N \/ 45 N<\/li>\n<li>Povratna opruga: 12 lb<\/li>\n<li>Glavna opruga: 17 lb<\/li>\n<li>Te\u017eina (bez spremnika): 1180 g \/ 41.6 oz<\/li>\n<li>Te\u017eina (s praznim spremnikom): 1270 g \/ 44.8 oz<\/li>\n<\/ul>\n","protected":false},"excerpt":{"rendered":"<p>Malen i kompaktan, no sna\u017ean KMR W-02 UMBRA OR 9&#215;19 pi\u0161tolj s navojnom cijevi i BRS stabilizacijom cijevi.<\/p>\n","protected":false},"featured_media":0,"template":"","meta":{"_acf_changed":false},"product_brand":[],"product_cat":[13585],"product_tag":[],"class_list":{"0":"post-688157","1":"product","2":"type-product","3":"status-publish","5":"product_cat-nerazvrstan","7":"first","8":"instock","9":"taxable","10":"shipping-taxable","11":"purchasable","12":"product-type-simple"},"acf":[],"_links":{"self":[{"href":"https:\/\/nbg.eu\/hr\/wp-json\/wp\/v2\/product\/688157","targetHints":{"allow":["GET"]}}],"collection":[{"href":"https:\/\/nbg.eu\/hr\/wp-json\/wp\/v2\/product"}],"about":[{"href":"https:\/\/nbg.eu\/hr\/wp-json\/wp\/v2\/types\/product"}],"wp:attachment":[{"href":"https:\/\/nbg.eu\/hr\/wp-json\/wp\/v2\/media?parent=688157"}],"wp:term":[{"taxonomy":"product_brand","embeddable":true,"href":"https:\/\/nbg.eu\/hr\/wp-json\/wp\/v2\/product_brand?post=688157"},{"taxonomy":"product_cat","embeddable":true,"href":"https:\/\/nbg.eu\/hr\/wp-json\/wp\/v2\/product_cat?post=688157"},{"taxonomy":"product_tag","embeddable":true,"href":"https:\/\/nbg.eu\/hr\/wp-json\/wp\/v2\/product_tag?post=688157"}],"curies":[{"name":"wp","href":"https:\/\/api.w.org\/{rel}","templated":true}]}}