{"id":688789,"date":"2025-12-22T15:23:07","date_gmt":"2025-12-22T12:23:07","guid":{"rendered":"https:\/\/nbg.eu\/product\/hyllus-duffel-military-green-65-liter\/"},"modified":"2026-04-15T14:10:23","modified_gmt":"2026-04-15T11:10:23","slug":"hyllus-duffel-military-green-65-liter","status":"publish","type":"product","link":"https:\/\/nbg.eu\/hr\/proizvod\/hyllus-duffel-military-green-65-liter\/","title":{"rendered":"Eberlestock Torba Hyllus &#8211; 65 Litara"},"content":{"rendered":"<h2>Hyllus Duffel- 65 litara<\/h2>\n<p>Hyllus Duffel je vodonepropusna, izuzetno izdr\u017eljiva putna torba savr\u0161ena za organizaciju opreme u prtlja\u017eniku ili ru\u010dnoj prtljazi. Pod i bo\u010dni zidovi imaju 1000D TPU presvu\u010den najlon, a gornji dio je 500D TPU presvu\u010den najlon s oja\u010danjem protiv cijepanja.<\/p>\n<p>Unutarnji i vanjski d\u017eepovi s patentnim zatvara\u010dem olak\u0161avaju organizaciju sitnih predmeta i \u010duvaju ih sigurnima, dok veliki otvor glavnog odjeljka omogu\u0107uje brzo spremanje odje\u0107e i velikih predmeta. Hyllus ima remen od trake za prakti\u010dno pri\u010dvr\u0161\u0107ivanje na teleskopsku ru\u010dku prtljage.<\/p>\n<h2>Dimenzije<\/h2>\n<p>Volumen 65 l: 3966 kubi\u010dnih in\u010da<br \/>\nTe\u017eina 65 l: 2.5 lb<br \/>\nDimenzije 65 l: 11 H x 27 L x 13 \u0160<\/p>\n<h2>Zna\u010dajke<\/h2>\n<p>Vodonepropusna konstrukcija<br \/>\nVeliki glavni odjeljak s d\u017eepovima za organizaciju unutra\u0161njosti s patentnim zatvara\u010dima<br \/>\nVanjski d\u017eepovi s patentnim zatvara\u010dima na objema stranama i sprijeda<br \/>\nRu\u010dke za no\u0161enje<\/p>\n","protected":false},"excerpt":{"rendered":"<p>Hyllus Duffel- 65 litara je vodootporni, izuzetno izdr\u017eljivi duffelbag s volumenom od 3966ci i te\u017eine od 2.5Lb.<\/p>\n","protected":false},"featured_media":688862,"template":"","meta":{"_acf_changed":false},"product_brand":[15140],"product_cat":[13509],"product_tag":[],"class_list":{"0":"post-688789","1":"product","2":"type-product","3":"status-publish","4":"has-post-thumbnail","6":"product_brand-eberlestock","7":"product_cat-torbe-za-streljanu","9":"first","10":"instock","11":"taxable","12":"shipping-taxable","13":"purchasable","14":"product-type-variable","15":"wvs-archive-product-wrapper"},"acf":[],"_links":{"self":[{"href":"https:\/\/nbg.eu\/hr\/wp-json\/wp\/v2\/product\/688789","targetHints":{"allow":["GET"]}}],"collection":[{"href":"https:\/\/nbg.eu\/hr\/wp-json\/wp\/v2\/product"}],"about":[{"href":"https:\/\/nbg.eu\/hr\/wp-json\/wp\/v2\/types\/product"}],"wp:featuredmedia":[{"embeddable":true,"href":"https:\/\/nbg.eu\/hr\/wp-json\/wp\/v2\/media\/688862"}],"wp:attachment":[{"href":"https:\/\/nbg.eu\/hr\/wp-json\/wp\/v2\/media?parent=688789"}],"wp:term":[{"taxonomy":"product_brand","embeddable":true,"href":"https:\/\/nbg.eu\/hr\/wp-json\/wp\/v2\/product_brand?post=688789"},{"taxonomy":"product_cat","embeddable":true,"href":"https:\/\/nbg.eu\/hr\/wp-json\/wp\/v2\/product_cat?post=688789"},{"taxonomy":"product_tag","embeddable":true,"href":"https:\/\/nbg.eu\/hr\/wp-json\/wp\/v2\/product_tag?post=688789"}],"curies":[{"name":"wp","href":"https:\/\/api.w.org\/{rel}","templated":true}]}}