{"id":688905,"date":"2025-12-22T15:33:09","date_gmt":"2025-12-22T12:33:09","guid":{"rendered":"https:\/\/nbg.eu\/product\/hyllus-duffel-military-green-45-liter\/"},"modified":"2026-04-15T14:10:19","modified_gmt":"2026-04-15T11:10:19","slug":"hyllus-duffel-military-green-45-liter","status":"publish","type":"product","link":"https:\/\/nbg.eu\/hr\/proizvod\/hyllus-duffel-military-green-45-liter\/","title":{"rendered":"Eberlestock Torba Hyllus &#8211; 45 Litara"},"content":{"rendered":"<h2>Hyllus torba &#8211; 45 litara<\/h2>\n<p>Hyllus torba je vodootporna, izuzetno izdr\u017eljiva torba pogodna za skladi\u0161tenje opreme u prtlja\u017eniku ili ru\u010dnom prtljagu. Dno i bo\u010dne strane su presvu\u010dene s 1000D TPU oblo\u017eenim najlonom, a gornji dio s 500D TPU oblo\u017eenim najlonom otpornim na poderotine.<\/p>\n<p>Unutarnji i vanjski zatvoreni d\u017eepovi olak\u0161avaju organiziranje sitnih predmeta i \u010duvaju ih, dok veliki otvor u glavnom odjeljku omogu\u0107uje brzo odlaganje odje\u0107e i velikih predmeta. Hyllus ima remen od trake za jednostavno pri\u010dvr\u0161\u0107ivanje na teleskopsku ru\u010dku prtljage.<\/p>\n<h2>Dimenzije<\/h2>\n<p>Volumen 45 l: 2746 ci<br \/>\nTe\u017eina 45 l: 2 lb<br \/>\nDimenzije 45 l: 10 V x 22 D x 12 \u0160<\/p>\n<h2>Zna\u010dajke<\/h2>\n<ul>\n<li>Vodootporna konstrukcija<\/li>\n<li>Veliki glavni odjeljak s zatvorenim unutarnjim organizacijskim d\u017eepovima<\/li>\n<li>Vanjski zatvoreni d\u017eepovi sa strane i sprijeda<\/li>\n<li>Ru\u010dke za no\u0161enje torbe<\/li>\n<\/ul>\n","protected":false},"excerpt":{"rendered":"<p>Hyllus Duffel je vodootporna, izuzetno izdr\u017eljiva torba od 45 litara, savr\u0161ena za opremu u putni\u010dki prtlja\u017enik ili ru\u010dnu prtljagu.<\/p>\n","protected":false},"featured_media":705365,"template":"","meta":{"_acf_changed":false},"product_brand":[15140],"product_cat":[13509],"product_tag":[],"class_list":{"0":"post-688905","1":"product","2":"type-product","3":"status-publish","4":"has-post-thumbnail","6":"product_brand-eberlestock","7":"product_cat-torbe-za-streljanu","9":"first","10":"instock","11":"taxable","12":"shipping-taxable","13":"purchasable","14":"product-type-variable","15":"wvs-archive-product-wrapper"},"acf":[],"_links":{"self":[{"href":"https:\/\/nbg.eu\/hr\/wp-json\/wp\/v2\/product\/688905","targetHints":{"allow":["GET"]}}],"collection":[{"href":"https:\/\/nbg.eu\/hr\/wp-json\/wp\/v2\/product"}],"about":[{"href":"https:\/\/nbg.eu\/hr\/wp-json\/wp\/v2\/types\/product"}],"wp:featuredmedia":[{"embeddable":true,"href":"https:\/\/nbg.eu\/hr\/wp-json\/wp\/v2\/media\/705365"}],"wp:attachment":[{"href":"https:\/\/nbg.eu\/hr\/wp-json\/wp\/v2\/media?parent=688905"}],"wp:term":[{"taxonomy":"product_brand","embeddable":true,"href":"https:\/\/nbg.eu\/hr\/wp-json\/wp\/v2\/product_brand?post=688905"},{"taxonomy":"product_cat","embeddable":true,"href":"https:\/\/nbg.eu\/hr\/wp-json\/wp\/v2\/product_cat?post=688905"},{"taxonomy":"product_tag","embeddable":true,"href":"https:\/\/nbg.eu\/hr\/wp-json\/wp\/v2\/product_tag?post=688905"}],"curies":[{"name":"wp","href":"https:\/\/api.w.org\/{rel}","templated":true}]}}