{"id":689002,"date":"2024-09-02T13:30:54","date_gmt":"2024-09-02T10:30:54","guid":{"rendered":"https:\/\/nbg.eu\/product\/bipod-harris-s-lm-notch-rotate-9-13\/"},"modified":"2026-05-13T17:00:36","modified_gmt":"2026-05-13T14:00:36","slug":"bipod-harris-s-lm-notch-rotate-9-13","status":"publish","type":"product","link":"https:\/\/nbg.eu\/hr\/proizvod\/bipod-harris-s-lm-notch-rotate-9-13\/","title":{"rendered":"Bipod Harris &#8211; S -LM Notch Rotate 9-13&#8243;"},"content":{"rendered":"<div class=\"product-description\">\n<h2>Harris bipod &#8211; S -LM Notch Rotate 9-13&#8243;<\/h2>\n<p>Pobolj\u0161ajte svoje iskustvo ga\u0111anja s Harris-ovim bipod-om S-LM Notch Rotate. Ovaj ultralagani, vi\u0161enamjenski bipod savr\u0161en je za ga\u0111anje u le\u017ee\u0107em polo\u017eaju ili na stalku.<\/p>\n<ul>\n<li>Prilagodljiva visina: 9&#8243; do 13&#8243;<\/li>\n<li>Izravno pri\u010dvr\u0161\u0107ivanje na Picatinny \u0161inu<\/li>\n<li>Zna\u010dajka okretanja za neravni teren<\/li>\n<li>Glatke noge za lako postavljanje<\/li>\n<li>Lagana te\u017eina od samo 13,5 oz<\/li>\n<li>Ugra\u0111ena to\u010dka za remen<\/li>\n<li>100% proizvedeno u SAD-u<\/li>\n<\/ul>\n<p>Konstruiran od kaljen \u010delika i tvrdih legura, s gumenim \u010depovima na nogama i polimernom kva\u010dicom. Crni anodiziran zavr\u0161ni sloj osigurava trajnost i stil.<\/p>\n<p>Do\u017eivite preciznost i stabilnost s ovim kvalitetnim bipod-om, dizajniranim za ozbiljne strijelce koji tra\u017ee najbolje.<\/p>\n<\/div>\n","protected":false},"excerpt":{"rendered":"<p>Vi\u0161enamjenski bipod veli\u010dine 9-13&#8243;, mo\u017ee se okretati za neravni teren, ultralagan te\u017eine 13,5 oz.<\/p>\n","protected":false},"featured_media":35212,"template":"","meta":{"_acf_changed":false},"product_brand":[12008],"product_cat":[13548,13569,13530],"product_tag":[],"class_list":{"0":"post-689002","1":"product","2":"type-product","3":"status-publish","4":"has-post-thumbnail","6":"product_brand-harris-bipods","7":"product_cat-dvonosci","8":"product_cat-puska","9":"product_cat-tuning-puske","11":"first","12":"instock","13":"taxable","14":"shipping-taxable","15":"purchasable","16":"product-type-simple"},"acf":[],"_links":{"self":[{"href":"https:\/\/nbg.eu\/hr\/wp-json\/wp\/v2\/product\/689002","targetHints":{"allow":["GET"]}}],"collection":[{"href":"https:\/\/nbg.eu\/hr\/wp-json\/wp\/v2\/product"}],"about":[{"href":"https:\/\/nbg.eu\/hr\/wp-json\/wp\/v2\/types\/product"}],"wp:featuredmedia":[{"embeddable":true,"href":"https:\/\/nbg.eu\/hr\/wp-json\/wp\/v2\/media\/35212"}],"wp:attachment":[{"href":"https:\/\/nbg.eu\/hr\/wp-json\/wp\/v2\/media?parent=689002"}],"wp:term":[{"taxonomy":"product_brand","embeddable":true,"href":"https:\/\/nbg.eu\/hr\/wp-json\/wp\/v2\/product_brand?post=689002"},{"taxonomy":"product_cat","embeddable":true,"href":"https:\/\/nbg.eu\/hr\/wp-json\/wp\/v2\/product_cat?post=689002"},{"taxonomy":"product_tag","embeddable":true,"href":"https:\/\/nbg.eu\/hr\/wp-json\/wp\/v2\/product_tag?post=689002"}],"curies":[{"name":"wp","href":"https:\/\/api.w.org\/{rel}","templated":true}]}}