{"id":689047,"date":"2025-03-06T13:09:16","date_gmt":"2025-03-06T10:09:16","guid":{"rendered":"https:\/\/nbg.eu\/product\/clawgear-picatinny-qd-mount\/"},"modified":"2026-05-13T16:03:38","modified_gmt":"2026-05-13T13:03:38","slug":"clawgear-picatinny-qd-mount","status":"publish","type":"product","link":"https:\/\/nbg.eu\/hr\/proizvod\/clawgear-picatinny-qd-mount\/","title":{"rendered":"Clawgear Picatinny QD Mount"},"content":{"rendered":"<h2>Clawgear Picatinny QD Mount<\/h2>\n<p>Pobolj\u0161ajte versatilnost va\u0161e pu\u0161ke s Clawgear Picatinny QD Mountom, robusnom to\u010dkom pri\u010dvr\u0161\u0107ivanja za QD-Sling Swivels. Kompatibilan s M-LOK su\u010deljima, ovaj nosa\u010d ima:<\/p>\n<ul>\n<li>Dizajn niske profila s sto\u017eastim kutovima za neometano rukovanje<\/li>\n<li>Masivna metalna konstrukcija s crnom prevlakom za izdr\u017eljivost<\/li>\n<li>Matice od nehr\u0111aju\u0107eg \u010delika za otpornost na koroziju i trajnost<\/li>\n<li>Mogu\u0107nost rotacije od 360 stupnjeva<\/li>\n<\/ul>\n<p>Preporu\u010dujemo kori\u0161tenje visokokvalitetnih QD Sling Swivela za optimalnu kompatibilnost. Uvijek provjerite da je vezica sigurno zaklju\u010dana nakon monta\u017ee kratkim povla\u010denjem i okretanjem.<\/p>\n<h2>Specifikacije:<\/h2>\n<ul>\n<li>Tra\u010dni\u010dki sustav: M-Lok<\/li>\n<li>Te\u017eina: 25g<\/li>\n<li>Dimenzije (pakirano): 18 x 9.4 x 1 cm<\/li>\n<\/ul>\n","protected":false},"excerpt":{"rendered":"<p>Izdr\u017eljiva M-LOK QD sling pri\u010dvr\u0161\u0107iva\u010d s 360\u00b0 rotacijom za sigurno pri\u010dvr\u0161\u0107ivanje.<\/p>\n","protected":false},"featured_media":240821,"template":"","meta":{"_acf_changed":false},"product_brand":[11214],"product_cat":[13569,13505,13583,13530],"product_tag":[],"class_list":{"0":"post-689047","1":"product","2":"type-product","3":"status-publish","4":"has-post-thumbnail","6":"product_brand-clawgear","7":"product_cat-puska","8":"product_cat-remeni","9":"product_cat-tracnice","10":"product_cat-tuning-puske","12":"first","13":"instock","14":"taxable","15":"shipping-taxable","16":"purchasable","17":"product-type-simple"},"acf":[],"_links":{"self":[{"href":"https:\/\/nbg.eu\/hr\/wp-json\/wp\/v2\/product\/689047","targetHints":{"allow":["GET"]}}],"collection":[{"href":"https:\/\/nbg.eu\/hr\/wp-json\/wp\/v2\/product"}],"about":[{"href":"https:\/\/nbg.eu\/hr\/wp-json\/wp\/v2\/types\/product"}],"wp:featuredmedia":[{"embeddable":true,"href":"https:\/\/nbg.eu\/hr\/wp-json\/wp\/v2\/media\/240821"}],"wp:attachment":[{"href":"https:\/\/nbg.eu\/hr\/wp-json\/wp\/v2\/media?parent=689047"}],"wp:term":[{"taxonomy":"product_brand","embeddable":true,"href":"https:\/\/nbg.eu\/hr\/wp-json\/wp\/v2\/product_brand?post=689047"},{"taxonomy":"product_cat","embeddable":true,"href":"https:\/\/nbg.eu\/hr\/wp-json\/wp\/v2\/product_cat?post=689047"},{"taxonomy":"product_tag","embeddable":true,"href":"https:\/\/nbg.eu\/hr\/wp-json\/wp\/v2\/product_tag?post=689047"}],"curies":[{"name":"wp","href":"https:\/\/api.w.org\/{rel}","templated":true}]}}