{"id":689080,"date":"2025-03-06T13:06:02","date_gmt":"2025-03-06T10:06:02","guid":{"rendered":"https:\/\/nbg.eu\/product\/clawgear-m-lok-qd-mount\/"},"modified":"2026-05-13T15:10:01","modified_gmt":"2026-05-13T12:10:01","slug":"clawgear-m-lok-qd-mount","status":"publish","type":"product","link":"https:\/\/nbg.eu\/hr\/proizvod\/clawgear-m-lok-qd-mount\/","title":{"rendered":"Clawgear M-LOK QD Mount"},"content":{"rendered":"<h2>Clawgear M-LOK QD Mount: Sigurna i bez grabe\u017eljivog pri\u010dvr\u0161\u0107iva\u010da remena<\/h2>\n<p>Unaprijedite postavljanje svog vatrenog oru\u017eja s Clawgear M-LOK QD Mountom, in\u017eenjeriranim za nepopustljive performanse i besprijekorno integriranje remena. Izra\u0111en od visoko\u010dvrstog aluminija i zavr\u0161en Mil-Spec anodiziranom prevlakom, ovaj profila niske profile pru\u017ea iznimnu trajnost i otpornost na koroziju, osiguravaju\u0107i dugotrajnu pouzdanost na terenu.<\/p>\n<p>Izravno M-LOK pri\u010dvr\u0161\u0107ivanje pru\u017ea sigurno i bez grabe\u017eljivog su\u010delja, dok zna\u010dajka sprje\u010davanja rotacije osigurava da va\u0161 okretni prsten za remen ostane \u010dvrsto na mjestu, sprje\u010davaju\u0107i ne\u017eeljeno kretanje ili pomicanje. Kompatibilan sa svim standardnim QD okretnim prstenovima, Clawgear M-LOK QD Mount omogu\u0107uje brzo i lako pri\u010dvr\u0161\u0107ivanje i odvajanje remena, pojednostavnjuju\u0107i va\u0161e prijelaze i pobolj\u0161avaju\u0107i va\u0161e ukupno iskustvo ga\u0111anja.<\/p>\n<p>Bilo da se bavite zahtjevnim takti\u010dkim scenarijima ili kre\u0107ete na avanture na otvorenom, Clawgear M-LOK QD Mount je pouzdano i vi\u0161enamjensko rje\u0161enje za va\u0161e potrebe pri\u010dvr\u0161\u0107ivanja remena. Unaprijedite performanse svog vatrenog oru\u017eja s ovim izdr\u017eljivim i jednostavnim za upotrebu priborom.<\/p>\n","protected":false},"excerpt":{"rendered":"<p>Visoko kvalitetan aluminijski M-LOK QD nosa\u010d s nisko profilnim, anti-rotacijskim dizajnom za \u010dvrsto pri\u010dvr\u0161\u0107ivanje sling-a bez zapinjanja.<\/p>\n","protected":false},"featured_media":240589,"template":"","meta":{"_acf_changed":false},"product_brand":[11214],"product_cat":[13569,13505,13530],"product_tag":[],"class_list":{"0":"post-689080","1":"product","2":"type-product","3":"status-publish","4":"has-post-thumbnail","6":"product_brand-clawgear","7":"product_cat-puska","8":"product_cat-remeni","9":"product_cat-tuning-puske","11":"first","12":"outofstock","13":"taxable","14":"shipping-taxable","15":"purchasable","16":"product-type-simple"},"acf":[],"_links":{"self":[{"href":"https:\/\/nbg.eu\/hr\/wp-json\/wp\/v2\/product\/689080","targetHints":{"allow":["GET"]}}],"collection":[{"href":"https:\/\/nbg.eu\/hr\/wp-json\/wp\/v2\/product"}],"about":[{"href":"https:\/\/nbg.eu\/hr\/wp-json\/wp\/v2\/types\/product"}],"wp:featuredmedia":[{"embeddable":true,"href":"https:\/\/nbg.eu\/hr\/wp-json\/wp\/v2\/media\/240589"}],"wp:attachment":[{"href":"https:\/\/nbg.eu\/hr\/wp-json\/wp\/v2\/media?parent=689080"}],"wp:term":[{"taxonomy":"product_brand","embeddable":true,"href":"https:\/\/nbg.eu\/hr\/wp-json\/wp\/v2\/product_brand?post=689080"},{"taxonomy":"product_cat","embeddable":true,"href":"https:\/\/nbg.eu\/hr\/wp-json\/wp\/v2\/product_cat?post=689080"},{"taxonomy":"product_tag","embeddable":true,"href":"https:\/\/nbg.eu\/hr\/wp-json\/wp\/v2\/product_tag?post=689080"}],"curies":[{"name":"wp","href":"https:\/\/api.w.org\/{rel}","templated":true}]}}