{"id":689092,"date":"2025-03-03T22:26:47","date_gmt":"2025-03-03T19:26:47","guid":{"rendered":"https:\/\/nbg.eu\/product\/daa-3-piece-steel-die-set-223\/"},"modified":"2026-05-13T16:02:56","modified_gmt":"2026-05-13T13:02:56","slug":"daa-3-piece-steel-die-set-223","status":"publish","type":"product","link":"https:\/\/nbg.eu\/hr\/proizvod\/daa-3-piece-steel-die-set-223\/","title":{"rendered":"DAA 3-Piece Steel Die Set .223"},"content":{"rendered":"<h2>DAA 3-dijel\u010dani \u010deli\u010dni set matrica za .223<\/h2>\n<p>Unaprijedite svoje iskustvo ponovnog punjenja s Double Alpha Academy 3-dijelnim \u010deli\u010dnim setom matrica za kalibra .223. Izra\u0111en u suradnji s tvrtkom Lee Precision, ovaj set prilago\u0111en je progresivnim pu\u0161karskim punilima.<\/p>\n<ul>\n<li>Matrica za cijelu du\u017einu za pouzdano funkcioniranje<\/li>\n<li>Matrica za smje\u0161taj zrna Dead Length za precizno poravnanje<\/li>\n<li>Matrica za tvorni\u010dki krimpanje stila Collet za pobolj\u0161ane performanse<\/li>\n<li>Uklju\u010duje 2 rezervne igle za dekapiranje i 3 dodatne DAA tanke \u010deli\u010dne matice za zaklju\u010davanje od 1&#8243;<\/li>\n<li>Uklju\u010dena prilago\u0111ena EVA kutija za pohranu<\/li>\n<\/ul>\n<p>Zasebne matrice za krimpanje i smje\u0161taj osiguravaju optimalne rezultate bez o\u0161te\u0107enja \u010dahure. U\u017eivajte u preciznosti tvorni\u010dkog streljiva s fleksibilno\u0161\u0107u ru\u010dnog punjenja. Savr\u0161eno za iskusne i po\u010detni\u010dke punioce.<\/p>\n<p>Nadogradite svoj komplet za ponovno punjenje danas s DAA-ovim superiornim setom matrica!<\/p>\n","protected":false},"excerpt":{"rendered":"<p>Precizni .223 komplet za ponovno punjenje: Puni veli\u010dina, sjedalo, matrica za pritezanje. Izra\u0111eno od Lee.<\/p>\n","protected":false},"featured_media":235709,"template":"","meta":{"_acf_changed":false},"product_brand":[11260],"product_cat":[13544,13555],"product_tag":[],"class_list":{"0":"post-689092","1":"product","2":"type-product","3":"status-publish","4":"has-post-thumbnail","6":"product_brand-doublealpha","7":"product_cat-dodaci-za-punjenje","8":"product_cat-punjenje-streljiva","10":"first","11":"instock","12":"taxable","13":"shipping-taxable","14":"purchasable","15":"product-type-simple"},"acf":[],"_links":{"self":[{"href":"https:\/\/nbg.eu\/hr\/wp-json\/wp\/v2\/product\/689092","targetHints":{"allow":["GET"]}}],"collection":[{"href":"https:\/\/nbg.eu\/hr\/wp-json\/wp\/v2\/product"}],"about":[{"href":"https:\/\/nbg.eu\/hr\/wp-json\/wp\/v2\/types\/product"}],"wp:featuredmedia":[{"embeddable":true,"href":"https:\/\/nbg.eu\/hr\/wp-json\/wp\/v2\/media\/235709"}],"wp:attachment":[{"href":"https:\/\/nbg.eu\/hr\/wp-json\/wp\/v2\/media?parent=689092"}],"wp:term":[{"taxonomy":"product_brand","embeddable":true,"href":"https:\/\/nbg.eu\/hr\/wp-json\/wp\/v2\/product_brand?post=689092"},{"taxonomy":"product_cat","embeddable":true,"href":"https:\/\/nbg.eu\/hr\/wp-json\/wp\/v2\/product_cat?post=689092"},{"taxonomy":"product_tag","embeddable":true,"href":"https:\/\/nbg.eu\/hr\/wp-json\/wp\/v2\/product_tag?post=689092"}],"curies":[{"name":"wp","href":"https:\/\/api.w.org\/{rel}","templated":true}]}}