{"id":689247,"date":"2024-08-17T17:58:41","date_gmt":"2024-08-17T14:58:41","guid":{"rendered":"https:\/\/nbg.eu\/product\/ejector-spring-kmr\/"},"modified":"2026-05-13T16:02:32","modified_gmt":"2026-05-13T13:02:32","slug":"ejector-spring-kmr","status":"publish","type":"product","link":"https:\/\/nbg.eu\/hr\/proizvod\/ejector-spring-kmr\/","title":{"rendered":"KMR Opruga Izbaciva\u010da"},"content":{"rendered":"<h2>Opruga izbaciva\u010da KMR<\/h2>\n<p>Opruga izbaciva\u010da KMR je klju\u010dna komponenta za razli\u010dite modele oru\u017eja, dizajnirana da osigura pouzdano i dosljedno izbacivanje potro\u0161enih \u010dahura.<\/p>\n<p>Konstruirana s precizno\u0161\u0107u i trajno\u0161\u0107u na umu, ova opruga jam\u010di pouzdano izvla\u010denje i izbacivanje potro\u0161enih \u010dahura, odr\u017eavaju\u0107i gladak i dosljedan rad va\u0161eg oru\u017eja. Izra\u0111ena od kvalitetnih materijala, ova je opruga dizajnirana da izdr\u017ei napore redovite upotrebe i pru\u017ei dugotrajne performanse.<\/p>\n<p>Bilo da ste profesionalni strijelac ili strastveni entuzijast, ovaj je dio klju\u010dan dodatak za odr\u017eavanje optimalne u\u010dinkovitosti va\u0161eg oru\u017eja kompatibilnog s KMR-om. Ulo\u017eite u ovu pouzdanu komponentu i osjetite razliku koju ona mo\u017ee napraviti u va\u0161em iskustvu ga\u0111anja.<\/p>\n<p>Za oru\u017eje KMR:<\/p>\n<p>KMR L-02 EMIQ<\/p>\n<p>KMR L-02 EMIQ (OR)<\/p>\n<p>KMR L-02 ORCA OD 2024.<\/p>\n<p>KMR L-02 ORCA DO 2023.<\/p>\n<p>KMR L-02 SPECTRA OD 2024.<\/p>\n<p>KMR L-02 SPECTRA DO 2023.<\/p>\n<p>KMR L-02 UMBRA (OR) SR<\/p>\n<p>KMR S-02 OD 2024.<\/p>\n<p>KMR W-02 CUDA (OR)<\/p>\n<p>KMR W-02 UMBRA<\/p>\n<p>KMR W-02 UMBRA (OR)<\/p>\n","protected":false},"excerpt":{"rendered":"<p>Opruga za izbacivanje za oru\u017eja serije KMR, kompatibilno s vi\u0161e modela.<\/p>\n","protected":false},"featured_media":24724,"template":"","meta":{"_acf_changed":false},"product_brand":[11491],"product_cat":[13519,14732],"product_tag":[],"class_list":{"0":"post-689247","1":"product","2":"type-product","3":"status-publish","4":"has-post-thumbnail","6":"product_brand-kmr-precision","7":"product_cat-kmr-dijelovi","8":"product_cat-opruge","10":"first","11":"instock","12":"taxable","13":"shipping-taxable","14":"product-type-simple"},"acf":[],"_links":{"self":[{"href":"https:\/\/nbg.eu\/hr\/wp-json\/wp\/v2\/product\/689247","targetHints":{"allow":["GET"]}}],"collection":[{"href":"https:\/\/nbg.eu\/hr\/wp-json\/wp\/v2\/product"}],"about":[{"href":"https:\/\/nbg.eu\/hr\/wp-json\/wp\/v2\/types\/product"}],"wp:featuredmedia":[{"embeddable":true,"href":"https:\/\/nbg.eu\/hr\/wp-json\/wp\/v2\/media\/24724"}],"wp:attachment":[{"href":"https:\/\/nbg.eu\/hr\/wp-json\/wp\/v2\/media?parent=689247"}],"wp:term":[{"taxonomy":"product_brand","embeddable":true,"href":"https:\/\/nbg.eu\/hr\/wp-json\/wp\/v2\/product_brand?post=689247"},{"taxonomy":"product_cat","embeddable":true,"href":"https:\/\/nbg.eu\/hr\/wp-json\/wp\/v2\/product_cat?post=689247"},{"taxonomy":"product_tag","embeddable":true,"href":"https:\/\/nbg.eu\/hr\/wp-json\/wp\/v2\/product_tag?post=689247"}],"curies":[{"name":"wp","href":"https:\/\/api.w.org\/{rel}","templated":true}]}}