{"id":689289,"date":"2024-09-17T07:54:09","date_gmt":"2024-09-17T04:54:09","guid":{"rendered":"https:\/\/nbg.eu\/product\/extractor-40-sw-kmr\/"},"modified":"2026-04-16T16:03:55","modified_gmt":"2026-04-16T13:03:55","slug":"extractor-40-sw-kmr","status":"publish","type":"product","link":"https:\/\/nbg.eu\/hr\/proizvod\/extractor-40-sw-kmr\/","title":{"rendered":"KMR Ekstraktor .40 S&amp;W"},"content":{"rendered":"<h2>KMR Precizni ekstraktor &#8211; .40 S&amp;W<\/h2>\n<p>Osigurajte da va\u0161a KMR pi\u0161tolj radi s apsolutnom pouzdano\u0161\u0107u s ovim namjenskim ekstraktorem za .40 S&amp;W. Konstruiran za vi\u0161e tlakove i specifi\u010dnu geometriju \u010dahure .40 kalibra, ovaj je dio klju\u010d za odr\u017eavanje pouzdanog oru\u017eja.<\/p>\n<h3>Tehni\u010dka izvrsnost:<\/h3>\n<ul>\n<li><strong>Dizajn specifi\u010dan za kalibar:<\/strong> Za razliku od univerzalnih dijelova, ovaj je ekstraktor precizno obra\u0111en kako bi odgovarao rubu \u010dahure .40 S&amp;W za tje\u0161nje tolerancije i pozitivnije izvla\u010denje.<\/li>\n<li><strong>Pobolj\u0161ana trajnost:<\/strong> Izra\u0111en od kaljenog \u010deli\u010dnog legura za izdr\u017eavanje pove\u0107anih brzina kliza\u010da i sila trzaja povezanih s kalibrom .40 S&amp;W.<\/li>\n<li><strong>Rad bez zapinjanja:<\/strong> Ima korozijski otpornu prevlaku koja smanjuje trenje i sprje\u010dava nakupljanje ugljika da ometa kuku za izvla\u010denje.<\/li>\n<li><strong>Savr\u0161en dosjed:<\/strong> Dizajniran za besprijekornu integraciju s KMR sklopovima kliza\u010da, odr\u017eavaju\u0107i preciznu napetost potrebnu za profesionalnu upotrebu.<\/li>\n<\/ul>\n<p>Ekstraktor je kriti\u010dni istro\u0161eni dio. Nadogradnjom na ovaj originalni KMR dio, otklanjate potencijalne probleme s ciklusom i osiguravate da je va\u0161a pi\u0161tolj spreman za zahtjeve IPSC\/USPSA natjecanja ili slu\u017ebene upotrebe.<\/p>\n","protected":false},"excerpt":{"rendered":"<p>1080-00302-0400<\/p>\n","protected":false},"featured_media":25699,"template":"","meta":{"_acf_changed":false},"product_brand":[11491],"product_cat":[13519],"product_tag":[],"class_list":{"0":"post-689289","1":"product","2":"type-product","3":"status-publish","4":"has-post-thumbnail","6":"product_brand-kmr-precision","7":"product_cat-kmr-dijelovi","9":"first","10":"instock","11":"taxable","12":"shipping-taxable","13":"product-type-simple"},"acf":[],"_links":{"self":[{"href":"https:\/\/nbg.eu\/hr\/wp-json\/wp\/v2\/product\/689289","targetHints":{"allow":["GET"]}}],"collection":[{"href":"https:\/\/nbg.eu\/hr\/wp-json\/wp\/v2\/product"}],"about":[{"href":"https:\/\/nbg.eu\/hr\/wp-json\/wp\/v2\/types\/product"}],"wp:featuredmedia":[{"embeddable":true,"href":"https:\/\/nbg.eu\/hr\/wp-json\/wp\/v2\/media\/25699"}],"wp:attachment":[{"href":"https:\/\/nbg.eu\/hr\/wp-json\/wp\/v2\/media?parent=689289"}],"wp:term":[{"taxonomy":"product_brand","embeddable":true,"href":"https:\/\/nbg.eu\/hr\/wp-json\/wp\/v2\/product_brand?post=689289"},{"taxonomy":"product_cat","embeddable":true,"href":"https:\/\/nbg.eu\/hr\/wp-json\/wp\/v2\/product_cat?post=689289"},{"taxonomy":"product_tag","embeddable":true,"href":"https:\/\/nbg.eu\/hr\/wp-json\/wp\/v2\/product_tag?post=689289"}],"curies":[{"name":"wp","href":"https:\/\/api.w.org\/{rel}","templated":true}]}}