{"id":689320,"date":"2024-08-17T15:16:22","date_gmt":"2024-08-17T12:16:22","guid":{"rendered":"https:\/\/nbg.eu\/product\/extractor-pin-22-lr-2x10-kmr\/"},"modified":"2026-05-13T16:02:12","modified_gmt":"2026-05-13T13:02:12","slug":"extractor-pin-22-lr-2x10-kmr","status":"publish","type":"product","link":"https:\/\/nbg.eu\/hr\/proizvod\/extractor-pin-22-lr-2x10-kmr\/","title":{"rendered":"KMR Os Ekstraktora .22 LR 2&#215;10"},"content":{"rendered":"<h2>Ekstraktor klin 22 Lr 2X10 KMR &#8211; Precizna osna to\u010dka za pouzdano izbacivanje<\/h2>\n<p>Osmi\u0161ljen za .22 LR KMR platformu za municiju s prstenastom palicom, Ekstraktor klin 22 Lr 2X10 KMR pru\u017ea kriti\u010dnu osnu to\u010dku za funkcioniranje mehanizma ekstraktora na pouzdan na\u010din. Izra\u0111en od kaljenog \u010delika, ovaj precizno dimenzioniran klin (2x10mm) osigurava konzistentnu napetost i sprje\u010dava klizanje ili odvaljivanje klina pri brzoj paljbi, \u0161to osigurava da va\u0161a KMR pi\u0161tolj izbacuje potro\u0161ene \u010dahure s nepromjenjivom pouzdano\u0161\u0107u.<\/p>\n<p>Ekstraktor klin 22 Lr 2X10 KMR je klju\u010dna komponenta za odr\u017eavanje optimalnih performansi va\u0161eg .22 LR KMR-a. Njegova robusna konstrukcija i bri\u017eljiv dizajn pru\u017eaju osnu potporu potrebnu za besprijekorno funkcioniranje va\u0161eg ekstraktora, hitac za hitcem. Bilo da se radi o ga\u0111anju mete, pucanju na plo\u010dice ili natjecanju, ovaj ekstraktorski klin je neprocjenjivo unapre\u0111enje koje \u0107e osigurati da va\u0161 KMR pi\u0161tolj radi na svom vrhuncu.<\/p>\n<p>Nadogradite svoj .22 LR KMR s Ekstraktor klinom 22 Lr 2X10 KMR i iskusite pouzdanost precizne, visokokvalitetne osne to\u010dke koja \u0107e odr\u017eavati va\u0161 ekstraktor u funkciji s precizno\u0161\u0107u i konzistentno\u0161\u0107u. Ulo\u017eite u detalje koji imaju razliku i u\u017eivajte u miru uma koji dolazi s oru\u017ejem koje izbacuje s nepokolebljivom pouzdano\u0161\u0107u.<\/p>\n","protected":false},"excerpt":{"rendered":"<p>Precizni 2x10mm ekstraktor osovine zrna za .22 LR KMR pi\u0161tolje; konstrukcija od kaljenog \u010delika.<\/p>\n","protected":false},"featured_media":24055,"template":"","meta":{"_acf_changed":false},"product_brand":[11491],"product_cat":[13519],"product_tag":[],"class_list":{"0":"post-689320","1":"product","2":"type-product","3":"status-publish","4":"has-post-thumbnail","6":"product_brand-kmr-precision","7":"product_cat-kmr-dijelovi","9":"first","10":"instock","11":"taxable","12":"shipping-taxable","13":"product-type-simple"},"acf":[],"_links":{"self":[{"href":"https:\/\/nbg.eu\/hr\/wp-json\/wp\/v2\/product\/689320","targetHints":{"allow":["GET"]}}],"collection":[{"href":"https:\/\/nbg.eu\/hr\/wp-json\/wp\/v2\/product"}],"about":[{"href":"https:\/\/nbg.eu\/hr\/wp-json\/wp\/v2\/types\/product"}],"wp:featuredmedia":[{"embeddable":true,"href":"https:\/\/nbg.eu\/hr\/wp-json\/wp\/v2\/media\/24055"}],"wp:attachment":[{"href":"https:\/\/nbg.eu\/hr\/wp-json\/wp\/v2\/media?parent=689320"}],"wp:term":[{"taxonomy":"product_brand","embeddable":true,"href":"https:\/\/nbg.eu\/hr\/wp-json\/wp\/v2\/product_brand?post=689320"},{"taxonomy":"product_cat","embeddable":true,"href":"https:\/\/nbg.eu\/hr\/wp-json\/wp\/v2\/product_cat?post=689320"},{"taxonomy":"product_tag","embeddable":true,"href":"https:\/\/nbg.eu\/hr\/wp-json\/wp\/v2\/product_tag?post=689320"}],"curies":[{"name":"wp","href":"https:\/\/api.w.org\/{rel}","templated":true}]}}