{"id":689341,"date":"2024-08-16T23:18:23","date_gmt":"2024-08-16T20:18:23","guid":{"rendered":"https:\/\/nbg.eu\/product\/extractor-pin-kmr\/"},"modified":"2026-05-13T16:02:07","modified_gmt":"2026-05-13T13:02:07","slug":"extractor-pin-kmr","status":"publish","type":"product","link":"https:\/\/nbg.eu\/hr\/proizvod\/extractor-pin-kmr\/","title":{"rendered":"KMR Os Ekstraktora"},"content":{"rendered":"<h2>Ekstraktorska iglica za KMR pi\u0161tolje<\/h2>\n<p>Podignite performanse i pouzdanost va\u0161eg KMR pi\u0161tolja s Ekstratorskom iglicom. Izra\u0111ena od kaljenog alatnog \u010delika i konstruirana prema to\u010dnim tvorni\u010dkim specifikacijama, ova komponenta osigurava savr\u0161eno pristajanje u sklop zatvara\u010da. Njegova otporna zavr\u0161na obrada jam\u010di dugotrajnu trajnost, dok njegova visoka vla\u010dna \u010dvrsto\u0107a \u0161titi kriti\u010dni sustav okretanja ekstraktora.<\/p>\n<p>Kao os za kretanje ekstraktora, ova iglica ima klju\u010dnu ulogu u ciklusu ekstrahiranja. Odr\u017eavanjem dosljedne napetosti opruge sprje\u010dava mehani\u010dke kvarove i osigurava glatko, pouzdano djelovanje sa svakim hicem. Bilo da ste strastveni strijelac na metu ili entuzijast za samoobranu, Ekstraktorska iglica je klju\u010dno nadogradnja za va\u0161 KMR pi\u0161tolj, pru\u017eaju\u0107i performanse i mir uma koji tra\u017eite.<\/p>\n","protected":false},"excerpt":{"rendered":"<p>Ekstraktorski osovinski zatik visoke vla\u010dne \u010dvrsto\u0107e za KMR pi\u0161tolje; precizno pristajanje i trajni zavr\u0161ni sloj.<\/p>\n","protected":false},"featured_media":23771,"template":"","meta":{"_acf_changed":false},"product_brand":[11491],"product_cat":[13519],"product_tag":[],"class_list":{"0":"post-689341","1":"product","2":"type-product","3":"status-publish","4":"has-post-thumbnail","6":"product_brand-kmr-precision","7":"product_cat-kmr-dijelovi","9":"first","10":"instock","11":"taxable","12":"shipping-taxable","13":"product-type-simple"},"acf":[],"_links":{"self":[{"href":"https:\/\/nbg.eu\/hr\/wp-json\/wp\/v2\/product\/689341","targetHints":{"allow":["GET"]}}],"collection":[{"href":"https:\/\/nbg.eu\/hr\/wp-json\/wp\/v2\/product"}],"about":[{"href":"https:\/\/nbg.eu\/hr\/wp-json\/wp\/v2\/types\/product"}],"wp:featuredmedia":[{"embeddable":true,"href":"https:\/\/nbg.eu\/hr\/wp-json\/wp\/v2\/media\/23771"}],"wp:attachment":[{"href":"https:\/\/nbg.eu\/hr\/wp-json\/wp\/v2\/media?parent=689341"}],"wp:term":[{"taxonomy":"product_brand","embeddable":true,"href":"https:\/\/nbg.eu\/hr\/wp-json\/wp\/v2\/product_brand?post=689341"},{"taxonomy":"product_cat","embeddable":true,"href":"https:\/\/nbg.eu\/hr\/wp-json\/wp\/v2\/product_cat?post=689341"},{"taxonomy":"product_tag","embeddable":true,"href":"https:\/\/nbg.eu\/hr\/wp-json\/wp\/v2\/product_tag?post=689341"}],"curies":[{"name":"wp","href":"https:\/\/api.w.org\/{rel}","templated":true}]}}