{"id":689370,"date":"2024-08-18T12:25:44","date_gmt":"2024-08-18T09:25:44","guid":{"rendered":"https:\/\/nbg.eu\/product\/extractor-spring-kmr\/"},"modified":"2026-05-13T16:00:57","modified_gmt":"2026-05-13T13:00:57","slug":"extractor-spring-kmr","status":"publish","type":"product","link":"https:\/\/nbg.eu\/hr\/proizvod\/extractor-spring-kmr\/","title":{"rendered":"KMR Opruga Ekstraktora"},"content":{"rendered":"<h2>Ekstrakter opruga KMR &#8211; pouzdane performanse oru\u017eja<\/h2>\n<p>Pove\u0107ajte u\u010dinkovitost svog oru\u017eja s Ekstraktorm oprugom KMR, klju\u010dnom komponentom dizajniranom za odre\u0111ene KMR modele. Ova kvalitetna opruga osigurava glatko i pouzdano funkcioniranje, pobolj\u0161avaju\u0107i funkcionalnost va\u0161eg vatrenog oru\u017eja.<\/p>\n<p>Izra\u0111ena preciznim in\u017eenjeringom, Ekstraktor opruga KMR napravljena je od izdr\u017eljivih materijala koji mogu izdr\u017eati napore redovne upotrebe. Njezin dizajn i konstrukcija smanjuju rizik od kvarova, pru\u017eaju\u0107i vam mir i povjerenje u pouzdanost va\u0161eg oru\u017eja. Nadogradite svoj KMR s ovom oprugom i iskusite razliku u glatkom, dosljednom i pouzdanom radu.<\/p>\n<p>Bilo da ste iskusni strijelac ili profesionalac, ekstraktorna opruga je neizbje\u017ean dodatak za va\u0161e oru\u017eje s KMR-om. Investirajte u ovu klju\u010dnu komponentu i podignite svoje iskustvo ga\u0111anja na novu razinu.<\/p>\n<p>Za oru\u017eja KMR:<\/p>\n<p>KMR L-02 EMIQ<\/p>\n<p>KMR L-02 ORCA DO 2023.<\/p>\n<p>KMR W-02 UMBRA<\/p>\n","protected":false},"excerpt":{"rendered":"<p>Opruga ekstraktora za KMR oru\u017eje, kompatibilna s L-02 EMIQ, L-02 ORCA (do 2023.) i W-02 UMBRA modelima.<\/p>\n","protected":false},"featured_media":26067,"template":"","meta":{"_acf_changed":false},"product_brand":[11491],"product_cat":[13519,14732],"product_tag":[],"class_list":{"0":"post-689370","1":"product","2":"type-product","3":"status-publish","4":"has-post-thumbnail","6":"product_brand-kmr-precision","7":"product_cat-kmr-dijelovi","8":"product_cat-opruge","10":"first","11":"instock","12":"taxable","13":"shipping-taxable","14":"product-type-simple"},"acf":[],"_links":{"self":[{"href":"https:\/\/nbg.eu\/hr\/wp-json\/wp\/v2\/product\/689370","targetHints":{"allow":["GET"]}}],"collection":[{"href":"https:\/\/nbg.eu\/hr\/wp-json\/wp\/v2\/product"}],"about":[{"href":"https:\/\/nbg.eu\/hr\/wp-json\/wp\/v2\/types\/product"}],"wp:featuredmedia":[{"embeddable":true,"href":"https:\/\/nbg.eu\/hr\/wp-json\/wp\/v2\/media\/26067"}],"wp:attachment":[{"href":"https:\/\/nbg.eu\/hr\/wp-json\/wp\/v2\/media?parent=689370"}],"wp:term":[{"taxonomy":"product_brand","embeddable":true,"href":"https:\/\/nbg.eu\/hr\/wp-json\/wp\/v2\/product_brand?post=689370"},{"taxonomy":"product_cat","embeddable":true,"href":"https:\/\/nbg.eu\/hr\/wp-json\/wp\/v2\/product_cat?post=689370"},{"taxonomy":"product_tag","embeddable":true,"href":"https:\/\/nbg.eu\/hr\/wp-json\/wp\/v2\/product_tag?post=689370"}],"curies":[{"name":"wp","href":"https:\/\/api.w.org\/{rel}","templated":true}]}}