{"id":689439,"date":"2024-08-17T15:26:35","date_gmt":"2024-08-17T12:26:35","guid":{"rendered":"https:\/\/nbg.eu\/product\/fiber-optic-front-sight-kmr-625xd1x3-red\/"},"modified":"2026-05-13T16:03:18","modified_gmt":"2026-05-13T13:03:18","slug":"fiber-optic-front-sight-kmr-625xd1x3-red","status":"publish","type":"product","link":"https:\/\/nbg.eu\/hr\/proizvod\/fiber-optic-front-sight-kmr-625xd1x3-red\/","title":{"rendered":"KMR Fiber Opti\u010dki Prednji Ni\u0161an 6.25xD1x3 Crveni"},"content":{"rendered":"<h2>Pobolj\u0161ajte ciljanje va\u0161eg oru\u017eja s FIBER OPTIC FRONT SIGHTOM KMR 6,25xD1x3 RED<\/h2>\n<p>Dimenzije ovog ciljnika od 6,25 x D1 x 3 \u010dine ga savr\u0161enim dodatkom na va\u0161e oru\u017eje, pru\u017eaju\u0107i besprijekornu integraciju bez kompromisa u ukupnom dizajnu. Robusna konstrukcija i izdr\u017eljivi materijali kori\u0161teni u njegovoj proizvodnji jam\u010de dugotrajne performanse, \u010dak i u zahtjevnim uvjetima.<\/p>\n<p>Bilo da se bavite takti\u010dkim operacijama, natjecateljskim streljivom ili rekreativnom upotrebom, fiber opti\u010dki prednji ciljnik \u0107e pobolj\u0161ati va\u0161e sposobnosti ciljanja i dati vam prednost koja vam je potrebna. Pouzdajte se u ovaj pouzdan i visokokvalitetni dodatak kako biste pobolj\u0161ali preciznost i to\u010dnost va\u0161eg oru\u017eja.<\/p>\n<p>Za oru\u017eje KMR:<\/p>\n<p>KMR L-02 ORCA DO 2023.<\/p>\n<p>KMR W-02 UMBRA<\/p>\n<p>Referenca: 0501-04605-0001<\/p>\n","protected":false},"excerpt":{"rendered":"<p>Opti\u010dke niti za prednji ciljnik za oru\u017eje KMR, 6,25xD1x3, crvene.<\/p>\n","protected":false},"featured_media":24124,"template":"","meta":{"_acf_changed":false},"product_brand":[11491],"product_cat":[13519],"product_tag":[],"class_list":{"0":"post-689439","1":"product","2":"type-product","3":"status-publish","4":"has-post-thumbnail","6":"product_brand-kmr-precision","7":"product_cat-kmr-dijelovi","9":"first","10":"instock","11":"taxable","12":"shipping-taxable","13":"product-type-simple"},"acf":[],"_links":{"self":[{"href":"https:\/\/nbg.eu\/hr\/wp-json\/wp\/v2\/product\/689439","targetHints":{"allow":["GET"]}}],"collection":[{"href":"https:\/\/nbg.eu\/hr\/wp-json\/wp\/v2\/product"}],"about":[{"href":"https:\/\/nbg.eu\/hr\/wp-json\/wp\/v2\/types\/product"}],"wp:featuredmedia":[{"embeddable":true,"href":"https:\/\/nbg.eu\/hr\/wp-json\/wp\/v2\/media\/24124"}],"wp:attachment":[{"href":"https:\/\/nbg.eu\/hr\/wp-json\/wp\/v2\/media?parent=689439"}],"wp:term":[{"taxonomy":"product_brand","embeddable":true,"href":"https:\/\/nbg.eu\/hr\/wp-json\/wp\/v2\/product_brand?post=689439"},{"taxonomy":"product_cat","embeddable":true,"href":"https:\/\/nbg.eu\/hr\/wp-json\/wp\/v2\/product_cat?post=689439"},{"taxonomy":"product_tag","embeddable":true,"href":"https:\/\/nbg.eu\/hr\/wp-json\/wp\/v2\/product_tag?post=689439"}],"curies":[{"name":"wp","href":"https:\/\/api.w.org\/{rel}","templated":true}]}}