{"id":689514,"date":"2024-09-18T14:15:05","date_gmt":"2024-09-18T11:15:05","guid":{"rendered":"https:\/\/nbg.eu\/product\/fiber-optic-front-sight-kmr-675xd1x3-red\/"},"modified":"2026-05-13T16:02:28","modified_gmt":"2026-05-13T13:02:28","slug":"fiber-optic-front-sight-kmr-675xd1x3-red","status":"publish","type":"product","link":"https:\/\/nbg.eu\/hr\/proizvod\/fiber-optic-front-sight-kmr-675xd1x3-red\/","title":{"rendered":"KMR Fiber Opti\u010dki Prednji Ni\u0161an 6.75xD1x3 Crveni"},"content":{"rendered":"<h2>Pobolj\u0161ajte preciznost va\u0161eg oru\u017eja s FIBER OPTIC FRONT SIGHT KMR 6,75xD1x3 RED<\/h2>\n<p>Dizajniran za optimalnu izvedbu, FIBER OPTIC FRONT SIGHT KMR 6,75xD1x3 RED je savr\u0161en dodatak va\u0161em KMR oru\u017eju. Ovaj kvalitetni ni\u0161an ima dizajn s fiber opti\u010dkim vlaknima koji pru\u017ea pobolj\u0161anu vidljivost i lociranje mete, \u010dak i u slabim svjetlosnim uvjetima.<\/p>\n<p>FIBER OPTIC FRONT SIGHT KMR 6,75xD1x3 RED ima kompaktan i profinjeni dizajn, \u0161to omogu\u0107uje jednostavnu ugradnju i neometano uklapanje u va\u0161e oru\u017eje. Njegov crveni fiber opti\u010dki umetak osigurava sna\u017enu, visoko vidljivu sliku ni\u0161ana, \u0161to olak\u0161ava precizno i brzo lociranje mete.<\/p>\n<p>Pobolj\u0161ajte preciznost i performanse va\u0161eg oru\u017eja s FIBER OPTIC FRONT SIGHT KMR 6,75xD1x3 RED. Nadogradite svoj KMR vatreni stroj danas i iskusite razliku koju mo\u017ee napraviti ovaj izvanredni ni\u0161an.<\/p>\n","protected":false},"excerpt":{"rendered":"<p>Opti\u010dko vlakno za prednji ni\u0161an za KMR modele oru\u017eja, 6,75x1x3 crvene boje.<\/p>\n","protected":false},"featured_media":24147,"template":"","meta":{"_acf_changed":false},"product_brand":[11491],"product_cat":[13519],"product_tag":[],"class_list":{"0":"post-689514","1":"product","2":"type-product","3":"status-publish","4":"has-post-thumbnail","6":"product_brand-kmr-precision","7":"product_cat-kmr-dijelovi","9":"first","10":"instock","11":"taxable","12":"shipping-taxable","13":"product-type-simple"},"acf":[],"_links":{"self":[{"href":"https:\/\/nbg.eu\/hr\/wp-json\/wp\/v2\/product\/689514","targetHints":{"allow":["GET"]}}],"collection":[{"href":"https:\/\/nbg.eu\/hr\/wp-json\/wp\/v2\/product"}],"about":[{"href":"https:\/\/nbg.eu\/hr\/wp-json\/wp\/v2\/types\/product"}],"wp:featuredmedia":[{"embeddable":true,"href":"https:\/\/nbg.eu\/hr\/wp-json\/wp\/v2\/media\/24147"}],"wp:attachment":[{"href":"https:\/\/nbg.eu\/hr\/wp-json\/wp\/v2\/media?parent=689514"}],"wp:term":[{"taxonomy":"product_brand","embeddable":true,"href":"https:\/\/nbg.eu\/hr\/wp-json\/wp\/v2\/product_brand?post=689514"},{"taxonomy":"product_cat","embeddable":true,"href":"https:\/\/nbg.eu\/hr\/wp-json\/wp\/v2\/product_cat?post=689514"},{"taxonomy":"product_tag","embeddable":true,"href":"https:\/\/nbg.eu\/hr\/wp-json\/wp\/v2\/product_tag?post=689514"}],"curies":[{"name":"wp","href":"https:\/\/api.w.org\/{rel}","templated":true}]}}