{"id":689709,"date":"2024-08-16T23:19:33","date_gmt":"2024-08-16T20:19:33","guid":{"rendered":"https:\/\/nbg.eu\/product\/firing-pin-plate-kmr\/"},"modified":"2026-05-13T16:03:19","modified_gmt":"2026-05-13T13:03:19","slug":"firing-pin-plate-kmr","status":"publish","type":"product","link":"https:\/\/nbg.eu\/hr\/proizvod\/firing-pin-plate-kmr\/","title":{"rendered":"KMR Plo\u010da Udarnika"},"content":{"rendered":"<h2>Plo\u010da za zadr\u017eavanje ubojnog klina za KMR pi\u0161tolje<\/h2>\n<p>Osigurajte strukturalni integritet i sigurno zaklju\u010davanje ubojnog klina i ekstraktora va\u0161eg KMR pi\u0161tolja na\u0161om precizno obra\u0111enom plo\u010dom za zadr\u017eavanje ubojnog klina. Izra\u0111ena od visoko\u010dvrstog \u010delika i sa geometrijom to\u010dnog prilago\u0111avanja za KMR zatvara\u010de, ova komponenta je izra\u0111ena da izdr\u017ei napore intenzivne upotrebe i nepovoljne uvjete.<\/p>\n<p>Plo\u010da za zadr\u017eavanje ubojnog klina sigurno u\u010dvr\u0161\u0107uje ubojni klin i oprugu, a istovremeno slu\u017ei kao stra\u017enja granica za ekstraktor. Ovaj dizajn osigurava da ubojni klin ostane ispravno pozicioniran za konzistentno paljenje i sprje\u010dava pomicanje unutarnjih komponenata tijekom trzaja. Otporna zavr\u0161na obrada pru\u017ea dodatni sloj za\u0161tite, daju\u0107i vam povjerenje da mo\u017eete gurnuti va\u0161 KMR pi\u0161tolj do njegovih granica.<\/p>\n<p>Bez obzira jeste li strastveni strijelac, entuzijast natjecanja ili jednostavno zahtijevate najvi\u0161u razinu pouzdanosti od va\u0161eg oru\u017eja, plo\u010da za zadr\u017eavanje ubojnog klina je nu\u017eno nadogradnja za va\u0161 KMR pi\u0161tolj. Iskusite mir na koji dolazi od znanja da su va\u0161e unutarnje komponente \u010dvrsto na mjestu, spremne za performanse kada vam budu najpotrebnije.<\/p>\n","protected":false},"excerpt":{"rendered":"<p>Precizno strojno izra\u0111ena plo\u010da za zadr\u017eavanje udarne igle za sigurnu funkciju KMR pi\u0161tolja.<\/p>\n","protected":false},"featured_media":31930,"template":"","meta":{"_acf_changed":false},"product_brand":[11491],"product_cat":[13519,14760],"product_tag":[],"class_list":{"0":"post-689709","1":"product","2":"type-product","3":"status-publish","4":"has-post-thumbnail","6":"product_brand-kmr-precision","7":"product_cat-kmr-dijelovi","8":"product_cat-udarne-igle","10":"first","11":"instock","12":"taxable","13":"shipping-taxable","14":"product-type-simple"},"acf":[],"_links":{"self":[{"href":"https:\/\/nbg.eu\/hr\/wp-json\/wp\/v2\/product\/689709","targetHints":{"allow":["GET"]}}],"collection":[{"href":"https:\/\/nbg.eu\/hr\/wp-json\/wp\/v2\/product"}],"about":[{"href":"https:\/\/nbg.eu\/hr\/wp-json\/wp\/v2\/types\/product"}],"wp:featuredmedia":[{"embeddable":true,"href":"https:\/\/nbg.eu\/hr\/wp-json\/wp\/v2\/media\/31930"}],"wp:attachment":[{"href":"https:\/\/nbg.eu\/hr\/wp-json\/wp\/v2\/media?parent=689709"}],"wp:term":[{"taxonomy":"product_brand","embeddable":true,"href":"https:\/\/nbg.eu\/hr\/wp-json\/wp\/v2\/product_brand?post=689709"},{"taxonomy":"product_cat","embeddable":true,"href":"https:\/\/nbg.eu\/hr\/wp-json\/wp\/v2\/product_cat?post=689709"},{"taxonomy":"product_tag","embeddable":true,"href":"https:\/\/nbg.eu\/hr\/wp-json\/wp\/v2\/product_tag?post=689709"}],"curies":[{"name":"wp","href":"https:\/\/api.w.org\/{rel}","templated":true}]}}