{"id":689724,"date":"2024-08-17T15:11:05","date_gmt":"2024-08-17T12:11:05","guid":{"rendered":"https:\/\/nbg.eu\/product\/firing-pin-3x16-kmr\/"},"modified":"2026-05-13T16:02:51","modified_gmt":"2026-05-13T13:02:51","slug":"firing-pin-3x16-kmr","status":"publish","type":"product","link":"https:\/\/nbg.eu\/hr\/proizvod\/firing-pin-3x16-kmr\/","title":{"rendered":"KMR Zadr\u017eavaju\u0107a Os Udarnika 3&#215;16 S-02"},"content":{"rendered":"<h2>Igla za paljenje 3X16 KMR: Pouzdanost paljenja dizajnirana za natjecateljsko strelja\u0161tvo<\/h2>\n<p>Dizajnirana za zahtjeve natjecateljskog strelja\u0161tva, igla za paljenje 3X16 KMR pru\u017ea nepopustljivu pouzdanost paljenja i otpornost na udarce. Precizno obra\u0111ena na dimenzije 3&#215;16 mm od visokokvalitetnog kaljenog \u010delika, ova igla za paljenje in\u017eenjerski je dizajnirana da izdr\u017ei ponavljaju\u0107i mehani\u010dki stres brzog paljenja bez deformacije ili rezanja vrha.<\/p>\n<p>Ujedna\u010deni, centrirani udari na \u010dahuru sprje\u010davaju blage udare ili za\u0161uktavanja, osiguravaju\u0107i pouzdano paljenje svakog metka. Robusna konstrukcija i precizne tolerancije igle za paljenje 3X16 KMR nu\u017ean su nadogradnja za ozbiljne natjecateljske strijelce koji \u017eele maksimizirati svoje performanse i eliminirati zastoje.<\/p>\n<p>Bez obzira da li se nosite s izazovima 3-gun natjecanja ili pove\u0107avate granice mogu\u0107nosti va\u0161eg KMR pi\u0161tolja, igla za paljenje 3X16 KMR pru\u017ea pouzdano paljenje i dugotrajnu izdr\u017eljivost koju trebate za uspjeh. Nadogradite svoj KMR danas i do\u017eivite razliku koju mo\u017ee napraviti precizno in\u017eenjerstvo.<\/p>\n","protected":false},"excerpt":{"rendered":"<p>Precizna 3x16mm \u010deli\u010dna udarna iglica, konstruirana za pouzdano paljenje i otpornost na udarce u KMR pi\u0161toljima.<\/p>\n","protected":false},"featured_media":23986,"template":"","meta":{"_acf_changed":false},"product_brand":[11491],"product_cat":[13519,14760],"product_tag":[],"class_list":{"0":"post-689724","1":"product","2":"type-product","3":"status-publish","4":"has-post-thumbnail","6":"product_brand-kmr-precision","7":"product_cat-kmr-dijelovi","8":"product_cat-udarne-igle","10":"first","11":"instock","12":"taxable","13":"shipping-taxable","14":"product-type-simple"},"acf":[],"_links":{"self":[{"href":"https:\/\/nbg.eu\/hr\/wp-json\/wp\/v2\/product\/689724","targetHints":{"allow":["GET"]}}],"collection":[{"href":"https:\/\/nbg.eu\/hr\/wp-json\/wp\/v2\/product"}],"about":[{"href":"https:\/\/nbg.eu\/hr\/wp-json\/wp\/v2\/types\/product"}],"wp:featuredmedia":[{"embeddable":true,"href":"https:\/\/nbg.eu\/hr\/wp-json\/wp\/v2\/media\/23986"}],"wp:attachment":[{"href":"https:\/\/nbg.eu\/hr\/wp-json\/wp\/v2\/media?parent=689724"}],"wp:term":[{"taxonomy":"product_brand","embeddable":true,"href":"https:\/\/nbg.eu\/hr\/wp-json\/wp\/v2\/product_brand?post=689724"},{"taxonomy":"product_cat","embeddable":true,"href":"https:\/\/nbg.eu\/hr\/wp-json\/wp\/v2\/product_cat?post=689724"},{"taxonomy":"product_tag","embeddable":true,"href":"https:\/\/nbg.eu\/hr\/wp-json\/wp\/v2\/product_tag?post=689724"}],"curies":[{"name":"wp","href":"https:\/\/api.w.org\/{rel}","templated":true}]}}