{"id":689749,"date":"2024-08-17T18:12:25","date_gmt":"2024-08-17T15:12:25","guid":{"rendered":"https:\/\/nbg.eu\/product\/firing-pin-spring-kmr-s\/"},"modified":"2026-05-13T16:03:36","modified_gmt":"2026-05-13T13:03:36","slug":"firing-pin-spring-kmr-s","status":"publish","type":"product","link":"https:\/\/nbg.eu\/hr\/proizvod\/firing-pin-spring-kmr-s\/","title":{"rendered":"KMR Opruga Udarnika S"},"content":{"rendered":"<h2>Opruga okida\u010da KMR S<\/h2>\n<p>Opruga okida\u010da KMR S je visokokvalitetna zamjenska opruga dizajnirana za niz KMR sustava oru\u017eja<\/p>\n<p>Izra\u0111ena s precizno\u0161\u0107u i pa\u017enjom do detalja, ova opruga okida\u010da osigurava pouzdanu i dosljednu izvedbu u va\u0161em KMR sustavu oru\u017eja. Njezina trajna konstrukcija i visokokvalitetni materijali \u010dine je dugoro\u010dnom opcijom zamjene za odr\u017eavanje optimalne funkcije va\u0161eg vatrenog oru\u017eja.<\/p>\n<p>Bilo da ste profesionalni strijelac ili strastveni entuzijast, ovaj je klin bitan dodatak za odr\u017eavanje va\u0161eg KMR oru\u017eja u najboljem stanju. Nadogradite svoje vatreno oru\u017eje ovom pouzdanom i pouzdanom komponentom i osjetite razliku u izvedbi va\u0161eg pucanja.<\/p>\n<p>Za oru\u017eja KMR:<\/p>\n<p>KMR S-01 LANCE (OR)<\/p>\n<p>KMR S-02 10 (OR) SR ADA<\/p>\n<p>KMR S-02 75 (OR) SR ADA<\/p>\n<p>KMR S-02 OD 2024.<\/p>\n<p>KMR S-02 SH1 (OR) SR ADA<\/p>\n<p>KMR S-02 SH2 (OR) SR ADA<\/p>\n<p>KMR S-02 TS (OR) SR ADA<\/p>\n<p>KMR S-02 DO 2023.<\/p>\n","protected":false},"excerpt":{"rendered":"<p>Opruga okida\u010da KMR S &#8211; za KMR S-01, KMR S-02 i varijante.<\/p>\n","protected":false},"featured_media":24960,"template":"","meta":{"_acf_changed":false},"product_brand":[11491],"product_cat":[13519,14732],"product_tag":[],"class_list":{"0":"post-689749","1":"product","2":"type-product","3":"status-publish","4":"has-post-thumbnail","6":"product_brand-kmr-precision","7":"product_cat-kmr-dijelovi","8":"product_cat-opruge","10":"first","11":"instock","12":"taxable","13":"shipping-taxable","14":"product-type-simple"},"acf":[],"_links":{"self":[{"href":"https:\/\/nbg.eu\/hr\/wp-json\/wp\/v2\/product\/689749","targetHints":{"allow":["GET"]}}],"collection":[{"href":"https:\/\/nbg.eu\/hr\/wp-json\/wp\/v2\/product"}],"about":[{"href":"https:\/\/nbg.eu\/hr\/wp-json\/wp\/v2\/types\/product"}],"wp:featuredmedia":[{"embeddable":true,"href":"https:\/\/nbg.eu\/hr\/wp-json\/wp\/v2\/media\/24960"}],"wp:attachment":[{"href":"https:\/\/nbg.eu\/hr\/wp-json\/wp\/v2\/media?parent=689749"}],"wp:term":[{"taxonomy":"product_brand","embeddable":true,"href":"https:\/\/nbg.eu\/hr\/wp-json\/wp\/v2\/product_brand?post=689749"},{"taxonomy":"product_cat","embeddable":true,"href":"https:\/\/nbg.eu\/hr\/wp-json\/wp\/v2\/product_cat?post=689749"},{"taxonomy":"product_tag","embeddable":true,"href":"https:\/\/nbg.eu\/hr\/wp-json\/wp\/v2\/product_tag?post=689749"}],"curies":[{"name":"wp","href":"https:\/\/api.w.org\/{rel}","templated":true}]}}