{"id":689786,"date":"2024-08-18T11:10:20","date_gmt":"2024-08-18T08:10:20","guid":{"rendered":"https:\/\/nbg.eu\/product\/firing-pin-screw-m4x5-din-913-kmr\/"},"modified":"2026-02-27T11:54:57","modified_gmt":"2026-02-27T08:54:57","slug":"firing-pin-screw-m4x5-din-913-kmr","status":"publish","type":"product","link":"https:\/\/nbg.eu\/hr\/proizvod\/firing-pin-screw-m4x5-din-913-kmr\/","title":{"rendered":"Vijak za opaljiva\u010d M4X5 Din 913 KMR"},"content":{"rendered":"<h2>Vijak za opalja\u010dku kuku M4X5 Din 913 KMR<\/h2>\n<p>Precizno in\u017eenjerski ra\u0111en prema strogim specifikacijama, Vijak za opalja\u010dku kuku M4X5 Din 913 KMR izra\u0111en je od visokokvalitetnih materijala kako bi izdr\u017eao zahtjevnu uporabu. Njegove dimenzije M4 x 5 mm i DIN 913 konfiguracija \u010dine ga idealnim za namijenjene KMR modele oru\u017eja, pru\u017eaju\u0107i sigurnu i pouzdanu to\u010dku spajanja za mehanizam opaljenja.<\/p>\n<p>Bilo da odr\u017eavate, popravljate ili unapre\u0111ujete svoj KMR sustav oru\u017eja, Vijak za opalja\u010dku kuku M4X5 Din 913 KMR je klju\u010dna komponenta koju trebate imati pri ruci. Njegova izdr\u017eljivost i precizno in\u017eenjerski dizajn osiguravaju dosljedne i pouzdane performanse, doprinose\u0107i ukupnoj pouzdanosti i u\u010dinkovitosti va\u0161eg oru\u017eja.<\/p>\n<p>Za oru\u017eje KMR:<\/p>\n<p>KMR S-01 LANCE (OR)<\/p>\n<p>KMR S-02 10 (OR) SR ADA<\/p>\n<p>KMR S-02 75 (OR) SR ADA<\/p>\n<p>KMR S-02 OD 2024.<\/p>\n<p>KMR S-02 SH1 (OR) SR ADA<\/p>\n<p>KMR S-02 SH2 (OR) SR ADA<\/p>\n<p>KMR S-02 TS (OR) SR ADA<\/p>\n<p>KMR S-02 DO 2023.<\/p>\n","protected":false},"excerpt":{"rendered":"<p>Vijak usko\u010dnika M4X5 Din 913 za KMR modele.<\/p>\n","protected":false},"featured_media":25329,"template":"","meta":{"_acf_changed":false},"product_brand":[11491],"product_cat":[13519,14760],"product_tag":[],"class_list":{"0":"post-689786","1":"product","2":"type-product","3":"status-publish","4":"has-post-thumbnail","6":"product_brand-kmr-precision","7":"product_cat-kmr-dijelovi","8":"product_cat-udarne-igle","10":"first","11":"instock","12":"taxable","13":"shipping-taxable","14":"product-type-simple"},"acf":[],"_links":{"self":[{"href":"https:\/\/nbg.eu\/hr\/wp-json\/wp\/v2\/product\/689786","targetHints":{"allow":["GET"]}}],"collection":[{"href":"https:\/\/nbg.eu\/hr\/wp-json\/wp\/v2\/product"}],"about":[{"href":"https:\/\/nbg.eu\/hr\/wp-json\/wp\/v2\/types\/product"}],"wp:featuredmedia":[{"embeddable":true,"href":"https:\/\/nbg.eu\/hr\/wp-json\/wp\/v2\/media\/25329"}],"wp:attachment":[{"href":"https:\/\/nbg.eu\/hr\/wp-json\/wp\/v2\/media?parent=689786"}],"wp:term":[{"taxonomy":"product_brand","embeddable":true,"href":"https:\/\/nbg.eu\/hr\/wp-json\/wp\/v2\/product_brand?post=689786"},{"taxonomy":"product_cat","embeddable":true,"href":"https:\/\/nbg.eu\/hr\/wp-json\/wp\/v2\/product_cat?post=689786"},{"taxonomy":"product_tag","embeddable":true,"href":"https:\/\/nbg.eu\/hr\/wp-json\/wp\/v2\/product_tag?post=689786"}],"curies":[{"name":"wp","href":"https:\/\/api.w.org\/{rel}","templated":true}]}}